{"id":1341,"date":"2025-02-05T09:48:19","date_gmt":"2025-02-05T09:48:19","guid":{"rendered":"https:\/\/www.comehealthgroup.com\/?post_type=product&#038;p=1341"},"modified":"2025-02-05T09:48:20","modified_gmt":"2025-02-05T09:48:20","slug":"private-label-immune-supplements","status":"publish","type":"product","link":"https:\/\/www.comehealthgroup.com\/fr\/product\/private-label-immune-supplements\/","title":{"rendered":"iBesDina Suppl\u00e9ments immunitaires \u00e0 m\u00e2cher de marque priv\u00e9e pour la sant\u00e9 pulmonaire"},"content":{"rendered":"<div class=\"wp-block-columns is-layout-flex wp-container-core-columns-is-layout-9d6595d7 wp-block-columns-is-layout-flex\">\n<div class=\"wp-block-column is-layout-flow wp-block-column-is-layout-flow\">\n<h2 class=\"wp-block-heading\">Caract\u00e9ristiques des suppl\u00e9ments immunitaires sous marque de distributeur<\/h2>\n\n\n\n<ul class=\"wp-block-list\">\n<li><strong>Favorise la sant\u00e9 des poumons :<\/strong> Ces suppl\u00e9ments immunitaires de marque priv\u00e9e soutiennent la sant\u00e9 de vos poumons en r\u00e9duisant le mucus et en dissolvant les mucosit\u00e9s pour faciliter la respiration et le bien-\u00eatre respiratoire.<\/li>\n\n\n\n<li><strong>R\u00e9duit les mucosit\u00e9s et dissout les mucosit\u00e9s :<\/strong> Les ingr\u00e9dients actifs contenus dans les comprim\u00e9s \u00e0 croquer iBesDina wholesale agissent en synergie pour d\u00e9gager le mucus et dissoudre les mucosit\u00e9s, soulageant ainsi la congestion et am\u00e9liorant le confort respiratoire.<\/li>\n\n\n\n<li><strong>Renforce le syst\u00e8me immunitaire : <\/strong>Consomm\u00e9s sur une longue p\u00e9riode, nos suppl\u00e9ments immunitaires sous marque de distributeur renforcent le syst\u00e8me immunitaire, ce qui contribue \u00e0 la sant\u00e9 g\u00e9n\u00e9rale et \u00e0 la capacit\u00e9 de l'organisme \u00e0 r\u00e9sister aux infections.<\/li>\n\n\n\n<li><strong>Am\u00e9liore la sant\u00e9 vasculaire : <\/strong>Gr\u00e2ce \u00e0 des ingr\u00e9dients anti-inflammatoires tels que la querc\u00e9tine et l'hesp\u00e9ridine, ainsi qu'au rutoside qui favorise l'absorption de la vitamine C, les comprim\u00e9s \u00e0 croquer iBesDina wholesale soutiennent la sant\u00e9 pulmonaire et vasculaire.<\/li>\n<\/ul>\n<\/div>\n\n\n\n<div class=\"wp-block-column is-layout-flow wp-block-column-is-layout-flow\">\n<figure class=\"wp-block-image size-full\"><img decoding=\"async\" width=\"800\" height=\"800\" src=\"https:\/\/www.comehealthgroup.com\/wp-content\/uploads\/2025\/01\/DETOXIEYING-LUNG-TABLETS-7.webp\" alt=\"iBesDina Suppl\u00e9ments immunitaires \u00e0 m\u00e2cher de marque priv\u00e9e pour la sant\u00e9 pulmonaire-8\" class=\"wp-image-1349\" srcset=\"https:\/\/www.comehealthgroup.com\/wp-content\/uploads\/2025\/01\/DETOXIEYING-LUNG-TABLETS-7.webp 800w, https:\/\/www.comehealthgroup.com\/wp-content\/uploads\/2025\/01\/DETOXIEYING-LUNG-TABLETS-7-300x300.webp 300w, https:\/\/www.comehealthgroup.com\/wp-content\/uploads\/2025\/01\/DETOXIEYING-LUNG-TABLETS-7-150x150.webp 150w, https:\/\/www.comehealthgroup.com\/wp-content\/uploads\/2025\/01\/DETOXIEYING-LUNG-TABLETS-7-768x768.webp 768w, https:\/\/www.comehealthgroup.com\/wp-content\/uploads\/2025\/01\/DETOXIEYING-LUNG-TABLETS-7-12x12.webp 12w, https:\/\/www.comehealthgroup.com\/wp-content\/uploads\/2025\/01\/DETOXIEYING-LUNG-TABLETS-7-600x600.webp 600w, https:\/\/www.comehealthgroup.com\/wp-content\/uploads\/2025\/01\/DETOXIEYING-LUNG-TABLETS-7-100x100.webp 100w\" sizes=\"(max-width: 800px) 100vw, 800px\" \/><\/figure>\n<\/div>\n<\/div>","protected":false},"excerpt":{"rendered":"<p>Les comprim\u00e9s \u00e0 croquer iBesDina sont con\u00e7us pour soutenir la sant\u00e9 pulmonaire, aider \u00e0 r\u00e9duire le mucus et dissoudre les mucosit\u00e9s. Une utilisation \u00e0 long terme peut \u00e9galement am\u00e9liorer le syst\u00e8me immunitaire, la sant\u00e9 pulmonaire et vasculaire.<\/p>\n<table width=\"410\">\n<tbody>\n<tr>\n<td width=\"144\">Nom de la marque<\/td>\n<td width=\"266\">iBesDina<\/td>\n<\/tr>\n<tr>\n<td>Avantages du produit<\/td>\n<td>*Favorise la sant\u00e9 pulmonaire<br \/>*R\u00e9duit les mucosit\u00e9s et dissout les mucosit\u00e9s<br \/>*Renforce le syst\u00e8me immunitaire<br \/>*Am\u00e9liore la sant\u00e9 vasculaire<\/td>\n<\/tr>\n<tr>\n<td>Forme posologique<\/td>\n<td>Tablette<\/td>\n<\/tr>\n<tr>\n<td>Sp\u00e9cification du produit<\/td>\n<td>60 comprim\u00e9s\/bouteille<\/td>\n<\/tr>\n<tr>\n<td>Emballage<\/td>\n<td>Bouteille avec bo\u00eete ext\u00e9rieure<\/td>\n<\/tr>\n<tr>\n<td>Dur\u00e9e de conservation<\/td>\n<td>24 mois<\/td>\n<\/tr>\n<\/tbody>\n<\/table>","protected":false},"featured_media":1344,"comment_status":"closed","ping_status":"closed","template":"","meta":{"_acf_changed":false},"product_brand":[],"product_cat":[51,52,34,32],"product_tag":[],"class_list":{"0":"post-1341","1":"product","2":"type-product","3":"status-publish","4":"has-post-thumbnail","6":"product_cat-ibesdina-supplements-wholesale","7":"product_cat-private-label-supplement-tablets","8":"product_cat-private-label-health-supplements","9":"product_cat-private-label-immune-supplements","11":"first","12":"instock","13":"shipping-taxable","14":"product-type-simple"},"acf":[],"_links":{"self":[{"href":"https:\/\/www.comehealthgroup.com\/fr\/wp-json\/wp\/v2\/product\/1341","targetHints":{"allow":["GET"]}}],"collection":[{"href":"https:\/\/www.comehealthgroup.com\/fr\/wp-json\/wp\/v2\/product"}],"about":[{"href":"https:\/\/www.comehealthgroup.com\/fr\/wp-json\/wp\/v2\/types\/product"}],"replies":[{"embeddable":true,"href":"https:\/\/www.comehealthgroup.com\/fr\/wp-json\/wp\/v2\/comments?post=1341"}],"wp:featuredmedia":[{"embeddable":true,"href":"https:\/\/www.comehealthgroup.com\/fr\/wp-json\/wp\/v2\/media\/1344"}],"wp:attachment":[{"href":"https:\/\/www.comehealthgroup.com\/fr\/wp-json\/wp\/v2\/media?parent=1341"}],"wp:term":[{"taxonomy":"product_brand","embeddable":true,"href":"https:\/\/www.comehealthgroup.com\/fr\/wp-json\/wp\/v2\/product_brand?post=1341"},{"taxonomy":"product_cat","embeddable":true,"href":"https:\/\/www.comehealthgroup.com\/fr\/wp-json\/wp\/v2\/product_cat?post=1341"},{"taxonomy":"product_tag","embeddable":true,"href":"https:\/\/www.comehealthgroup.com\/fr\/wp-json\/wp\/v2\/product_tag?post=1341"}],"curies":[{"name":"wp","href":"https:\/\/api.w.org\/{rel}","templated":true}]}}