{"id":1412,"date":"2025-01-21T14:39:08","date_gmt":"2025-01-21T14:39:08","guid":{"rendered":"https:\/\/www.comehealthgroup.com\/?post_type=product&#038;p=1412"},"modified":"2025-01-21T14:39:10","modified_gmt":"2025-01-21T14:39:10","slug":"wholesale-nutrition-supplements","status":"publish","type":"product","link":"https:\/\/www.comehealthgroup.com\/fr\/product\/wholesale-nutrition-supplements\/","title":{"rendered":"iBesDina Wholesale Nutrition Supplements For Bone Growth (Suppl\u00e9ments nutritionnels pour la croissance osseuse)"},"content":{"rendered":"<div class=\"wp-block-columns is-layout-flex wp-container-core-columns-is-layout-9d6595d7 wp-block-columns-is-layout-flex\">\n<div class=\"wp-block-column is-layout-flow wp-block-column-is-layout-flow\">\n<h2 class=\"wp-block-heading\">Features of Wholesale Nutrition Supplements<\/h2>\n\n\n\n<ul class=\"wp-block-list\">\n<li><strong>Contains 13 Essential Nutrients:<\/strong> Our wholesale nutrition supplements contains 13 key ingredients, including minerals, vitamins, amino acids, probiotics, and herbs combined into one blend that can address different health aspects in children.<\/li>\n\n\n\n<li><strong>Supports Healthy Growth and Development: <\/strong>Our private label nutritional supplements support the healthy growth and development of your kid; such a unique blend of essential nutrients ensures overall body growth, cognitive development, and immune system development.<\/li>\n\n\n\n<li><strong>Boosts Immune System Health: <\/strong>Our wholesale nutrition supplements, fortified with probiotics and vitamins, will improve immune system health to combat prevalent diseases efficiently in your child.<\/li>\n\n\n\n<li><strong>Promotes Balanced Nutrition: <\/strong>Containing a broad range of nutritional elements, our private label nutritional supplements ensure no child misses appropriate nutrition. Their intake meets the all-important nutritional deficits in diet intake, these will provide value for a lifetime to come to contribute to living healthily.<\/li>\n<\/ul>\n<\/div>\n\n\n\n<div class=\"wp-block-column is-layout-flow wp-block-column-is-layout-flow\">\n<figure class=\"wp-block-image size-full\"><img decoding=\"async\" width=\"800\" height=\"800\" src=\"https:\/\/www.comehealthgroup.com\/wp-content\/uploads\/2025\/01\/BONE-GROWTH-CHEWS-7.webp\" alt=\"iBesDina Wholesale Nutrition Supplements For Bone Growth-2\" class=\"wp-image-1420\" srcset=\"https:\/\/www.comehealthgroup.com\/wp-content\/uploads\/2025\/01\/BONE-GROWTH-CHEWS-7.webp 800w, https:\/\/www.comehealthgroup.com\/wp-content\/uploads\/2025\/01\/BONE-GROWTH-CHEWS-7-300x300.webp 300w, https:\/\/www.comehealthgroup.com\/wp-content\/uploads\/2025\/01\/BONE-GROWTH-CHEWS-7-150x150.webp 150w, https:\/\/www.comehealthgroup.com\/wp-content\/uploads\/2025\/01\/BONE-GROWTH-CHEWS-7-768x768.webp 768w, https:\/\/www.comehealthgroup.com\/wp-content\/uploads\/2025\/01\/BONE-GROWTH-CHEWS-7-12x12.webp 12w, https:\/\/www.comehealthgroup.com\/wp-content\/uploads\/2025\/01\/BONE-GROWTH-CHEWS-7-600x600.webp 600w, https:\/\/www.comehealthgroup.com\/wp-content\/uploads\/2025\/01\/BONE-GROWTH-CHEWS-7-100x100.webp 100w\" sizes=\"(max-width: 800px) 100vw, 800px\" \/><\/figure>\n<\/div>\n<\/div>","protected":false},"excerpt":{"rendered":"<p>Bienvenue \u00e0 l'achat de suppl\u00e9ments nutritionnels en gros. Notre suppl\u00e9ment nutritionnel sous marque de distributeur est sp\u00e9cialement enrichi de 13 min\u00e9raux essentiels, de vitamines, d'acides amin\u00e9s, de probiotiques et d'herbes qui assurent une croissance et un d\u00e9veloppement parfaits pour les enfants.<\/p>\n<table style=\"border-collapse: collapse; width: 308.02pt;\" border=\"0\" width=\"308\" cellspacing=\"0\" cellpadding=\"0\">\n<tbody>\n<tr style=\"height: 15.20pt;\">\n<td class=\"et2\" style=\"height: 15.20pt; width: 101.70pt;\" width=\"101\" height=\"15\">Nom de la marque<\/td>\n<td class=\"et2\" style=\"width: 206.65pt;\" width=\"206\">iBesDina<\/td>\n<\/tr>\n<tr style=\"height: 61.00pt;\">\n<td class=\"et2\" style=\"height: 61.00pt;\" height=\"61\">Avantages du produit<\/td>\n<td class=\"et3\" style=\"width: 206.65pt;\" width=\"206\">*Contient 13 nutriments essentiels<br \/>*Favorise une croissance et un d\u00e9veloppement sains<br \/>*Renforce la sant\u00e9 du syst\u00e8me immunitaire<br \/>*Favorise une alimentation \u00e9quilibr\u00e9e<\/td>\n<\/tr>\n<tr style=\"height: 15.20pt;\">\n<td class=\"et2\" style=\"height: 15.20pt;\" height=\"15\">Forme posologique<\/td>\n<td class=\"et4\">Tablette<\/td>\n<\/tr>\n<tr style=\"height: 15.20pt;\">\n<td class=\"et2\" style=\"height: 15.20pt;\" height=\"15\">Sp\u00e9cification du produit<\/td>\n<td class=\"et4\">60 comprim\u00e9s\/bouteille<\/td>\n<\/tr>\n<tr style=\"height: 15.20pt;\">\n<td class=\"et2\" style=\"height: 15.20pt;\" height=\"15\">Dur\u00e9e de vie en rayon<\/td>\n<td class=\"et2\">24 mois<\/td>\n<\/tr>\n<tr style=\"height: 15.20pt;\">\n<td class=\"et2\" style=\"height: 15.20pt;\" height=\"15\">Paquet<\/td>\n<td class=\"et2\">Bouteille avec bo\u00eete ext\u00e9rieure<\/td>\n<\/tr>\n<tr style=\"height: 15.20pt;\">\n<td class=\"et2\" style=\"height: 15.20pt;\" height=\"15\">Inventaire<\/td>\n<td class=\"et2\">En stock<\/td>\n<\/tr>\n<\/tbody>\n<\/table>","protected":false},"featured_media":1414,"comment_status":"closed","ping_status":"closed","template":"","meta":{"_acf_changed":false},"product_brand":[],"product_cat":[51,52,34,32,49,41],"product_tag":[],"class_list":{"0":"post-1412","1":"product","2":"type-product","3":"status-publish","4":"has-post-thumbnail","6":"product_cat-ibesdina-supplements-wholesale","7":"product_cat-private-label-supplement-tablets","8":"product_cat-private-label-health-supplements","9":"product_cat-private-label-immune-supplements","10":"product_cat-nutritional-supplement-wholesale","11":"product_cat-bulk-vitamins-and-minerals-supplements","13":"first","14":"instock","15":"shipping-taxable","16":"product-type-simple"},"acf":[],"_links":{"self":[{"href":"https:\/\/www.comehealthgroup.com\/fr\/wp-json\/wp\/v2\/product\/1412","targetHints":{"allow":["GET"]}}],"collection":[{"href":"https:\/\/www.comehealthgroup.com\/fr\/wp-json\/wp\/v2\/product"}],"about":[{"href":"https:\/\/www.comehealthgroup.com\/fr\/wp-json\/wp\/v2\/types\/product"}],"replies":[{"embeddable":true,"href":"https:\/\/www.comehealthgroup.com\/fr\/wp-json\/wp\/v2\/comments?post=1412"}],"wp:featuredmedia":[{"embeddable":true,"href":"https:\/\/www.comehealthgroup.com\/fr\/wp-json\/wp\/v2\/media\/1414"}],"wp:attachment":[{"href":"https:\/\/www.comehealthgroup.com\/fr\/wp-json\/wp\/v2\/media?parent=1412"}],"wp:term":[{"taxonomy":"product_brand","embeddable":true,"href":"https:\/\/www.comehealthgroup.com\/fr\/wp-json\/wp\/v2\/product_brand?post=1412"},{"taxonomy":"product_cat","embeddable":true,"href":"https:\/\/www.comehealthgroup.com\/fr\/wp-json\/wp\/v2\/product_cat?post=1412"},{"taxonomy":"product_tag","embeddable":true,"href":"https:\/\/www.comehealthgroup.com\/fr\/wp-json\/wp\/v2\/product_tag?post=1412"}],"curies":[{"name":"wp","href":"https:\/\/api.w.org\/{rel}","templated":true}]}}