{"id":1439,"date":"2025-01-11T10:25:23","date_gmt":"2025-01-11T10:25:23","guid":{"rendered":"https:\/\/www.comehealthgroup.com\/?post_type=product&#038;p=1439"},"modified":"2025-01-11T10:25:24","modified_gmt":"2025-01-11T10:25:24","slug":"bulk-mineral-supplements","status":"publish","type":"product","link":"https:\/\/www.comehealthgroup.com\/fr\/product\/bulk-mineral-supplements\/","title":{"rendered":"iBesDina Suppl\u00e9ments min\u00e9raux en vrac Comprim\u00e9s pour enfants"},"content":{"rendered":"<div class=\"wp-block-columns is-layout-flex wp-container-core-columns-is-layout-9d6595d7 wp-block-columns-is-layout-flex\">\n<div class=\"wp-block-column is-layout-flow wp-block-column-is-layout-flow\">\n<h2 class=\"wp-block-heading\">Features of Bulk Mineral Supplements<\/h2>\n\n\n\n<ul class=\"wp-block-list\">\n<li><strong>Support children&#8217;s healthy growth and development:<\/strong> iBesDina&#8217;s bulk mineral supplements tablets are designed for growing children and contain rich essential minerals to help promote the healthy development of bones, teeth and muscles, fully supporting the needs of the growth stage.<\/li>\n\n\n\n<li><strong>Regulate body functions: <\/strong>The mineral components of our wholesale health supplements help maintain normal metabolism and energy conversion in children&#8217;s bodies, provide sufficient power for daily activities, and support the balance and optimization of overall body functions.<\/li>\n\n\n\n<li><strong>Improve cognitive function: <\/strong>The selected combination of minerals in this bulk mineral supplements tablet helps improve the concentration and learning ability of children, develop the potential of intelligence, and enables them to perform better in school and life.<\/li>\n\n\n\n<li><strong>Enhance immunity and reduce health risks: <\/strong>Our wholesale health supplements contain essential mineral ingredients that may help in enhancing the functioning of the immune system, reducing colds, common health problems, and growing healthier children.<\/li>\n<\/ul>\n<\/div>\n\n\n\n<div class=\"wp-block-column is-layout-flow wp-block-column-is-layout-flow\">\n<figure class=\"wp-block-image size-full\"><img decoding=\"async\" width=\"800\" height=\"800\" src=\"https:\/\/www.comehealthgroup.com\/wp-content\/uploads\/2025\/01\/CHILDRENS-ESSENTIAL-MINERALS-7.webp\" alt=\"iBesDina Suppl\u00e9ments min\u00e9raux en vrac Comprim\u00e9s pour enfants-8\" class=\"wp-image-1447\" srcset=\"https:\/\/www.comehealthgroup.com\/wp-content\/uploads\/2025\/01\/CHILDRENS-ESSENTIAL-MINERALS-7.webp 800w, https:\/\/www.comehealthgroup.com\/wp-content\/uploads\/2025\/01\/CHILDRENS-ESSENTIAL-MINERALS-7-300x300.webp 300w, https:\/\/www.comehealthgroup.com\/wp-content\/uploads\/2025\/01\/CHILDRENS-ESSENTIAL-MINERALS-7-150x150.webp 150w, https:\/\/www.comehealthgroup.com\/wp-content\/uploads\/2025\/01\/CHILDRENS-ESSENTIAL-MINERALS-7-768x768.webp 768w, https:\/\/www.comehealthgroup.com\/wp-content\/uploads\/2025\/01\/CHILDRENS-ESSENTIAL-MINERALS-7-12x12.webp 12w, https:\/\/www.comehealthgroup.com\/wp-content\/uploads\/2025\/01\/CHILDRENS-ESSENTIAL-MINERALS-7-600x600.webp 600w, https:\/\/www.comehealthgroup.com\/wp-content\/uploads\/2025\/01\/CHILDRENS-ESSENTIAL-MINERALS-7-100x100.webp 100w\" sizes=\"(max-width: 800px) 100vw, 800px\" \/><\/figure>\n<\/div>\n<\/div>","protected":false},"excerpt":{"rendered":"<p>Welcome to purchase wholesale health supplements. iBesDina bulk mineral supplements tablet is designed for the all-around needs of growing children, will help your child thrive and grow well by fostering healthy development, regulating body functions, improving cognitive performance, and enhancing immunity.<\/p>\n<table style=\"border-collapse: collapse; width: 308.02pt;\" border=\"0\" width=\"308\" cellspacing=\"0\" cellpadding=\"0\">\n<tbody>\n<tr style=\"height: 15.20pt;\">\n<td class=\"et2\" style=\"height: 15.20pt; width: 101.70pt;\" width=\"101\" height=\"15\">Nom de la marque<\/td>\n<td class=\"et2\" style=\"width: 206.65pt;\" width=\"206\">iBesDina<\/td>\n<\/tr>\n<tr style=\"height: 76.00pt;\">\n<td class=\"et2\" style=\"height: 76.00pt;\" height=\"76\">Avantages du produit<\/td>\n<td class=\"et3\" style=\"width: 206.65pt;\" width=\"206\">*Favorise une croissance et un d\u00e9veloppement sains<br \/>*Regulates Body Functions<br \/>*Am\u00e9liore la fonction cognitive<br \/>*Strengthens Immune System and Reduces Health Risks<\/td>\n<\/tr>\n<tr style=\"height: 15.20pt;\">\n<td class=\"et2\" style=\"height: 15.20pt;\" height=\"15\">Forme posologique<\/td>\n<td class=\"et4\">Tablette<\/td>\n<\/tr>\n<tr style=\"height: 15.20pt;\">\n<td class=\"et2\" style=\"height: 15.20pt;\" height=\"15\">Sp\u00e9cification du produit<\/td>\n<td class=\"et4\">60 comprim\u00e9s\/bouteille<\/td>\n<\/tr>\n<tr style=\"height: 15.20pt;\">\n<td class=\"et2\" style=\"height: 15.20pt;\" height=\"15\">Dur\u00e9e de vie en rayon<\/td>\n<td class=\"et2\">24 mois<\/td>\n<\/tr>\n<tr style=\"height: 15.20pt;\">\n<td class=\"et2\" style=\"height: 15.20pt;\" height=\"15\">Paquet<\/td>\n<td class=\"et4\">Bouteille avec bo\u00eete ext\u00e9rieure<\/td>\n<\/tr>\n<tr style=\"height: 15.20pt;\">\n<td class=\"et2\" style=\"height: 15.20pt;\" height=\"15\">Inventaire<\/td>\n<td class=\"et2\">En stock<\/td>\n<\/tr>\n<\/tbody>\n<\/table>","protected":false},"featured_media":1441,"comment_status":"closed","ping_status":"closed","template":"","meta":{"_acf_changed":false},"product_brand":[],"product_cat":[51,52,34,32,41],"product_tag":[],"class_list":{"0":"post-1439","1":"product","2":"type-product","3":"status-publish","4":"has-post-thumbnail","6":"product_cat-ibesdina-supplements-wholesale","7":"product_cat-private-label-supplement-tablets","8":"product_cat-private-label-health-supplements","9":"product_cat-private-label-immune-supplements","10":"product_cat-bulk-vitamins-and-minerals-supplements","12":"first","13":"instock","14":"shipping-taxable","15":"product-type-simple"},"acf":[],"_links":{"self":[{"href":"https:\/\/www.comehealthgroup.com\/fr\/wp-json\/wp\/v2\/product\/1439","targetHints":{"allow":["GET"]}}],"collection":[{"href":"https:\/\/www.comehealthgroup.com\/fr\/wp-json\/wp\/v2\/product"}],"about":[{"href":"https:\/\/www.comehealthgroup.com\/fr\/wp-json\/wp\/v2\/types\/product"}],"replies":[{"embeddable":true,"href":"https:\/\/www.comehealthgroup.com\/fr\/wp-json\/wp\/v2\/comments?post=1439"}],"wp:featuredmedia":[{"embeddable":true,"href":"https:\/\/www.comehealthgroup.com\/fr\/wp-json\/wp\/v2\/media\/1441"}],"wp:attachment":[{"href":"https:\/\/www.comehealthgroup.com\/fr\/wp-json\/wp\/v2\/media?parent=1439"}],"wp:term":[{"taxonomy":"product_brand","embeddable":true,"href":"https:\/\/www.comehealthgroup.com\/fr\/wp-json\/wp\/v2\/product_brand?post=1439"},{"taxonomy":"product_cat","embeddable":true,"href":"https:\/\/www.comehealthgroup.com\/fr\/wp-json\/wp\/v2\/product_cat?post=1439"},{"taxonomy":"product_tag","embeddable":true,"href":"https:\/\/www.comehealthgroup.com\/fr\/wp-json\/wp\/v2\/product_tag?post=1439"}],"curies":[{"name":"wp","href":"https:\/\/api.w.org\/{rel}","templated":true}]}}