{"id":1456,"date":"2025-01-17T08:17:00","date_gmt":"2025-01-17T08:17:00","guid":{"rendered":"https:\/\/www.comehealthgroup.com\/?post_type=product&#038;p=1456"},"modified":"2025-01-17T08:17:25","modified_gmt":"2025-01-17T08:17:25","slug":"l-lysine-bulk-supplements","status":"publish","type":"product","link":"https:\/\/www.comehealthgroup.com\/fr\/product\/l-lysine-bulk-supplements\/","title":{"rendered":"iBesDina L-Lysine Bulk Supplements, Capsules d'acides amin\u00e9s pour la croissance"},"content":{"rendered":"<div class=\"wp-block-columns is-layout-flex wp-container-core-columns-is-layout-9d6595d7 wp-block-columns-is-layout-flex\">\n<div class=\"wp-block-column is-layout-flow wp-block-column-is-layout-flow\">\n<h2 class=\"wp-block-heading\">Caract\u00e9ristiques de L-Lysine Bulk Supplements<\/h2>\n\n\n\n<ul class=\"wp-block-list\">\n<li><strong>Acides amin\u00e9s essentiels pour les enfants :<\/strong> Les compl\u00e9ments alimentaires en vrac iBesDina L-Lysine sont des acides amin\u00e9s essentiels pour la croissance et le d\u00e9veloppement des enfants, contribuant \u00e0 favoriser une croissance normale et le d\u00e9veloppement des os, et \u00e0 soutenir une croissance saine.<\/li>\n\n\n\n<li><strong>Favorise la sant\u00e9 des os : <\/strong>Il facilite l'absorption du calcium par cette capsule d'acides amin\u00e9s en vrac, ce qui augmente la densit\u00e9 osseuse et maintient des os solides, ce qui est tr\u00e8s utile chez les enfants et les adolescents en pleine croissance.<\/li>\n\n\n\n<li><strong>Am\u00e9liorer la fonction musculaire : <\/strong>La L-lysine \u00e9tant un \u00e9l\u00e9ment essentiel des acides amin\u00e9s, elle a contribu\u00e9 \u00e0 la construction ou \u00e0 la r\u00e9paration des muscles du corps. En am\u00e9liorant le fonctionnement des muscles, les suppl\u00e9ments en vrac iBesDina L-Lysine seraient un grand atout pour les athl\u00e8tes et les gymnastes.<\/li>\n\n\n\n<li><strong>Favoriser la synth\u00e8se des prot\u00e9ines :<\/strong> La L-lysine favorise la synth\u00e8se des prot\u00e9ines, ce qui am\u00e9liore la fonction immunitaire et favorise la r\u00e9paration du corps. Notre capsule d'acides amin\u00e9s en vrac est le meilleur choix pour une suppl\u00e9mentation nutritionnelle quotidienne.<\/li>\n<\/ul>\n<\/div>\n\n\n\n<div class=\"wp-block-column is-layout-flow wp-block-column-is-layout-flow\">\n<figure class=\"wp-block-image size-full\"><img decoding=\"async\" width=\"800\" height=\"800\" src=\"https:\/\/www.comehealthgroup.com\/wp-content\/uploads\/2025\/01\/L-LYSINEGROWTH-CAPSULE-8.webp\" alt=\"iBesDina L-Lysine Bulk Supplements, Capsules d&#039;acides amin\u00e9s pour la croissance-3\" class=\"wp-image-1457\" srcset=\"https:\/\/www.comehealthgroup.com\/wp-content\/uploads\/2025\/01\/L-LYSINEGROWTH-CAPSULE-8.webp 800w, https:\/\/www.comehealthgroup.com\/wp-content\/uploads\/2025\/01\/L-LYSINEGROWTH-CAPSULE-8-300x300.webp 300w, https:\/\/www.comehealthgroup.com\/wp-content\/uploads\/2025\/01\/L-LYSINEGROWTH-CAPSULE-8-150x150.webp 150w, https:\/\/www.comehealthgroup.com\/wp-content\/uploads\/2025\/01\/L-LYSINEGROWTH-CAPSULE-8-768x768.webp 768w, https:\/\/www.comehealthgroup.com\/wp-content\/uploads\/2025\/01\/L-LYSINEGROWTH-CAPSULE-8-12x12.webp 12w, https:\/\/www.comehealthgroup.com\/wp-content\/uploads\/2025\/01\/L-LYSINEGROWTH-CAPSULE-8-600x600.webp 600w, https:\/\/www.comehealthgroup.com\/wp-content\/uploads\/2025\/01\/L-LYSINEGROWTH-CAPSULE-8-100x100.webp 100w\" sizes=\"(max-width: 800px) 100vw, 800px\" \/><\/figure>\n<\/div>\n<\/div>","protected":false},"excerpt":{"rendered":"<p>Les suppl\u00e9ments en vrac iBesDina L-Lysine soutiennent la sant\u00e9 des os, am\u00e9liorent la fonction musculaire et favorisent la synth\u00e8se des prot\u00e9ines. C'est un choix id\u00e9al pour une croissance saine et une suppl\u00e9mentation nutritionnelle quotidienne.<\/p>\n<table style=\"border-collapse: collapse; width: 308.02pt;\" border=\"0\" width=\"308\" cellspacing=\"0\" cellpadding=\"0\">\n<tbody>\n<tr style=\"height: 15.20pt;\">\n<td class=\"et2\" style=\"height: 15.20pt; width: 101.70pt;\" width=\"101\" height=\"15\">Nom de la marque<\/td>\n<td class=\"et2\" style=\"width: 206.65pt;\" width=\"206\">iBesDina<\/td>\n<\/tr>\n<tr style=\"height: 61.00pt;\">\n<td class=\"et2\" style=\"height: 61.00pt;\" height=\"61\">Avantages du produit<\/td>\n<td class=\"et3\" style=\"width: 206.65pt;\" width=\"206\">*Acide amin\u00e9 essentiel pour les enfants<br \/>*Soutient la sant\u00e9 osseuse<br \/>*Am\u00e9liore la fonction musculaire<br \/>*Favorise la synth\u00e8se des prot\u00e9ines<\/td>\n<\/tr>\n<tr style=\"height: 15.20pt;\">\n<td class=\"et2\" style=\"height: 15.20pt;\" height=\"15\">Forme posologique<\/td>\n<td class=\"et4\">Capsule<\/td>\n<\/tr>\n<tr style=\"height: 15.20pt;\">\n<td class=\"et2\" style=\"height: 15.20pt;\" height=\"15\">Sp\u00e9cification du produit<\/td>\n<td class=\"et4\">60 comprim\u00e9s\/bouteille<\/td>\n<\/tr>\n<tr style=\"height: 15.20pt;\">\n<td class=\"et2\" style=\"height: 15.20pt;\" height=\"15\">Dur\u00e9e de vie en rayon<\/td>\n<td class=\"et2\">24 mois<\/td>\n<\/tr>\n<tr style=\"height: 15.20pt;\">\n<td class=\"et2\" style=\"height: 15.20pt;\" height=\"15\">Paquet<\/td>\n<td class=\"et4\">Bouteille avec bo\u00eete ext\u00e9rieure<\/td>\n<\/tr>\n<tr style=\"height: 15.20pt;\">\n<td class=\"et2\" style=\"height: 15.20pt;\" height=\"15\">Inventaire<\/td>\n<td class=\"et2\">En stock<\/td>\n<\/tr>\n<\/tbody>\n<\/table>","protected":false},"featured_media":1458,"comment_status":"closed","ping_status":"closed","template":"","meta":{"_acf_changed":false},"product_brand":[],"product_cat":[51,39,34,49],"product_tag":[],"class_list":{"0":"post-1456","1":"product","2":"type-product","3":"status-publish","4":"has-post-thumbnail","6":"product_cat-ibesdina-supplements-wholesale","7":"product_cat-bulk-supplements-capsules","8":"product_cat-private-label-health-supplements","9":"product_cat-nutritional-supplement-wholesale","11":"first","12":"instock","13":"shipping-taxable","14":"product-type-simple"},"acf":[],"_links":{"self":[{"href":"https:\/\/www.comehealthgroup.com\/fr\/wp-json\/wp\/v2\/product\/1456","targetHints":{"allow":["GET"]}}],"collection":[{"href":"https:\/\/www.comehealthgroup.com\/fr\/wp-json\/wp\/v2\/product"}],"about":[{"href":"https:\/\/www.comehealthgroup.com\/fr\/wp-json\/wp\/v2\/types\/product"}],"replies":[{"embeddable":true,"href":"https:\/\/www.comehealthgroup.com\/fr\/wp-json\/wp\/v2\/comments?post=1456"}],"wp:featuredmedia":[{"embeddable":true,"href":"https:\/\/www.comehealthgroup.com\/fr\/wp-json\/wp\/v2\/media\/1458"}],"wp:attachment":[{"href":"https:\/\/www.comehealthgroup.com\/fr\/wp-json\/wp\/v2\/media?parent=1456"}],"wp:term":[{"taxonomy":"product_brand","embeddable":true,"href":"https:\/\/www.comehealthgroup.com\/fr\/wp-json\/wp\/v2\/product_brand?post=1456"},{"taxonomy":"product_cat","embeddable":true,"href":"https:\/\/www.comehealthgroup.com\/fr\/wp-json\/wp\/v2\/product_cat?post=1456"},{"taxonomy":"product_tag","embeddable":true,"href":"https:\/\/www.comehealthgroup.com\/fr\/wp-json\/wp\/v2\/product_tag?post=1456"}],"curies":[{"name":"wp","href":"https:\/\/api.w.org\/{rel}","templated":true}]}}