{"id":1533,"date":"2025-01-15T09:31:10","date_gmt":"2025-01-15T09:31:10","guid":{"rendered":"https:\/\/www.comehealthgroup.com\/?post_type=product&#038;p=1533"},"modified":"2025-01-15T09:31:21","modified_gmt":"2025-01-15T09:31:21","slug":"health-supplements-private-label","status":"publish","type":"product","link":"https:\/\/www.comehealthgroup.com\/fr\/product\/health-supplements-private-label\/","title":{"rendered":"Suppl\u00e9ments de sant\u00e9 Private Label, iBesDina DHA Comprim\u00e9s pour la sant\u00e9 c\u00e9r\u00e9brale"},"content":{"rendered":"<div class=\"wp-block-columns is-layout-flex wp-container-core-columns-is-layout-9d6595d7 wp-block-columns-is-layout-flex\">\n<div class=\"wp-block-column is-layout-flow wp-block-column-is-layout-flow\">\n<h2 class=\"wp-block-heading\">Caract\u00e9ristiques des suppl\u00e9ments de sant\u00e9 sous label priv\u00e9<\/h2>\n\n\n\n<ul class=\"wp-block-list\">\n<li><strong>Favorise le d\u00e9veloppement c\u00e9r\u00e9bral et cognitif : <\/strong>Les comprim\u00e9s de la marque iBesDina contiennent du DHA, un acide gras om\u00e9ga-3 d\u00e9riv\u00e9 de Schizosaccharomyces pombe, qui est essentiel au fonctionnement du cerveau des enfants, favorisant le d\u00e9veloppement cognitif et am\u00e9liorant la clart\u00e9 mentale.<\/li>\n\n\n\n<li><strong>Favorise la sant\u00e9 et le d\u00e9veloppement des yeux : <\/strong>Nos compl\u00e9ments de sant\u00e9 en vrac DHA contribuent au d\u00e9veloppement sain des yeux, favorisant une vision et une fonction r\u00e9tinienne optimales chez les enfants en pleine croissance.<\/li>\n\n\n\n<li><strong>Favorise le d\u00e9veloppement du syst\u00e8me nerveux central : <\/strong>Ces suppl\u00e9ments de sant\u00e9 en comprim\u00e9s de marque priv\u00e9e soutiennent le d\u00e9veloppement du syst\u00e8me nerveux central, assurant une croissance et un fonctionnement neurologiques sains pendant les \u00e9tapes cl\u00e9s du d\u00e9veloppement de l'enfant.<\/li>\n\n\n\n<li><strong>DHA de haute qualit\u00e9 d'origine naturelle : <\/strong>D\u00e9riv\u00e9s de la source naturelle Schizosaccharomyces pombe, les compl\u00e9ments de sant\u00e9 en vrac iBesDina fournissent un DHA durable et de haute qualit\u00e9 pour la sant\u00e9 globale des enfants.<\/li>\n<\/ul>\n<\/div>\n\n\n\n<div class=\"wp-block-column is-layout-flow wp-block-column-is-layout-flow\">\n<figure class=\"wp-block-image size-full\"><img decoding=\"async\" width=\"800\" height=\"800\" src=\"https:\/\/www.comehealthgroup.com\/wp-content\/uploads\/2025\/01\/BRAIN-FOCUS-SUPERBLEND-8.webp\" alt=\"Suppl\u00e9ments de sant\u00e9 Private Label, iBesDina DHA Comprim\u00e9s pour la sant\u00e9 c\u00e9r\u00e9brale-4\" class=\"wp-image-1534\" srcset=\"https:\/\/www.comehealthgroup.com\/wp-content\/uploads\/2025\/01\/BRAIN-FOCUS-SUPERBLEND-8.webp 800w, https:\/\/www.comehealthgroup.com\/wp-content\/uploads\/2025\/01\/BRAIN-FOCUS-SUPERBLEND-8-300x300.webp 300w, https:\/\/www.comehealthgroup.com\/wp-content\/uploads\/2025\/01\/BRAIN-FOCUS-SUPERBLEND-8-150x150.webp 150w, https:\/\/www.comehealthgroup.com\/wp-content\/uploads\/2025\/01\/BRAIN-FOCUS-SUPERBLEND-8-768x768.webp 768w, https:\/\/www.comehealthgroup.com\/wp-content\/uploads\/2025\/01\/BRAIN-FOCUS-SUPERBLEND-8-12x12.webp 12w, https:\/\/www.comehealthgroup.com\/wp-content\/uploads\/2025\/01\/BRAIN-FOCUS-SUPERBLEND-8-600x600.webp 600w, https:\/\/www.comehealthgroup.com\/wp-content\/uploads\/2025\/01\/BRAIN-FOCUS-SUPERBLEND-8-100x100.webp 100w\" sizes=\"(max-width: 800px) 100vw, 800px\" \/><\/figure>\n<\/div>\n<\/div>","protected":false},"excerpt":{"rendered":"<p>Bienvenue sur le site d'iBesDina pour l'achat de compl\u00e9ments alimentaires en vrac. Nos comprim\u00e9s de marque priv\u00e9e contiennent du DHA, un acide gras om\u00e9ga-3 d\u00e9riv\u00e9 du genre Schizosaccharomyces pombe. Con\u00e7ue pour \u00eatre consomm\u00e9e par voie alimentaire, cette formule avanc\u00e9e favorise le d\u00e9veloppement c\u00e9r\u00e9bral et cognitif des enfants, la sant\u00e9 des yeux et le fonctionnement du syst\u00e8me nerveux central.<\/p>\n<table style=\"border-collapse: collapse; width: 308.02pt;\" border=\"0\" width=\"308\" cellspacing=\"0\" cellpadding=\"0\">\n<tbody>\n<tr style=\"height: 15.20pt;\">\n<td class=\"et2\" style=\"height: 15.20pt; width: 101.70pt;\" width=\"101\" height=\"15\">Nom de la marque<\/td>\n<td class=\"et2\" style=\"width: 206.65pt;\" width=\"206\">iBesDina<\/td>\n<\/tr>\n<tr style=\"height: 61.00pt;\">\n<td class=\"et2\" style=\"height: 61.00pt;\" height=\"61\">Avantages du produit<\/td>\n<td class=\"et3\" style=\"width: 206.65pt;\" width=\"206\">*Favorise le d\u00e9veloppement c\u00e9r\u00e9bral et cognitif<br \/>*Favorise la sant\u00e9 et le d\u00e9veloppement des yeux<br \/>*Aide au d\u00e9veloppement du syst\u00e8me nerveux central<br \/>*DHA de haute qualit\u00e9 de source naturelle<\/td>\n<\/tr>\n<tr style=\"height: 15.20pt;\">\n<td class=\"et2\" style=\"height: 15.20pt;\" height=\"15\">Forme posologique<\/td>\n<td class=\"et4\">Tablette<\/td>\n<\/tr>\n<tr style=\"height: 15.20pt;\">\n<td class=\"et2\" style=\"height: 15.20pt;\" height=\"15\">Sp\u00e9cification du produit<\/td>\n<td class=\"et4\">60 comprim\u00e9s\/bouteille<\/td>\n<\/tr>\n<tr style=\"height: 15.20pt;\">\n<td class=\"et2\" style=\"height: 15.20pt;\" height=\"15\">Dur\u00e9e de vie en rayon<\/td>\n<td class=\"et2\">24 mois<\/td>\n<\/tr>\n<tr style=\"height: 15.20pt;\">\n<td class=\"et2\" style=\"height: 15.20pt;\" height=\"15\">Paquet<\/td>\n<td class=\"et4\">Bouteille avec bo\u00eete ext\u00e9rieure<\/td>\n<\/tr>\n<tr style=\"height: 15.20pt;\">\n<td class=\"et2\" style=\"height: 15.20pt;\" height=\"15\">Inventaire<\/td>\n<td class=\"et2\">En stock<\/td>\n<\/tr>\n<\/tbody>\n<\/table>","protected":false},"featured_media":1535,"comment_status":"closed","ping_status":"closed","template":"","meta":{"_acf_changed":false},"product_brand":[],"product_cat":[51,52,34],"product_tag":[],"class_list":{"0":"post-1533","1":"product","2":"type-product","3":"status-publish","4":"has-post-thumbnail","6":"product_cat-ibesdina-supplements-wholesale","7":"product_cat-private-label-supplement-tablets","8":"product_cat-private-label-health-supplements","10":"first","11":"instock","12":"shipping-taxable","13":"product-type-simple"},"acf":[],"_links":{"self":[{"href":"https:\/\/www.comehealthgroup.com\/fr\/wp-json\/wp\/v2\/product\/1533","targetHints":{"allow":["GET"]}}],"collection":[{"href":"https:\/\/www.comehealthgroup.com\/fr\/wp-json\/wp\/v2\/product"}],"about":[{"href":"https:\/\/www.comehealthgroup.com\/fr\/wp-json\/wp\/v2\/types\/product"}],"replies":[{"embeddable":true,"href":"https:\/\/www.comehealthgroup.com\/fr\/wp-json\/wp\/v2\/comments?post=1533"}],"wp:featuredmedia":[{"embeddable":true,"href":"https:\/\/www.comehealthgroup.com\/fr\/wp-json\/wp\/v2\/media\/1535"}],"wp:attachment":[{"href":"https:\/\/www.comehealthgroup.com\/fr\/wp-json\/wp\/v2\/media?parent=1533"}],"wp:term":[{"taxonomy":"product_brand","embeddable":true,"href":"https:\/\/www.comehealthgroup.com\/fr\/wp-json\/wp\/v2\/product_brand?post=1533"},{"taxonomy":"product_cat","embeddable":true,"href":"https:\/\/www.comehealthgroup.com\/fr\/wp-json\/wp\/v2\/product_cat?post=1533"},{"taxonomy":"product_tag","embeddable":true,"href":"https:\/\/www.comehealthgroup.com\/fr\/wp-json\/wp\/v2\/product_tag?post=1533"}],"curies":[{"name":"wp","href":"https:\/\/api.w.org\/{rel}","templated":true}]}}