{"id":1555,"date":"2025-01-09T03:30:11","date_gmt":"2025-01-09T03:30:11","guid":{"rendered":"https:\/\/www.comehealthgroup.com\/?post_type=product&#038;p=1555"},"modified":"2025-01-09T03:30:12","modified_gmt":"2025-01-09T03:30:12","slug":"bulk-collagen-peptides","status":"publish","type":"product","link":"https:\/\/www.comehealthgroup.com\/fr\/product\/bulk-collagen-peptides\/","title":{"rendered":"iBesDina Bulk Collagen Peptides Powder For Hair Nail Health (poudre de peptides de collag\u00e8ne pour la sant\u00e9 des cheveux et des ongles)"},"content":{"rendered":"<div class=\"wp-block-columns is-layout-flex wp-container-core-columns-is-layout-9d6595d7 wp-block-columns-is-layout-flex\">\n<div class=\"wp-block-column is-layout-flow wp-block-column-is-layout-flow\">\n<h2 class=\"wp-block-heading\">Caract\u00e9ristiques des peptides de collag\u00e8ne en vrac<\/h2>\n\n\n\n<ul class=\"wp-block-list\">\n<li><strong>Favorise l'\u00e9lasticit\u00e9 de la peau :<\/strong> Les poudres de peptides de collag\u00e8ne en vrac iBesDina, riches en peptides de collag\u00e8ne de haute qualit\u00e9, nourrissent la peau en profondeur. Elles aident la peau \u00e0 retrouver son \u00e9lasticit\u00e9, att\u00e9nuent les rides et ridules, am\u00e9liorent la texture g\u00e9n\u00e9rale de la peau et la rendent ferme et lisse pour qu'elle resplendisse d'un \u00e9clat naturel.<\/li>\n\n\n\n<li><strong>Favorise la sant\u00e9 des cheveux et des ongles : <\/strong>Cette poudre de peptides de collag\u00e8ne aide \u00e0 r\u00e9parer et \u00e0 renforcer les cheveux et les ongles en apportant tous les nutriments essentiels n\u00e9cessaires \u00e0 ce processus. Elle aide \u00e0 r\u00e9soudre les probl\u00e8mes de pointes fourchues et d'ongles cassants, tout en aidant \u00e0 d\u00e9velopper des cheveux et des ongles plus robustes et plus brillants.<\/li>\n\n\n\n<li><strong>Renforcer les articulations et les os : <\/strong>Les poudres de peptides de collag\u00e8ne en vrac iBesDina favorisent la reconstruction du cartilage articulaire et la solidit\u00e9 des os, am\u00e9liorent la souplesse des articulations, r\u00e9duisent le stress et l'inconfort caus\u00e9s par le sport et d'autres activit\u00e9s physiques, et apportent un soutien solide aux activit\u00e9s de sant\u00e9 quotidiennes.<\/li>\n\n\n\n<li><strong>Dissolution efficace et absorption facile : <\/strong>Notre poudre de peptides de collag\u00e8ne en gros utilise une formule de haute qualit\u00e9. La poudre de collag\u00e8ne se dissout rapidement dans diverses boissons, a un go\u00fbt l\u00e9ger, est facile \u00e0 absorber et convient \u00e0 l'int\u00e9gration dans le r\u00e9gime alimentaire quotidien pour r\u00e9pondre aux besoins de sant\u00e9 dans de multiples sc\u00e9narios.<\/li>\n<\/ul>\n<\/div>\n\n\n\n<div class=\"wp-block-column is-layout-flow wp-block-column-is-layout-flow\">\n<figure class=\"wp-block-image size-full\"><img decoding=\"async\" width=\"2085\" height=\"2085\" src=\"https:\/\/www.comehealthgroup.com\/wp-content\/uploads\/2025\/01\/image_4.png\" alt=\"iBesDina Poudre de peptides de collag\u00e8ne en vrac pour la sant\u00e9 des cheveux et des ongles-3\" class=\"wp-image-1559\" srcset=\"https:\/\/www.comehealthgroup.com\/wp-content\/uploads\/2025\/01\/image_4.png 2085w, https:\/\/www.comehealthgroup.com\/wp-content\/uploads\/2025\/01\/image_4-300x300.png 300w, https:\/\/www.comehealthgroup.com\/wp-content\/uploads\/2025\/01\/image_4-150x150.png 150w, https:\/\/www.comehealthgroup.com\/wp-content\/uploads\/2025\/01\/image_4-768x768.png 768w, https:\/\/www.comehealthgroup.com\/wp-content\/uploads\/2025\/01\/image_4-12x12.png 12w, https:\/\/www.comehealthgroup.com\/wp-content\/uploads\/2025\/01\/image_4-1200x1200.png 1200w, https:\/\/www.comehealthgroup.com\/wp-content\/uploads\/2025\/01\/image_4-600x600.png 600w, https:\/\/www.comehealthgroup.com\/wp-content\/uploads\/2025\/01\/image_4-100x100.png 100w\" sizes=\"(max-width: 2085px) 100vw, 2085px\" \/><\/figure>\n<\/div>\n<\/div>\n\n\n\n<p><\/p>","protected":false},"excerpt":{"rendered":"<p>Les peptides de collag\u00e8ne en poudre iBesDina am\u00e9liorent l'\u00e9lasticit\u00e9 de la peau, l'\u00e9tat des cheveux et des ongles, la souplesse des articulations et le renforcement des os. Gr\u00e2ce \u00e0 sa bonne solubilit\u00e9, il est facile \u00e0 absorber tous les jours pour une sant\u00e9 g\u00e9n\u00e9rale efficace dans tout le corps.<\/p>\n<table style=\"border-collapse: collapse; width: 308.02pt;\" border=\"0\" width=\"308\" cellspacing=\"0\" cellpadding=\"0\">\n<tbody>\n<tr style=\"height: 15.20pt;\">\n<td class=\"et2\" style=\"height: 15.20pt; width: 101.70pt;\" width=\"101\" height=\"15\">Nom de la marque<\/td>\n<td class=\"et2\" style=\"width: 206.65pt;\" width=\"206\">iBesDina<\/td>\n<\/tr>\n<tr style=\"height: 46.00pt;\">\n<td class=\"et2\" style=\"height: 46.00pt;\" height=\"46\">Avantages du produit<\/td>\n<td class=\"et3\" style=\"width: 206.65pt;\" width=\"206\">*Favorise l'\u00e9lasticit\u00e9 de la peau<br \/>*Stimule la sant\u00e9 des cheveux et des ongles<br \/>*Am\u00e9liore la solidit\u00e9 des articulations et des os<\/td>\n<\/tr>\n<tr style=\"height: 15.20pt;\">\n<td class=\"et2\" style=\"height: 15.20pt;\" height=\"15\">Forme posologique<\/td>\n<td class=\"et4\">Poudre<\/td>\n<\/tr>\n<tr style=\"height: 15.20pt;\">\n<td class=\"et2\" style=\"height: 15.20pt;\" height=\"15\">Sp\u00e9cification du produit<\/td>\n<td class=\"et4\">454g\/sac<\/td>\n<\/tr>\n<tr style=\"height: 15.20pt;\">\n<td class=\"et2\" style=\"height: 15.20pt;\" height=\"15\">Dur\u00e9e de vie en rayon<\/td>\n<td class=\"et2\">24 mois<\/td>\n<\/tr>\n<tr style=\"height: 15.20pt;\">\n<td class=\"et2\" style=\"height: 15.20pt;\" height=\"15\">Paquet<\/td>\n<td>Sac<\/td>\n<\/tr>\n<tr style=\"height: 15.20pt;\">\n<td class=\"et2\" style=\"height: 15.20pt;\" height=\"15\">Inventaire<\/td>\n<td class=\"et2\">En stock<\/td>\n<\/tr>\n<\/tbody>\n<\/table>","protected":false},"featured_media":1556,"comment_status":"closed","ping_status":"closed","template":"","meta":{"_acf_changed":false},"product_brand":[],"product_cat":[51,45,36,34],"product_tag":[],"class_list":{"0":"post-1555","1":"product","2":"type-product","3":"status-publish","4":"has-post-thumbnail","6":"product_cat-ibesdina-supplements-wholesale","7":"product_cat-bulk-powder-supplements","8":"product_cat-private-label-beauty-supplements","9":"product_cat-private-label-health-supplements","11":"first","12":"instock","13":"shipping-taxable","14":"product-type-simple"},"acf":[],"_links":{"self":[{"href":"https:\/\/www.comehealthgroup.com\/fr\/wp-json\/wp\/v2\/product\/1555","targetHints":{"allow":["GET"]}}],"collection":[{"href":"https:\/\/www.comehealthgroup.com\/fr\/wp-json\/wp\/v2\/product"}],"about":[{"href":"https:\/\/www.comehealthgroup.com\/fr\/wp-json\/wp\/v2\/types\/product"}],"replies":[{"embeddable":true,"href":"https:\/\/www.comehealthgroup.com\/fr\/wp-json\/wp\/v2\/comments?post=1555"}],"wp:featuredmedia":[{"embeddable":true,"href":"https:\/\/www.comehealthgroup.com\/fr\/wp-json\/wp\/v2\/media\/1556"}],"wp:attachment":[{"href":"https:\/\/www.comehealthgroup.com\/fr\/wp-json\/wp\/v2\/media?parent=1555"}],"wp:term":[{"taxonomy":"product_brand","embeddable":true,"href":"https:\/\/www.comehealthgroup.com\/fr\/wp-json\/wp\/v2\/product_brand?post=1555"},{"taxonomy":"product_cat","embeddable":true,"href":"https:\/\/www.comehealthgroup.com\/fr\/wp-json\/wp\/v2\/product_cat?post=1555"},{"taxonomy":"product_tag","embeddable":true,"href":"https:\/\/www.comehealthgroup.com\/fr\/wp-json\/wp\/v2\/product_tag?post=1555"}],"curies":[{"name":"wp","href":"https:\/\/api.w.org\/{rel}","templated":true}]}}