{"id":1627,"date":"2025-02-18T08:45:48","date_gmt":"2025-02-18T08:45:48","guid":{"rendered":"https:\/\/www.comehealthgroup.com\/?post_type=product&#038;p=1627"},"modified":"2025-03-17T01:31:47","modified_gmt":"2025-03-17T01:31:47","slug":"bulk-supplements-turkesterone","status":"publish","type":"product","link":"https:\/\/www.comehealthgroup.com\/fr\/product\/bulk-supplements-turkesterone\/","title":{"rendered":"Bulk Supplements Turkesterone, Private Label Sports Capsules"},"content":{"rendered":"<h2 class=\"wp-block-heading\">Caract\u00e9ristiques de Bulk Supplements Turkesterone<\/h2>\n\n\n\n<div class=\"wp-block-columns is-layout-flex wp-container-core-columns-is-layout-9d6595d7 wp-block-columns-is-layout-flex\">\n<div class=\"wp-block-column is-layout-flow wp-block-column-is-layout-flow\">\n<ul class=\"wp-block-list\">\n<li><strong>Favorise le d\u00e9veloppement musculaire : <\/strong>Nos g\u00e9lules de turkesterone en vrac soutiennent le d\u00e9veloppement musculaire et la r\u00e9cup\u00e9ration, permettant aux utilisateurs d'atteindre leurs objectifs de d\u00e9veloppement musculaire en peu de temps pendant l'entra\u00eenement et d'am\u00e9liorer les performances de force.<\/li>\n\n\n\n<li><strong>Am\u00e9liorer la r\u00e9sistance de l'organisme au stress : <\/strong>Nos g\u00e9lules sportives Turkesterone private label contiennent des ingr\u00e9dients adaptog\u00e8nes capables d'aider l'organisme \u00e0 mieux g\u00e9rer le stress, la fatigue et les \u00e9l\u00e9ments environnementaux externes.<\/li>\n\n\n\n<li><strong>Prolongation des performances athl\u00e9tiques : <\/strong>Gr\u00e2ce \u00e0 l'optimisation du m\u00e9tabolisme \u00e9nerg\u00e9tique et \u00e0 la r\u00e9duction de la fatigue, nos g\u00e9lules de turkesterone peuvent prolonger consid\u00e9rablement l'endurance athl\u00e9tique, ce qui permet aux utilisateurs de maintenir des performances optimales lors d'un entra\u00eenement ou d'une comp\u00e9tition de longue dur\u00e9e.<\/li>\n\n\n\n<li><strong>\u00c9quilibrer les hormones : <\/strong>Nos g\u00e9lules sportives Turkesterone de marque d\u00e9pos\u00e9e modulent les niveaux d'hormones, c'est-\u00e0-dire les hormones de croissance musculaire et de r\u00e9cup\u00e9ration telles que la testost\u00e9rone et le cortisol, afin d'optimiser le fonctionnement de l'organisme.<\/li>\n<\/ul>\n<\/div>\n\n\n\n<div class=\"wp-block-column is-layout-flow wp-block-column-is-layout-flow\">\n<figure class=\"wp-block-image size-full\"><img decoding=\"async\" width=\"1667\" height=\"1667\" src=\"https:\/\/www.comehealthgroup.com\/wp-content\/uploads\/2025\/02\/Bulk-Supplements-Turkesterone-Private-Label-Sports-Capsules-1.webp\" alt=\"Bulk Supplements Turkesterone, Private Label Sports Capsules-1\" class=\"wp-image-1683\" srcset=\"https:\/\/www.comehealthgroup.com\/wp-content\/uploads\/2025\/02\/Bulk-Supplements-Turkesterone-Private-Label-Sports-Capsules-1.webp 1667w, https:\/\/www.comehealthgroup.com\/wp-content\/uploads\/2025\/02\/Bulk-Supplements-Turkesterone-Private-Label-Sports-Capsules-1-300x300.webp 300w, https:\/\/www.comehealthgroup.com\/wp-content\/uploads\/2025\/02\/Bulk-Supplements-Turkesterone-Private-Label-Sports-Capsules-1-150x150.webp 150w, https:\/\/www.comehealthgroup.com\/wp-content\/uploads\/2025\/02\/Bulk-Supplements-Turkesterone-Private-Label-Sports-Capsules-1-768x768.webp 768w, https:\/\/www.comehealthgroup.com\/wp-content\/uploads\/2025\/02\/Bulk-Supplements-Turkesterone-Private-Label-Sports-Capsules-1-12x12.webp 12w, https:\/\/www.comehealthgroup.com\/wp-content\/uploads\/2025\/02\/Bulk-Supplements-Turkesterone-Private-Label-Sports-Capsules-1-1200x1200.webp 1200w, https:\/\/www.comehealthgroup.com\/wp-content\/uploads\/2025\/02\/Bulk-Supplements-Turkesterone-Private-Label-Sports-Capsules-1-600x600.webp 600w, https:\/\/www.comehealthgroup.com\/wp-content\/uploads\/2025\/02\/Bulk-Supplements-Turkesterone-Private-Label-Sports-Capsules-1-100x100.webp 100w\" sizes=\"(max-width: 1667px) 100vw, 1667px\" \/><\/figure>\n<\/div>\n<\/div>\n\n\n\n<p><\/p>","protected":false},"excerpt":{"rendered":"<p>Bienvenue \u00e0 l'achat de suppl\u00e9ments en vrac de capsules de turkesterone. Nos g\u00e9lules de Turkesterone pour sportifs sont un suppl\u00e9ment nutritionnel tr\u00e8s puissant pour les athl\u00e8tes et les amateurs de fitness afin d'am\u00e9liorer la croissance musculaire, l'endurance et l'\u00e9quilibre hormonal.<\/p>\n<table style=\"border-collapse: collapse;width: 308.02pt\" border=\"0\" width=\"308\" cellspacing=\"0\" cellpadding=\"0\">\n<tbody>\n<tr style=\"height: 15.20pt\">\n<td class=\"et2\" style=\"height: 15.20pt;width: 101.70pt\" width=\"101\" height=\"15\">Nom de la marque<\/td>\n<td class=\"et2\" style=\"width: 206.65pt\" width=\"206\">Come Health\/ White Label<\/td>\n<\/tr>\n<tr style=\"height: 61.00pt\">\n<td class=\"et2\" style=\"height: 61.00pt\" height=\"61\">Avantages du produit<\/td>\n<td class=\"et3\" style=\"width: 206.65pt\" width=\"206\">*Soutien \u00e0 la croissance musculaire <br \/>*Propri\u00e9t\u00e9s adaptog\u00e8nes <br \/>*Am\u00e9lioration de l'endurance <br \/>*\u00c9quilibre hormonal<\/td>\n<\/tr>\n<tr style=\"height: 15.20pt\">\n<td class=\"et2\" style=\"height: 15.20pt\" height=\"15\">Forme posologique<\/td>\n<td class=\"et2\">Capsule<\/td>\n<\/tr>\n<tr style=\"height: 15.20pt\">\n<td class=\"et2\" style=\"height: 15.20pt\" height=\"15\">Sp\u00e9cification du produit<\/td>\n<td class=\"et2\">60 g\u00e9lules\/bouteille<\/td>\n<\/tr>\n<tr style=\"height: 15.20pt\">\n<td class=\"et2\" style=\"height: 15.20pt\" height=\"15\">Dur\u00e9e de vie en rayon<\/td>\n<td class=\"et2\">24 mois<\/td>\n<\/tr>\n<tr style=\"height: 15.20pt\">\n<td class=\"et2\" style=\"height: 15.20pt\" height=\"15\">Dimensions (cm)<\/td>\n<td class=\"et4\">7X7X12<\/td>\n<\/tr>\n<tr style=\"height: 15.20pt\">\n<td class=\"et2\" style=\"height: 15.20pt\" height=\"15\">Poids net (kg)<\/td>\n<td class=\"et4\">0,08 kg<\/td>\n<\/tr>\n<tr style=\"height: 15.20pt\">\n<td class=\"et2\" style=\"height: 15.20pt\" height=\"15\">Personnalisation<\/td>\n<td class=\"et2\">Graphique, Logo, Paquet<\/td>\n<\/tr>\n<tr style=\"height: 15.20pt\">\n<td class=\"et2\" style=\"height: 15.20pt\" height=\"15\">Inventaire<\/td>\n<td class=\"et2\">En stock<\/td>\n<\/tr>\n<\/tbody>\n<\/table>","protected":false},"featured_media":1686,"comment_status":"closed","ping_status":"closed","template":"","meta":{"_acf_changed":false},"product_brand":[],"product_cat":[39,32,29],"product_tag":[],"class_list":{"0":"post-1627","1":"product","2":"type-product","3":"status-publish","4":"has-post-thumbnail","6":"product_cat-bulk-supplements-capsules","7":"product_cat-private-label-immune-supplements","8":"product_cat-sports-supplements-wholesale","10":"first","11":"instock","12":"shipping-taxable","13":"product-type-simple"},"acf":[],"_links":{"self":[{"href":"https:\/\/www.comehealthgroup.com\/fr\/wp-json\/wp\/v2\/product\/1627","targetHints":{"allow":["GET"]}}],"collection":[{"href":"https:\/\/www.comehealthgroup.com\/fr\/wp-json\/wp\/v2\/product"}],"about":[{"href":"https:\/\/www.comehealthgroup.com\/fr\/wp-json\/wp\/v2\/types\/product"}],"replies":[{"embeddable":true,"href":"https:\/\/www.comehealthgroup.com\/fr\/wp-json\/wp\/v2\/comments?post=1627"}],"wp:featuredmedia":[{"embeddable":true,"href":"https:\/\/www.comehealthgroup.com\/fr\/wp-json\/wp\/v2\/media\/1686"}],"wp:attachment":[{"href":"https:\/\/www.comehealthgroup.com\/fr\/wp-json\/wp\/v2\/media?parent=1627"}],"wp:term":[{"taxonomy":"product_brand","embeddable":true,"href":"https:\/\/www.comehealthgroup.com\/fr\/wp-json\/wp\/v2\/product_brand?post=1627"},{"taxonomy":"product_cat","embeddable":true,"href":"https:\/\/www.comehealthgroup.com\/fr\/wp-json\/wp\/v2\/product_cat?post=1627"},{"taxonomy":"product_tag","embeddable":true,"href":"https:\/\/www.comehealthgroup.com\/fr\/wp-json\/wp\/v2\/product_tag?post=1627"}],"curies":[{"name":"wp","href":"https:\/\/api.w.org\/{rel}","templated":true}]}}