{"id":1632,"date":"2025-02-18T09:02:46","date_gmt":"2025-02-18T09:02:46","guid":{"rendered":"https:\/\/www.comehealthgroup.com\/?post_type=product&#038;p=1632"},"modified":"2025-02-18T09:03:06","modified_gmt":"2025-02-18T09:03:06","slug":"private-label-turkesterone","status":"publish","type":"product","link":"https:\/\/www.comehealthgroup.com\/fr\/product\/private-label-turkesterone\/","title":{"rendered":"Capsule de suppl\u00e9ment de Turkesterone de marque priv\u00e9e pour la perte de graisse"},"content":{"rendered":"<div class=\"wp-block-columns is-layout-flex wp-container-core-columns-is-layout-9d6595d7 wp-block-columns-is-layout-flex\">\n<div class=\"wp-block-column is-layout-flow wp-block-column-is-layout-flow\">\n<h2 class=\"wp-block-heading\">Caract\u00e9ristiques du suppl\u00e9ment de Turkesterone Private Label<\/h2>\n\n\n\n<ul class=\"wp-block-list\">\n<li><strong>Effet anti-inflammatoire, r\u00e9cup\u00e9ration acc\u00e9l\u00e9r\u00e9e de l'organisme : <\/strong>Le Turkesterone poss\u00e8de des propri\u00e9t\u00e9s anti-inflammatoires naturelles. Ce suppl\u00e9ment de Turkesterone de marque priv\u00e9e peut r\u00e9duire efficacement l'inflammation musculaire et les courbatures apr\u00e8s l'exercice.<\/li>\n\n\n\n<li><strong>Favorise la combustion des graisses et contribue \u00e0 la r\u00e9alisation des objectifs de perte de graisse :<\/strong> Cette g\u00e9lule de Turkesterone aide le corps \u00e0 br\u00fbler les graisses plus efficacement en favorisant le m\u00e9tabolisme et en optimisant la consommation d'\u00e9nergie.<\/li>\n\n\n\n<li><strong>Am\u00e9liorer l'utilisation des prot\u00e9ines et favoriser la synth\u00e8se musculaire : <\/strong>Notre suppl\u00e9ment de marque priv\u00e9e Turkesterone peut am\u00e9liorer la synth\u00e8se et l'efficacit\u00e9 de l'utilisation des prot\u00e9ines, aidant les utilisateurs \u00e0 maintenir ou m\u00eame \u00e0 augmenter la masse musculaire pendant la perte de graisse.<\/li>\n\n\n\n<li><strong>Am\u00e9liorer les fonctions cognitives et la concentration : <\/strong>En plus de ses bienfaits physiques, cette g\u00e9lule de Turkesterone en gros peut \u00e9galement soutenir la sant\u00e9 du cerveau, am\u00e9liorer les fonctions cognitives et la concentration.<\/li>\n<\/ul>\n<\/div>\n\n\n\n<div class=\"wp-block-column is-layout-flow wp-block-column-is-layout-flow\">\n<figure class=\"wp-block-image size-full\"><img decoding=\"async\" width=\"1500\" height=\"1500\" src=\"https:\/\/www.comehealthgroup.com\/wp-content\/uploads\/2025\/02\/Private-Label-Turkesterone-Supplement-Capsule-for-Fat-Loss-2.webp\" alt=\"Capsule de suppl\u00e9ment de Turkesterone pour la perte de graisse-2\" class=\"wp-image-1694\" srcset=\"https:\/\/www.comehealthgroup.com\/wp-content\/uploads\/2025\/02\/Private-Label-Turkesterone-Supplement-Capsule-for-Fat-Loss-2.webp 1500w, https:\/\/www.comehealthgroup.com\/wp-content\/uploads\/2025\/02\/Private-Label-Turkesterone-Supplement-Capsule-for-Fat-Loss-2-300x300.webp 300w, https:\/\/www.comehealthgroup.com\/wp-content\/uploads\/2025\/02\/Private-Label-Turkesterone-Supplement-Capsule-for-Fat-Loss-2-150x150.webp 150w, https:\/\/www.comehealthgroup.com\/wp-content\/uploads\/2025\/02\/Private-Label-Turkesterone-Supplement-Capsule-for-Fat-Loss-2-768x768.webp 768w, https:\/\/www.comehealthgroup.com\/wp-content\/uploads\/2025\/02\/Private-Label-Turkesterone-Supplement-Capsule-for-Fat-Loss-2-12x12.webp 12w, https:\/\/www.comehealthgroup.com\/wp-content\/uploads\/2025\/02\/Private-Label-Turkesterone-Supplement-Capsule-for-Fat-Loss-2-1200x1200.webp 1200w, https:\/\/www.comehealthgroup.com\/wp-content\/uploads\/2025\/02\/Private-Label-Turkesterone-Supplement-Capsule-for-Fat-Loss-2-600x600.webp 600w, https:\/\/www.comehealthgroup.com\/wp-content\/uploads\/2025\/02\/Private-Label-Turkesterone-Supplement-Capsule-for-Fat-Loss-2-100x100.webp 100w\" sizes=\"(max-width: 1500px) 100vw, 1500px\" \/><\/figure>\n<\/div>\n<\/div>","protected":false},"excerpt":{"rendered":"<p>Bienvenue dans la personnalisation de la marque priv\u00e9e Turkesterone. Notre g\u00e9lule de Turkesterone en gros est un suppl\u00e9ment nutritionnel tr\u00e8s efficace con\u00e7u pour les amateurs de fitness et les personnes qui veulent perdre du poids. Nous prenons en charge la personnalisation de la marque priv\u00e9e.<\/p>\n<table style=\"border-collapse: collapse; width: 308.02pt;\" border=\"0\" width=\"308\" cellspacing=\"0\" cellpadding=\"0\">\n<tbody>\n<tr style=\"height: 15.20pt;\">\n<td class=\"et2\" style=\"height: 15.20pt; width: 101.70pt;\" width=\"101\" height=\"15\">Nom de la marque<\/td>\n<td class=\"et2\" style=\"width: 206.65pt;\" width=\"206\">Come Health\/ White Label<\/td>\n<\/tr>\n<tr style=\"height: 61.00pt;\">\n<td class=\"et2\" style=\"height: 61.00pt;\" height=\"61\">Avantages du produit<\/td>\n<td class=\"et3\" style=\"width: 206.65pt;\" width=\"206\">*Effets anti-inflammatoires <br \/>*Favorise la perte de graisse <br \/>*Am\u00e9lioration de l'utilisation des prot\u00e9ines <br \/>*Avantages cognitifs<\/td>\n<\/tr>\n<tr style=\"height: 15.20pt;\">\n<td class=\"et2\" style=\"height: 15.20pt;\" height=\"15\">Forme posologique<\/td>\n<td class=\"et2\">Capsule<\/td>\n<\/tr>\n<tr style=\"height: 15.20pt;\">\n<td class=\"et2\" style=\"height: 15.20pt;\" height=\"15\">Sp\u00e9cification du produit<\/td>\n<td class=\"et2\">90 g\u00e9lules\/bouteille<\/td>\n<\/tr>\n<tr style=\"height: 15.20pt;\">\n<td class=\"et2\" style=\"height: 15.20pt;\" height=\"15\">Dur\u00e9e de vie en rayon<\/td>\n<td class=\"et2\">24 mois<\/td>\n<\/tr>\n<tr style=\"height: 15.20pt;\">\n<td class=\"et2\" style=\"height: 15.20pt;\" height=\"15\">Dimensions (cm)<\/td>\n<td class=\"et4\">7X7X12<\/td>\n<\/tr>\n<tr style=\"height: 15.20pt;\">\n<td class=\"et2\" style=\"height: 15.20pt;\" height=\"15\">Poids net (kg)<\/td>\n<td class=\"et4\">0,08 kg<\/td>\n<\/tr>\n<tr style=\"height: 15.20pt;\">\n<td class=\"et2\" style=\"height: 15.20pt;\" height=\"15\">Personnalisation<\/td>\n<td class=\"et2\">Graphique, Logo, Paquet<\/td>\n<\/tr>\n<tr style=\"height: 15.20pt;\">\n<td class=\"et2\" style=\"height: 15.20pt;\" height=\"15\">Inventaire<\/td>\n<td class=\"et2\">En stock<\/td>\n<\/tr>\n<\/tbody>\n<\/table>","protected":false},"featured_media":1697,"comment_status":"closed","ping_status":"closed","template":"","meta":{"_acf_changed":false},"product_brand":[],"product_cat":[39,29],"product_tag":[],"class_list":{"0":"post-1632","1":"product","2":"type-product","3":"status-publish","4":"has-post-thumbnail","6":"product_cat-bulk-supplements-capsules","7":"product_cat-sports-supplements-wholesale","9":"first","10":"instock","11":"shipping-taxable","12":"product-type-simple"},"acf":[],"_links":{"self":[{"href":"https:\/\/www.comehealthgroup.com\/fr\/wp-json\/wp\/v2\/product\/1632","targetHints":{"allow":["GET"]}}],"collection":[{"href":"https:\/\/www.comehealthgroup.com\/fr\/wp-json\/wp\/v2\/product"}],"about":[{"href":"https:\/\/www.comehealthgroup.com\/fr\/wp-json\/wp\/v2\/types\/product"}],"replies":[{"embeddable":true,"href":"https:\/\/www.comehealthgroup.com\/fr\/wp-json\/wp\/v2\/comments?post=1632"}],"wp:featuredmedia":[{"embeddable":true,"href":"https:\/\/www.comehealthgroup.com\/fr\/wp-json\/wp\/v2\/media\/1697"}],"wp:attachment":[{"href":"https:\/\/www.comehealthgroup.com\/fr\/wp-json\/wp\/v2\/media?parent=1632"}],"wp:term":[{"taxonomy":"product_brand","embeddable":true,"href":"https:\/\/www.comehealthgroup.com\/fr\/wp-json\/wp\/v2\/product_brand?post=1632"},{"taxonomy":"product_cat","embeddable":true,"href":"https:\/\/www.comehealthgroup.com\/fr\/wp-json\/wp\/v2\/product_cat?post=1632"},{"taxonomy":"product_tag","embeddable":true,"href":"https:\/\/www.comehealthgroup.com\/fr\/wp-json\/wp\/v2\/product_tag?post=1632"}],"curies":[{"name":"wp","href":"https:\/\/api.w.org\/{rel}","templated":true}]}}