{"id":1637,"date":"2025-02-18T09:31:23","date_gmt":"2025-02-18T09:31:23","guid":{"rendered":"https:\/\/www.comehealthgroup.com\/?post_type=product&#038;p=1637"},"modified":"2025-02-18T09:31:24","modified_gmt":"2025-02-18T09:31:24","slug":"nmn-supplement-bulk","status":"publish","type":"product","link":"https:\/\/www.comehealthgroup.com\/fr\/product\/nmn-supplement-bulk\/","title":{"rendered":"Suppl\u00e9ment NMN anti-\u00e2ge en vrac, Capsule NMN de marque priv\u00e9e"},"content":{"rendered":"<h2 class=\"wp-block-heading\">Caract\u00e9ristiques du suppl\u00e9ment NMN en vrac<\/h2>\n\n\n\n<div class=\"wp-block-columns is-layout-flex wp-container-core-columns-is-layout-9d6595d7 wp-block-columns-is-layout-flex\">\n<div class=\"wp-block-column is-layout-flow wp-block-column-is-layout-flow\">\n<ul class=\"wp-block-list\">\n<li><strong>Stimule la production d'\u00e9nergie cellulaire : <\/strong>Ce suppl\u00e9ment de NMN am\u00e9liore la production d'\u00e9nergie cellulaire en augmentant les niveaux de NAD+ dans les cellules. Le NAD+ est une mol\u00e9cule essentielle du m\u00e9tabolisme \u00e9nerg\u00e9tique cellulaire et am\u00e9liorerait les niveaux d'\u00e9nergie trouv\u00e9s dans le corps.<\/li>\n\n\n\n<li><strong>Effet anti-\u00e2ge :<\/strong> Avec l'\u00e2ge, le niveau de NAD+ dans le corps diminue, ce qui affecte la r\u00e9paration et la r\u00e9g\u00e9n\u00e9ration des cellules. Notre g\u00e9lule de NMN sous marque de distributeur peut avoir un impact consid\u00e9rable sur le niveau de NAD+, ralentir le processus de vieillissement, restaurer l'\u00e9clat de la peau et maintenir la force de la jeunesse.<\/li>\n\n\n\n<li><strong>Am\u00e9liore le m\u00e9tabolisme :<\/strong> Notre suppl\u00e9ment de NMN en vrac aide \u00e0 faciliter l'am\u00e9lioration de la fonction m\u00e9tabolique, du m\u00e9tabolisme des graisses et de la d\u00e9pense \u00e9nerg\u00e9tique. Il peut aider les individus \u00e0 mieux g\u00e9rer leur poids, \u00e0 am\u00e9liorer leur endurance et leur r\u00e9sistance pour les activit\u00e9s quotidiennes, et \u00e0 maintenir le m\u00e9tabolisme en bonne sant\u00e9.<\/li>\n\n\n\n<li><strong>Favorise la fonction cognitive : <\/strong>Notre g\u00e9lule de NMN de marque d\u00e9pos\u00e9e ne se contente pas d'am\u00e9liorer l'\u00e9nergie physique, mais soutient \u00e9galement la sant\u00e9 c\u00e9r\u00e9brale. En augmentant le taux de NAD+, elle am\u00e9liore le flux sanguin c\u00e9r\u00e9bral, la m\u00e9moire, la concentration et les fonctions cognitives, et pr\u00e9serve la sant\u00e9 du cerveau.<\/li>\n<\/ul>\n<\/div>\n\n\n\n<div class=\"wp-block-column is-layout-flow wp-block-column-is-layout-flow\">\n<figure class=\"wp-block-image size-full\"><img decoding=\"async\" width=\"1500\" height=\"1500\" src=\"https:\/\/www.comehealthgroup.com\/wp-content\/uploads\/2025\/02\/Anti-Aging-NMN-Supplement-Bulk-Private-Label-NMN-Capsule-1.webp\" alt=\"Suppl\u00e9ment NMN anti-\u00e2ge en vrac, Label priv\u00e9 NMN Capsule-1\" class=\"wp-image-1702\" srcset=\"https:\/\/www.comehealthgroup.com\/wp-content\/uploads\/2025\/02\/Anti-Aging-NMN-Supplement-Bulk-Private-Label-NMN-Capsule-1.webp 1500w, https:\/\/www.comehealthgroup.com\/wp-content\/uploads\/2025\/02\/Anti-Aging-NMN-Supplement-Bulk-Private-Label-NMN-Capsule-1-300x300.webp 300w, https:\/\/www.comehealthgroup.com\/wp-content\/uploads\/2025\/02\/Anti-Aging-NMN-Supplement-Bulk-Private-Label-NMN-Capsule-1-150x150.webp 150w, https:\/\/www.comehealthgroup.com\/wp-content\/uploads\/2025\/02\/Anti-Aging-NMN-Supplement-Bulk-Private-Label-NMN-Capsule-1-768x768.webp 768w, https:\/\/www.comehealthgroup.com\/wp-content\/uploads\/2025\/02\/Anti-Aging-NMN-Supplement-Bulk-Private-Label-NMN-Capsule-1-12x12.webp 12w, https:\/\/www.comehealthgroup.com\/wp-content\/uploads\/2025\/02\/Anti-Aging-NMN-Supplement-Bulk-Private-Label-NMN-Capsule-1-1200x1200.webp 1200w, https:\/\/www.comehealthgroup.com\/wp-content\/uploads\/2025\/02\/Anti-Aging-NMN-Supplement-Bulk-Private-Label-NMN-Capsule-1-600x600.webp 600w, https:\/\/www.comehealthgroup.com\/wp-content\/uploads\/2025\/02\/Anti-Aging-NMN-Supplement-Bulk-Private-Label-NMN-Capsule-1-100x100.webp 100w\" sizes=\"(max-width: 1500px) 100vw, 1500px\" \/><\/figure>\n<\/div>\n<\/div>\n\n\n\n<p><\/p>","protected":false},"excerpt":{"rendered":"<p>Bienvenue pour l'achat en gros de compl\u00e9ments alimentaires de NMN. Nos g\u00e9lules de NMN sous marque de distributeur sont produites \u00e0 partir de mati\u00e8res premi\u00e8res de NMN de haute qualit\u00e9 pour am\u00e9liorer l'\u00e9nergie cellulaire, retarder le vieillissement, acc\u00e9l\u00e9rer le m\u00e9tabolisme et garantir des cerveaux sains.<\/p>\n<table style=\"border-collapse: collapse; width: 308.02pt;\" border=\"0\" width=\"308\" cellspacing=\"0\" cellpadding=\"0\">\n<tbody>\n<tr style=\"height: 15.20pt;\">\n<td class=\"et2\" style=\"height: 15.20pt; width: 101.70pt;\" width=\"101\" height=\"15\">Nom de la marque<\/td>\n<td class=\"et2\" style=\"width: 206.65pt;\" width=\"206\">Come Health\/ White Label<\/td>\n<\/tr>\n<tr style=\"height: 61.00pt;\">\n<td class=\"et2\" style=\"height: 61.00pt;\" height=\"61\">Avantages du produit<\/td>\n<td class=\"et3\" style=\"width: 206.65pt;\" width=\"206\">*Favorise la production d'\u00e9nergie cellulaire <br \/>*Effets anti-\u00e2ge <br \/>*Am\u00e9liore le m\u00e9tabolisme <br \/>*Soutien aux fonctions cognitives<\/td>\n<\/tr>\n<tr style=\"height: 15.20pt;\">\n<td class=\"et2\" style=\"height: 15.20pt;\" height=\"15\">Forme posologique<\/td>\n<td class=\"et2\">Capsule<\/td>\n<\/tr>\n<tr style=\"height: 15.20pt;\">\n<td class=\"et2\" style=\"height: 15.20pt;\" height=\"15\">Sp\u00e9cification du produit<\/td>\n<td class=\"et2\">90 g\u00e9lules\/bouteille<\/td>\n<\/tr>\n<tr style=\"height: 15.20pt;\">\n<td class=\"et2\" style=\"height: 15.20pt;\" height=\"15\">Dur\u00e9e de vie en rayon<\/td>\n<td class=\"et2\">24 mois<\/td>\n<\/tr>\n<tr style=\"height: 15.20pt;\">\n<td class=\"et2\" style=\"height: 15.20pt;\" height=\"15\">Dimensions (cm)<\/td>\n<td class=\"et4\">7X7X12<\/td>\n<\/tr>\n<tr style=\"height: 15.20pt;\">\n<td class=\"et2\" style=\"height: 15.20pt;\" height=\"15\">Poids net (kg)<\/td>\n<td class=\"et4\">0,08 kg<\/td>\n<\/tr>\n<tr style=\"height: 15.20pt;\">\n<td class=\"et2\" style=\"height: 15.20pt;\" height=\"15\">Personnalisation<\/td>\n<td class=\"et2\">Graphique, Logo, Paquet<\/td>\n<\/tr>\n<tr style=\"height: 15.20pt;\">\n<td class=\"et2\" style=\"height: 15.20pt;\" height=\"15\">Inventaire<\/td>\n<td class=\"et2\">En stock<\/td>\n<\/tr>\n<\/tbody>\n<\/table>","protected":false},"featured_media":1705,"comment_status":"closed","ping_status":"closed","template":"","meta":{"_acf_changed":false},"product_brand":[],"product_cat":[39,36,34,49],"product_tag":[],"class_list":{"0":"post-1637","1":"product","2":"type-product","3":"status-publish","4":"has-post-thumbnail","6":"product_cat-bulk-supplements-capsules","7":"product_cat-private-label-beauty-supplements","8":"product_cat-private-label-health-supplements","9":"product_cat-nutritional-supplement-wholesale","11":"first","12":"instock","13":"shipping-taxable","14":"product-type-simple"},"acf":[],"_links":{"self":[{"href":"https:\/\/www.comehealthgroup.com\/fr\/wp-json\/wp\/v2\/product\/1637","targetHints":{"allow":["GET"]}}],"collection":[{"href":"https:\/\/www.comehealthgroup.com\/fr\/wp-json\/wp\/v2\/product"}],"about":[{"href":"https:\/\/www.comehealthgroup.com\/fr\/wp-json\/wp\/v2\/types\/product"}],"replies":[{"embeddable":true,"href":"https:\/\/www.comehealthgroup.com\/fr\/wp-json\/wp\/v2\/comments?post=1637"}],"wp:featuredmedia":[{"embeddable":true,"href":"https:\/\/www.comehealthgroup.com\/fr\/wp-json\/wp\/v2\/media\/1705"}],"wp:attachment":[{"href":"https:\/\/www.comehealthgroup.com\/fr\/wp-json\/wp\/v2\/media?parent=1637"}],"wp:term":[{"taxonomy":"product_brand","embeddable":true,"href":"https:\/\/www.comehealthgroup.com\/fr\/wp-json\/wp\/v2\/product_brand?post=1637"},{"taxonomy":"product_cat","embeddable":true,"href":"https:\/\/www.comehealthgroup.com\/fr\/wp-json\/wp\/v2\/product_cat?post=1637"},{"taxonomy":"product_tag","embeddable":true,"href":"https:\/\/www.comehealthgroup.com\/fr\/wp-json\/wp\/v2\/product_tag?post=1637"}],"curies":[{"name":"wp","href":"https:\/\/api.w.org\/{rel}","templated":true}]}}