{"id":1660,"date":"2025-02-26T06:56:14","date_gmt":"2025-02-26T06:56:14","guid":{"rendered":"https:\/\/www.comehealthgroup.com\/?post_type=product&#038;p=1660"},"modified":"2025-02-26T06:56:15","modified_gmt":"2025-02-26T06:56:15","slug":"white-label-weight-loss-supplements","status":"publish","type":"product","link":"https:\/\/www.comehealthgroup.com\/fr\/product\/white-label-weight-loss-supplements\/","title":{"rendered":"White Label Weight Loss Supplements, Bulk Fat Burner Capsules (g\u00e9lules br\u00fbleuses de graisse)"},"content":{"rendered":"<h2 class=\"wp-block-heading\">Features of White Label Weight Loss Supplements<\/h2>\n\n\n\n<div class=\"wp-block-columns is-layout-flex wp-container-core-columns-is-layout-9d6595d7 wp-block-columns-is-layout-flex\">\n<div class=\"wp-block-column is-layout-flow wp-block-column-is-layout-flow\">\n<ul class=\"wp-block-list\">\n<li><strong>Efficient fat burning and accelerated fat decomposition: <\/strong>Our white label weight loss pills are made with a blend of natural ingredients to deliver efficient fat burning, hunger suppression, metabolism enhancement and energy enhancement. All weight loss capsules are strictly quality controlled for efficacy and safety.<\/li>\n\n\n\n<li><strong>Suppress appetite and reduce calorie intake:<\/strong> This natural bulk fat burner capsule ingredient possesses the quality to suppress appetite effectively and restrict unwanted consumption of food, which makes it easy for people to stick to their diet and achieve healthy weight gain.<\/li>\n\n\n\n<li><strong>Boost metabolism and promote energy consumption: <\/strong>Our white label weight loss supplements assist the body in burning calories more efficiently by increasing metabolic rate, and can burn fat even when at rest.<\/li>\n\n\n\n<li><strong>Enhance energy levels and stay energetic: <\/strong>Our bulk fat burner capsules have energy-boosting ingredients to help people stay energetic during weight loss, avoid exhaustion, and easily carry out daily activities.<\/li>\n<\/ul>\n<\/div>\n\n\n\n<div class=\"wp-block-column is-layout-flow wp-block-column-is-layout-flow\">\n<figure class=\"wp-block-image size-full\"><img decoding=\"async\" width=\"1500\" height=\"1500\" src=\"https:\/\/www.comehealthgroup.com\/wp-content\/uploads\/2025\/02\/Weight-Lose-Capsules_04.webp\" alt=\"White Label Weight Loss Supplements, Bulk Fat Burner Capsules-2\" class=\"wp-image-1668\" srcset=\"https:\/\/www.comehealthgroup.com\/wp-content\/uploads\/2025\/02\/Weight-Lose-Capsules_04.webp 1500w, https:\/\/www.comehealthgroup.com\/wp-content\/uploads\/2025\/02\/Weight-Lose-Capsules_04-300x300.webp 300w, https:\/\/www.comehealthgroup.com\/wp-content\/uploads\/2025\/02\/Weight-Lose-Capsules_04-150x150.webp 150w, https:\/\/www.comehealthgroup.com\/wp-content\/uploads\/2025\/02\/Weight-Lose-Capsules_04-768x768.webp 768w, https:\/\/www.comehealthgroup.com\/wp-content\/uploads\/2025\/02\/Weight-Lose-Capsules_04-12x12.webp 12w, https:\/\/www.comehealthgroup.com\/wp-content\/uploads\/2025\/02\/Weight-Lose-Capsules_04-1200x1200.webp 1200w, https:\/\/www.comehealthgroup.com\/wp-content\/uploads\/2025\/02\/Weight-Lose-Capsules_04-600x600.webp 600w, https:\/\/www.comehealthgroup.com\/wp-content\/uploads\/2025\/02\/Weight-Lose-Capsules_04-100x100.webp 100w\" sizes=\"(max-width: 1500px) 100vw, 1500px\" \/><\/figure>\n<\/div>\n<\/div>","protected":false},"excerpt":{"rendered":"<p>Bienvenue pour acheter des g\u00e9lules de br\u00fbleur de graisse en vrac. Nos suppl\u00e9ments de perte de poids en marque blanche pour les femmes combinent une vari\u00e9t\u00e9 d'ingr\u00e9dients naturels pour une combustion efficace des graisses, une suppression de l'app\u00e9tit, une am\u00e9lioration du m\u00e9tabolisme et une augmentation de l'\u00e9nergie. Chaque g\u00e9lule br\u00fble-graisse fait l'objet d'un contr\u00f4le de qualit\u00e9 strict pour garantir son efficacit\u00e9 et sa s\u00e9curit\u00e9.<\/p>\n<table style=\"border-collapse: collapse; width: 308.02pt;\" border=\"0\" width=\"308\" cellspacing=\"0\" cellpadding=\"0\">\n<tbody>\n<tr style=\"height: 15.20pt;\">\n<td class=\"et2\" style=\"height: 15.20pt; width: 101.70pt;\" width=\"101\" height=\"15\">Nom de la marque<\/td>\n<td class=\"et2\" style=\"width: 206.65pt;\" width=\"206\">Come Health\/ White Label<\/td>\n<\/tr>\n<tr style=\"height: 61.00pt;\">\n<td class=\"et2\" style=\"height: 61.00pt;\" height=\"61\">Avantages du produit<\/td>\n<td class=\"et3\" style=\"width: 206.65pt;\" width=\"206\">*Br\u00fblage des graisses <br \/>*Suppression de l'app\u00e9tit <br \/>*Am\u00e9lioration du m\u00e9tabolisme <br \/>*Niveaux d'\u00e9nergie am\u00e9lior\u00e9s<\/td>\n<\/tr>\n<tr style=\"height: 15.20pt;\">\n<td class=\"et2\" style=\"height: 15.20pt;\" height=\"15\">Forme posologique<\/td>\n<td class=\"et2\">Capsule<\/td>\n<\/tr>\n<tr style=\"height: 15.20pt;\">\n<td class=\"et2\" style=\"height: 15.20pt;\" height=\"15\">Sp\u00e9cification du produit<\/td>\n<td class=\"et2\">60 g\u00e9lules\/bouteille<\/td>\n<\/tr>\n<tr style=\"height: 15.20pt;\">\n<td class=\"et2\" style=\"height: 15.20pt;\" height=\"15\">Dur\u00e9e de vie en rayon<\/td>\n<td class=\"et2\">24 mois<\/td>\n<\/tr>\n<tr style=\"height: 15.20pt;\">\n<td class=\"et2\" style=\"height: 15.20pt;\" height=\"15\">Dimensions (cm)<\/td>\n<td class=\"et4\">7X7X12<\/td>\n<\/tr>\n<tr style=\"height: 15.20pt;\">\n<td class=\"et2\" style=\"height: 15.20pt;\" height=\"15\">Poids net (kg)<\/td>\n<td class=\"et4\">0,08 kg<\/td>\n<\/tr>\n<tr style=\"height: 15.20pt;\">\n<td class=\"et2\" style=\"height: 15.20pt;\" height=\"15\">Personnalisation<\/td>\n<td class=\"et2\">Graphique, Logo, Paquet<\/td>\n<\/tr>\n<tr style=\"height: 15.20pt;\">\n<td class=\"et2\" style=\"height: 15.20pt;\" height=\"15\">Inventaire<\/td>\n<td class=\"et2\">En stock<\/td>\n<\/tr>\n<\/tbody>\n<\/table>","protected":false},"featured_media":1669,"comment_status":"closed","ping_status":"closed","template":"","meta":{"_acf_changed":false},"product_brand":[],"product_cat":[29,39,35],"product_tag":[],"class_list":{"0":"post-1660","1":"product","2":"type-product","3":"status-publish","4":"has-post-thumbnail","6":"product_cat-sports-supplements-wholesale","7":"product_cat-bulk-supplements-capsules","8":"product_cat-sleep-supplements-wholesale","10":"first","11":"instock","12":"shipping-taxable","13":"product-type-simple"},"acf":[],"_links":{"self":[{"href":"https:\/\/www.comehealthgroup.com\/fr\/wp-json\/wp\/v2\/product\/1660","targetHints":{"allow":["GET"]}}],"collection":[{"href":"https:\/\/www.comehealthgroup.com\/fr\/wp-json\/wp\/v2\/product"}],"about":[{"href":"https:\/\/www.comehealthgroup.com\/fr\/wp-json\/wp\/v2\/types\/product"}],"replies":[{"embeddable":true,"href":"https:\/\/www.comehealthgroup.com\/fr\/wp-json\/wp\/v2\/comments?post=1660"}],"wp:featuredmedia":[{"embeddable":true,"href":"https:\/\/www.comehealthgroup.com\/fr\/wp-json\/wp\/v2\/media\/1669"}],"wp:attachment":[{"href":"https:\/\/www.comehealthgroup.com\/fr\/wp-json\/wp\/v2\/media?parent=1660"}],"wp:term":[{"taxonomy":"product_brand","embeddable":true,"href":"https:\/\/www.comehealthgroup.com\/fr\/wp-json\/wp\/v2\/product_brand?post=1660"},{"taxonomy":"product_cat","embeddable":true,"href":"https:\/\/www.comehealthgroup.com\/fr\/wp-json\/wp\/v2\/product_cat?post=1660"},{"taxonomy":"product_tag","embeddable":true,"href":"https:\/\/www.comehealthgroup.com\/fr\/wp-json\/wp\/v2\/product_tag?post=1660"}],"curies":[{"name":"wp","href":"https:\/\/api.w.org\/{rel}","templated":true}]}}