{"id":1675,"date":"2025-02-26T08:25:17","date_gmt":"2025-02-26T08:25:17","guid":{"rendered":"https:\/\/www.comehealthgroup.com\/?post_type=product&#038;p=1675"},"modified":"2025-02-26T08:26:29","modified_gmt":"2025-02-26T08:26:29","slug":"private-label-beauty-supplement","status":"publish","type":"product","link":"https:\/\/www.comehealthgroup.com\/fr\/product\/private-label-beauty-supplement\/","title":{"rendered":"Private Label Beauty Supplement for Butt and Hip Enlargement (Suppl\u00e9ment de beaut\u00e9 pour l'agrandissement des fesses et des hanches)"},"content":{"rendered":"<div class=\"wp-block-columns is-layout-flex wp-container-core-columns-is-layout-9d6595d7 wp-block-columns-is-layout-flex\">\n<div class=\"wp-block-column is-layout-flow wp-block-column-is-layout-flow\">\n<h2 class=\"wp-block-heading\">Caract\u00e9ristiques du suppl\u00e9ment de beaut\u00e9 sous marque de distributeur<\/h2>\n\n\n\n<ul class=\"wp-block-list\">\n<li><strong>Augmenter le stockage des graisses et dessiner des courbes pulpeuses : <\/strong>Notre suppl\u00e9ment de beaut\u00e9 pour le lifting des hanches favorise le stockage des graisses dans les fesses et les hanches gr\u00e2ce \u00e0 des formules scientifiques, aidant \u00e0 agrandir naturellement les fesses et \u00e0 dessiner des courbes plus pulpeuses et plus charmantes.<\/li>\n\n\n\n<li><strong>Formule \u00e0 base d'ingr\u00e9dients naturels, s\u00fbre et fiable : <\/strong>Cette capsule hip lift wholesale utilise des extraits de plantes et des nutriments naturels pour garantir que le produit est s\u00fbr et n'a pas d'effets secondaires. Il convient \u00e0 une utilisation \u00e0 long terme et aide les femmes \u00e0 atteindre leurs objectifs corporels de mani\u00e8re saine.<\/li>\n\n\n\n<li><strong>Favorise la circulation sanguine et am\u00e9liore l'\u00e9lasticit\u00e9 de la peau : <\/strong>Les ingr\u00e9dients actifs de notre formule de suppl\u00e9ment de beaut\u00e9 pour le lifting des hanches contribuent \u00e0 am\u00e9liorer la circulation sanguine locale, \u00e0 augmenter l'\u00e9lasticit\u00e9 de la peau et \u00e0 rendre la ligne des fesses plus lisse et plus serr\u00e9e.<\/li>\n\n\n\n<li><strong>Optimiser le contour du corps et renforcer la confiance en soi : <\/strong>Notre capsule de lifting des hanches en gros a des effets cibl\u00e9s sur la r\u00e9partition des graisses et le remodelage du corps. Le produit ne se contente pas de regonfler les fesses, il optimise \u00e9galement le contour g\u00e9n\u00e9ral du corps, aidant ainsi les femmes \u00e0 afficher un corps plus s\u00fbr d'elles.<\/li>\n<\/ul>\n<\/div>\n\n\n\n<div class=\"wp-block-column is-layout-flow wp-block-column-is-layout-flow\">\n<figure class=\"wp-block-image size-full\"><img decoding=\"async\" width=\"750\" height=\"750\" src=\"https:\/\/www.comehealthgroup.com\/wp-content\/uploads\/2025\/02\/Hip-Enlargement-Capsules_01.webp\" alt=\"Private Label Beauty Supplement for Butt and Hip Enlargement-2 (Suppl\u00e9ment de beaut\u00e9 pour l&#039;agrandissement des fesses et des hanches)\" class=\"wp-image-1677\" srcset=\"https:\/\/www.comehealthgroup.com\/wp-content\/uploads\/2025\/02\/Hip-Enlargement-Capsules_01.webp 750w, https:\/\/www.comehealthgroup.com\/wp-content\/uploads\/2025\/02\/Hip-Enlargement-Capsules_01-300x300.webp 300w, https:\/\/www.comehealthgroup.com\/wp-content\/uploads\/2025\/02\/Hip-Enlargement-Capsules_01-150x150.webp 150w, https:\/\/www.comehealthgroup.com\/wp-content\/uploads\/2025\/02\/Hip-Enlargement-Capsules_01-12x12.webp 12w, https:\/\/www.comehealthgroup.com\/wp-content\/uploads\/2025\/02\/Hip-Enlargement-Capsules_01-600x600.webp 600w, https:\/\/www.comehealthgroup.com\/wp-content\/uploads\/2025\/02\/Hip-Enlargement-Capsules_01-100x100.webp 100w\" sizes=\"(max-width: 750px) 100vw, 750px\" \/><\/figure>\n<\/div>\n<\/div>\n\n\n\n<p><\/p>","protected":false},"excerpt":{"rendered":"<p>Notre marque priv\u00e9e de suppl\u00e9ment de beaut\u00e9 en gros est con\u00e7ue pour l'agrandissement des hanches et des fesses. Il est formul\u00e9 avec des ingr\u00e9dients naturels pour aider \u00e0 augmenter le stockage des graisses, promouvoir la circulation sanguine et am\u00e9liorer les courbes g\u00e9n\u00e9rales du corps. Le produit est s\u00fbr et efficace, il convient aux fesses naturelles et \u00e0 la mise en forme du corps.<\/p>\n<table style=\"border-collapse: collapse; width: 308.02pt;\" border=\"0\" width=\"308\" cellspacing=\"0\" cellpadding=\"0\">\n<tbody>\n<tr style=\"height: 15.20pt;\">\n<td class=\"et2\" style=\"height: 15.20pt; width: 101.70pt;\" width=\"101\" height=\"15\">Nom de la marque<\/td>\n<td class=\"et2\" style=\"width: 206.65pt;\" width=\"206\">Come Health\/ White Label<\/td>\n<\/tr>\n<tr style=\"height: 61.00pt;\">\n<td class=\"et2\" style=\"height: 61.00pt;\" height=\"61\">Avantages du produit<\/td>\n<td class=\"et3\" style=\"width: 206.65pt;\" width=\"206\">*Augmentation du stockage des graisses<br \/>*Ingr\u00e9dients naturels en vedette<br \/>*Stimule la circulation sanguine<br \/>*Am\u00e9liore les contours du corps<\/td>\n<\/tr>\n<tr style=\"height: 15.20pt;\">\n<td class=\"et2\" style=\"height: 15.20pt;\" height=\"15\">Forme posologique<\/td>\n<td class=\"et2\">Capsule<\/td>\n<\/tr>\n<tr style=\"height: 15.20pt;\">\n<td class=\"et2\" style=\"height: 15.20pt;\" height=\"15\">Sp\u00e9cification du produit<\/td>\n<td class=\"et2\">60 g\u00e9lules\/bouteille<\/td>\n<\/tr>\n<tr style=\"height: 15.20pt;\">\n<td class=\"et2\" style=\"height: 15.20pt;\" height=\"15\">Dur\u00e9e de vie en rayon<\/td>\n<td class=\"et2\">24 mois<\/td>\n<\/tr>\n<tr style=\"height: 15.20pt;\">\n<td class=\"et2\" style=\"height: 15.20pt;\" height=\"15\">Dimensions (cm)<\/td>\n<td class=\"et4\">7X7X12<\/td>\n<\/tr>\n<tr style=\"height: 15.20pt;\">\n<td class=\"et2\" style=\"height: 15.20pt;\" height=\"15\">Poids net (kg)<\/td>\n<td class=\"et4\">0,08 kg<\/td>\n<\/tr>\n<tr style=\"height: 15.20pt;\">\n<td class=\"et2\" style=\"height: 15.20pt;\" height=\"15\">Personnalisation<\/td>\n<td class=\"et2\">Graphique, Logo, Paquet<\/td>\n<\/tr>\n<tr style=\"height: 15.20pt;\">\n<td class=\"et2\" style=\"height: 15.20pt;\" height=\"15\">Inventaire<\/td>\n<td class=\"et2\">En stock<\/td>\n<\/tr>\n<\/tbody>\n<\/table>","protected":false},"featured_media":1676,"comment_status":"closed","ping_status":"closed","template":"","meta":{"_acf_changed":false},"product_brand":[],"product_cat":[39,36],"product_tag":[],"class_list":{"0":"post-1675","1":"product","2":"type-product","3":"status-publish","4":"has-post-thumbnail","6":"product_cat-bulk-supplements-capsules","7":"product_cat-private-label-beauty-supplements","9":"first","10":"instock","11":"shipping-taxable","12":"product-type-simple"},"acf":[],"_links":{"self":[{"href":"https:\/\/www.comehealthgroup.com\/fr\/wp-json\/wp\/v2\/product\/1675","targetHints":{"allow":["GET"]}}],"collection":[{"href":"https:\/\/www.comehealthgroup.com\/fr\/wp-json\/wp\/v2\/product"}],"about":[{"href":"https:\/\/www.comehealthgroup.com\/fr\/wp-json\/wp\/v2\/types\/product"}],"replies":[{"embeddable":true,"href":"https:\/\/www.comehealthgroup.com\/fr\/wp-json\/wp\/v2\/comments?post=1675"}],"wp:featuredmedia":[{"embeddable":true,"href":"https:\/\/www.comehealthgroup.com\/fr\/wp-json\/wp\/v2\/media\/1676"}],"wp:attachment":[{"href":"https:\/\/www.comehealthgroup.com\/fr\/wp-json\/wp\/v2\/media?parent=1675"}],"wp:term":[{"taxonomy":"product_brand","embeddable":true,"href":"https:\/\/www.comehealthgroup.com\/fr\/wp-json\/wp\/v2\/product_brand?post=1675"},{"taxonomy":"product_cat","embeddable":true,"href":"https:\/\/www.comehealthgroup.com\/fr\/wp-json\/wp\/v2\/product_cat?post=1675"},{"taxonomy":"product_tag","embeddable":true,"href":"https:\/\/www.comehealthgroup.com\/fr\/wp-json\/wp\/v2\/product_tag?post=1675"}],"curies":[{"name":"wp","href":"https:\/\/api.w.org\/{rel}","templated":true}]}}