{"id":1682,"date":"2025-02-26T08:08:55","date_gmt":"2025-02-26T08:08:55","guid":{"rendered":"https:\/\/www.comehealthgroup.com\/?post_type=product&#038;p=1682"},"modified":"2025-03-10T02:37:47","modified_gmt":"2025-03-10T02:37:47","slug":"magnesium-glycinate-wholesale","status":"publish","type":"product","link":"https:\/\/www.comehealthgroup.com\/fr\/product\/magnesium-glycinate-wholesale\/","title":{"rendered":"Private Label Magnesium Glycinate Capsule Wholesale For Overall Health (g\u00e9lules de glycinate de magn\u00e9sium pour la sant\u00e9)"},"content":{"rendered":"<h2 class=\"wp-block-heading\">Features of Magnesium Glycinate Capsule Wholesale<\/h2>\n\n\n\n<div class=\"wp-block-columns is-layout-flex wp-container-core-columns-is-layout-9d6595d7 wp-block-columns-is-layout-flex\">\n<div class=\"wp-block-column is-layout-flow wp-block-column-is-layout-flow\">\n<ul class=\"wp-block-list\">\n<li><strong>Good Bioavailability, Efficient Absorption: <\/strong>This magnesium glycinate wholesale supplement is of extremely high bioavailability, absorbed and metabolized by the body rapidly, and is therefore an excellent option for magnesium supplementation.<\/li>\n\n\n\n<li><strong>Promote Relaxation, Improve Sleep: <\/strong>Our private label magnesium glycinate supplement promotes nervous system relaxation, stress reduction, deep relaxation, and improved sleep quality.<\/li>\n\n\n\n<li><strong>Support Muscle Function, Relieve Fatigue: <\/strong>This magnesium glycinate wholesale capsule is employed to support optimal muscle function, relieve fatigue and muscle cramping.<\/li>\n\n\n\n<li><strong>Develop Healthy Bones, Increase Bone Density: <\/strong>Magnesium plays a crucial role in bone health and our private label magnesium glycinate supplement will prevent bone loss and enjoy healthy bones.<\/li>\n<\/ul>\n<\/div>\n\n\n\n<div class=\"wp-block-column is-layout-flow wp-block-column-is-layout-flow\">\n<figure class=\"wp-block-image size-full\"><img decoding=\"async\" width=\"800\" height=\"800\" src=\"https:\/\/www.comehealthgroup.com\/wp-content\/uploads\/2025\/02\/Private-Label-Magnesium-Glycinate-Wholesale-For-Overall-Health-2.webp\" alt=\"Private Label Magnesium Glycinate Wholesale For Overall Health-2\" class=\"wp-image-1716\" srcset=\"https:\/\/www.comehealthgroup.com\/wp-content\/uploads\/2025\/02\/Private-Label-Magnesium-Glycinate-Wholesale-For-Overall-Health-2.webp 800w, https:\/\/www.comehealthgroup.com\/wp-content\/uploads\/2025\/02\/Private-Label-Magnesium-Glycinate-Wholesale-For-Overall-Health-2-300x300.webp 300w, https:\/\/www.comehealthgroup.com\/wp-content\/uploads\/2025\/02\/Private-Label-Magnesium-Glycinate-Wholesale-For-Overall-Health-2-150x150.webp 150w, https:\/\/www.comehealthgroup.com\/wp-content\/uploads\/2025\/02\/Private-Label-Magnesium-Glycinate-Wholesale-For-Overall-Health-2-768x768.webp 768w, https:\/\/www.comehealthgroup.com\/wp-content\/uploads\/2025\/02\/Private-Label-Magnesium-Glycinate-Wholesale-For-Overall-Health-2-12x12.webp 12w, https:\/\/www.comehealthgroup.com\/wp-content\/uploads\/2025\/02\/Private-Label-Magnesium-Glycinate-Wholesale-For-Overall-Health-2-600x600.webp 600w, https:\/\/www.comehealthgroup.com\/wp-content\/uploads\/2025\/02\/Private-Label-Magnesium-Glycinate-Wholesale-For-Overall-Health-2-100x100.webp 100w\" sizes=\"(max-width: 800px) 100vw, 800px\" \/><\/figure>\n<\/div>\n<\/div>","protected":false},"excerpt":{"rendered":"<p>Welcome to purchase magnesium glycinate wholesale. Our private label magnesium glycinate supplement is for overall health, of high bioavailability, easily absorbed by the body, helps to relax and improve sleep quality, and is most suitable to overall health.<\/p>\n<table style=\"border-collapse: collapse;width: 308.02pt\" border=\"0\" width=\"308\" cellspacing=\"0\" cellpadding=\"0\">\n<tbody>\n<tr style=\"height: 15.20pt\">\n<td class=\"et2\" style=\"height: 15.20pt;width: 101.70pt\" width=\"101\" height=\"15\">Nom de la marque<\/td>\n<td class=\"et2\" style=\"width: 206.65pt\" width=\"206\">Come Health\/ White Label<\/td>\n<\/tr>\n<tr style=\"height: 61.00pt\">\n<td class=\"et2\" style=\"height: 61.00pt\" height=\"61\">Avantages du produit<\/td>\n<td class=\"et3\" style=\"width: 206.65pt\" width=\"206\">*High Bioavailability <br \/>*Promotes Relaxation and Sleep <br \/>*Supports Muscle Function <br \/>*Bone Health Support<\/td>\n<\/tr>\n<tr style=\"height: 15.20pt\">\n<td class=\"et2\" style=\"height: 15.20pt\" height=\"15\">Forme posologique<\/td>\n<td class=\"et2\">Capsule<\/td>\n<\/tr>\n<tr style=\"height: 15.20pt\">\n<td class=\"et2\" style=\"height: 15.20pt\" height=\"15\">Sp\u00e9cification du produit<\/td>\n<td class=\"et2\">120\/60 capsules\/bottle<\/td>\n<\/tr>\n<tr style=\"height: 15.20pt\">\n<td class=\"et2\" style=\"height: 15.20pt\" height=\"15\">Dur\u00e9e de vie en rayon<\/td>\n<td class=\"et2\">24 mois<\/td>\n<\/tr>\n<tr style=\"height: 15.20pt\">\n<td class=\"et2\" style=\"height: 15.20pt\" height=\"15\">Dimensions (cm)<\/td>\n<td class=\"et4\">7X7X12\/9X9X12<\/td>\n<\/tr>\n<tr style=\"height: 15.20pt\">\n<td class=\"et2\" style=\"height: 15.20pt\" height=\"15\">Poids net (kg)<\/td>\n<td class=\"et4\">0.08kg\/0.13kg<\/td>\n<\/tr>\n<tr style=\"height: 15.20pt\">\n<td class=\"et2\" style=\"height: 15.20pt\" height=\"15\">Personnalisation<\/td>\n<td class=\"et2\">Graphique, Logo, Paquet<\/td>\n<\/tr>\n<tr style=\"height: 15.20pt\">\n<td class=\"et2\" style=\"height: 15.20pt\" height=\"15\">Inventaire<\/td>\n<td class=\"et2\">En stock<\/td>\n<\/tr>\n<\/tbody>\n<\/table>","protected":false},"featured_media":1715,"comment_status":"closed","ping_status":"closed","template":"","meta":{"_acf_changed":false},"product_brand":[],"product_cat":[39,35,34,49,41],"product_tag":[],"class_list":{"0":"post-1682","1":"product","2":"type-product","3":"status-publish","4":"has-post-thumbnail","6":"product_cat-bulk-supplements-capsules","7":"product_cat-sleep-supplements-wholesale","8":"product_cat-private-label-health-supplements","9":"product_cat-nutritional-supplement-wholesale","10":"product_cat-bulk-vitamins-and-minerals-supplements","12":"first","13":"instock","14":"shipping-taxable","15":"product-type-simple"},"acf":[],"_links":{"self":[{"href":"https:\/\/www.comehealthgroup.com\/fr\/wp-json\/wp\/v2\/product\/1682","targetHints":{"allow":["GET"]}}],"collection":[{"href":"https:\/\/www.comehealthgroup.com\/fr\/wp-json\/wp\/v2\/product"}],"about":[{"href":"https:\/\/www.comehealthgroup.com\/fr\/wp-json\/wp\/v2\/types\/product"}],"replies":[{"embeddable":true,"href":"https:\/\/www.comehealthgroup.com\/fr\/wp-json\/wp\/v2\/comments?post=1682"}],"wp:featuredmedia":[{"embeddable":true,"href":"https:\/\/www.comehealthgroup.com\/fr\/wp-json\/wp\/v2\/media\/1715"}],"wp:attachment":[{"href":"https:\/\/www.comehealthgroup.com\/fr\/wp-json\/wp\/v2\/media?parent=1682"}],"wp:term":[{"taxonomy":"product_brand","embeddable":true,"href":"https:\/\/www.comehealthgroup.com\/fr\/wp-json\/wp\/v2\/product_brand?post=1682"},{"taxonomy":"product_cat","embeddable":true,"href":"https:\/\/www.comehealthgroup.com\/fr\/wp-json\/wp\/v2\/product_cat?post=1682"},{"taxonomy":"product_tag","embeddable":true,"href":"https:\/\/www.comehealthgroup.com\/fr\/wp-json\/wp\/v2\/product_tag?post=1682"}],"curies":[{"name":"wp","href":"https:\/\/api.w.org\/{rel}","templated":true}]}}