{"id":1753,"date":"2025-04-14T09:35:06","date_gmt":"2025-04-14T09:35:06","guid":{"rendered":"https:\/\/www.comehealthgroup.com\/?post_type=product&#038;p=1753"},"modified":"2025-09-05T02:15:37","modified_gmt":"2025-09-05T02:15:37","slug":"wholesale-sea-moss-gummies","status":"publish","type":"product","link":"https:\/\/www.comehealthgroup.com\/fr\/product\/wholesale-sea-moss-gummies\/","title":{"rendered":"Gommes de mousse de mer en gros avec fabrication OEM personnalis\u00e9e"},"content":{"rendered":"<div class=\"wp-block-columns is-layout-flex wp-container-core-columns-is-layout-9d6595d7 wp-block-columns-is-layout-flex\">\n<div class=\"wp-block-column is-layout-flow wp-block-column-is-layout-flow\">\n<h2 class=\"wp-block-heading\">Caract\u00e9ristiques des gommes de mousse de mer en gros<\/h2>\n\n\n\n<ul class=\"wp-block-list\">\n<li><strong>Riche en nutriments essentiels : <\/strong>Nos gommes de mousse de mer en gros sont riches en vitamines, min\u00e9raux et acides amin\u00e9s. Elles fournissent une combinaison de nutriments vitaux dont le corps a besoin pour soutenir des processus corporels et une immunit\u00e9 sains.<\/li>\n\n\n\n<li><strong>Renforce le syst\u00e8me immunitaire :<\/strong> Ces gommes de mousse de mer de marque priv\u00e9e renforcent le syst\u00e8me immunitaire et prot\u00e8gent contre les agents ext\u00e9rieurs nocifs. Elles ont la capacit\u00e9 de renforcer simplement le syst\u00e8me immunitaire naturel de l'organisme pour pr\u00e9venir les rhumes ainsi que d'autres affections moins graves.<\/li>\n\n\n\n<li><strong>Soutient le syst\u00e8me digestif : <\/strong>Nos gommes de mousse de mer en gros aident \u00e0 stimuler le p\u00e9ristaltisme intestinal et la sant\u00e9 digestive. Elles soulagent \u00e9galement la constipation et favorisent la d\u00e9sintoxication et les bact\u00e9ries intestinales saines.<\/li>\n\n\n\n<li><strong>Favorise la sant\u00e9 de la peau : <\/strong>Les gommes de mousse de mer de notre marque de distributeur am\u00e9liorent les niveaux d'hydratation et l'\u00e9lasticit\u00e9 de la peau et r\u00e9duisent les signes de vieillissement. Elles peuvent rajeunir la peau afin d'obtenir une texture saine et lisse, et adoucir la peau tout en l'hydratant.<\/li>\n<\/ul>\n<\/div>\n\n\n\n<div class=\"wp-block-column is-layout-flow wp-block-column-is-layout-flow\">\n<figure class=\"wp-block-image size-full\"><img decoding=\"async\" width=\"1457\" height=\"1457\" src=\"https:\/\/www.comehealthgroup.com\/wp-content\/uploads\/2025\/03\/Seaweed-gummy_03.webp\" alt=\"Gommes de mousse de mer en gros avec fabrication personnalis\u00e9e OEM-1\" class=\"wp-image-1757\" srcset=\"https:\/\/www.comehealthgroup.com\/wp-content\/uploads\/2025\/03\/Seaweed-gummy_03.webp 1457w, https:\/\/www.comehealthgroup.com\/wp-content\/uploads\/2025\/03\/Seaweed-gummy_03-300x300.webp 300w, https:\/\/www.comehealthgroup.com\/wp-content\/uploads\/2025\/03\/Seaweed-gummy_03-150x150.webp 150w, https:\/\/www.comehealthgroup.com\/wp-content\/uploads\/2025\/03\/Seaweed-gummy_03-768x768.webp 768w, https:\/\/www.comehealthgroup.com\/wp-content\/uploads\/2025\/03\/Seaweed-gummy_03-12x12.webp 12w, https:\/\/www.comehealthgroup.com\/wp-content\/uploads\/2025\/03\/Seaweed-gummy_03-1200x1200.webp 1200w, https:\/\/www.comehealthgroup.com\/wp-content\/uploads\/2025\/03\/Seaweed-gummy_03-600x600.webp 600w, https:\/\/www.comehealthgroup.com\/wp-content\/uploads\/2025\/03\/Seaweed-gummy_03-100x100.webp 100w\" sizes=\"(max-width: 1457px) 100vw, 1457px\" \/><\/figure>\n<\/div>\n<\/div>","protected":false},"excerpt":{"rendered":"<p>Boostez votre marque avec nos gommes de mousse de mer en gros, riches en nutriments essentiels qui favorisent le bien-\u00eatre g\u00e9n\u00e9ral. Nos gommes de mousse de mer de marque priv\u00e9e aident \u00e0 renforcer le syst\u00e8me immunitaire, \u00e0 soutenir la digestion et \u00e0 am\u00e9liorer la sant\u00e9 de la peau.<\/p>\n<table style=\"border-collapse: collapse; width: 511px; height: 221px;\" border=\"0\" width=\"799\" cellspacing=\"0\" cellpadding=\"0\">\n<tbody>\n<tr style=\"height: 13.50pt;\">\n<td style=\"height: 13.50pt; width: 132.40pt;\" width=\"353\" height=\"36\">Nom de la marque<\/td>\n<td style=\"width: 167.30pt;\" width=\"446\">Label blanc<\/td>\n<\/tr>\n<tr style=\"height: 13.50pt;\">\n<td style=\"height: 13.50pt;\" height=\"36\">Avantages du produit<\/td>\n<td>*Riche en nutriments essentiels<br \/>*Renforce le syst\u00e8me immunitaire<br \/>*Favorise la digestion<br \/>*Am\u00e9liore la sant\u00e9 de la peau<\/td>\n<\/tr>\n<tr style=\"height: 13.50pt;\">\n<td style=\"height: 13.50pt;\" height=\"36\">Forme posologique<\/td>\n<td>Gomme<\/td>\n<\/tr>\n<tr style=\"height: 13.50pt;\">\n<td style=\"height: 13.50pt;\" height=\"36\">Sp\u00e9cification du produit<\/td>\n<td>60 gommes\/bouteille<\/td>\n<\/tr>\n<tr style=\"height: 13.50pt;\">\n<td style=\"height: 13.50pt;\" height=\"36\">Dur\u00e9e de vie en rayon<\/td>\n<td>24 mois<\/td>\n<\/tr>\n<tr style=\"height: 13.50pt;\">\n<td style=\"height: 13.50pt;\" height=\"36\">Dimensions (cm)<\/td>\n<td>7X7X12<\/td>\n<\/tr>\n<tr style=\"height: 13.50pt;\">\n<td style=\"height: 13.50pt;\" height=\"36\">Poids net (kg)<\/td>\n<td>0,2 kg<\/td>\n<\/tr>\n<tr style=\"height: 13.50pt;\">\n<td style=\"height: 13.50pt;\" height=\"36\">Personnalisation<\/td>\n<td>Graphique, Logo, Paquet<\/td>\n<\/tr>\n<tr style=\"height: 13.50pt;\">\n<td style=\"height: 13.50pt;\" height=\"36\">Inventaire<\/td>\n<td>En stock<\/td>\n<\/tr>\n<\/tbody>\n<\/table>","protected":false},"featured_media":1755,"comment_status":"closed","ping_status":"closed","template":"","meta":{"_acf_changed":false},"product_brand":[],"product_cat":[40,36,34,32,49],"product_tag":[],"class_list":{"0":"post-1753","1":"product","2":"type-product","3":"status-publish","4":"has-post-thumbnail","6":"product_cat-private-label-gummy-supplements","7":"product_cat-private-label-beauty-supplements","8":"product_cat-private-label-health-supplements","9":"product_cat-private-label-immune-supplements","10":"product_cat-nutritional-supplement-wholesale","12":"first","13":"instock","14":"shipping-taxable","15":"product-type-simple"},"acf":[],"_links":{"self":[{"href":"https:\/\/www.comehealthgroup.com\/fr\/wp-json\/wp\/v2\/product\/1753","targetHints":{"allow":["GET"]}}],"collection":[{"href":"https:\/\/www.comehealthgroup.com\/fr\/wp-json\/wp\/v2\/product"}],"about":[{"href":"https:\/\/www.comehealthgroup.com\/fr\/wp-json\/wp\/v2\/types\/product"}],"replies":[{"embeddable":true,"href":"https:\/\/www.comehealthgroup.com\/fr\/wp-json\/wp\/v2\/comments?post=1753"}],"wp:featuredmedia":[{"embeddable":true,"href":"https:\/\/www.comehealthgroup.com\/fr\/wp-json\/wp\/v2\/media\/1755"}],"wp:attachment":[{"href":"https:\/\/www.comehealthgroup.com\/fr\/wp-json\/wp\/v2\/media?parent=1753"}],"wp:term":[{"taxonomy":"product_brand","embeddable":true,"href":"https:\/\/www.comehealthgroup.com\/fr\/wp-json\/wp\/v2\/product_brand?post=1753"},{"taxonomy":"product_cat","embeddable":true,"href":"https:\/\/www.comehealthgroup.com\/fr\/wp-json\/wp\/v2\/product_cat?post=1753"},{"taxonomy":"product_tag","embeddable":true,"href":"https:\/\/www.comehealthgroup.com\/fr\/wp-json\/wp\/v2\/product_tag?post=1753"}],"curies":[{"name":"wp","href":"https:\/\/api.w.org\/{rel}","templated":true}]}}