{"id":1759,"date":"2025-04-14T09:24:30","date_gmt":"2025-04-14T09:24:30","guid":{"rendered":"https:\/\/www.comehealthgroup.com\/?post_type=product&#038;p=1759"},"modified":"2025-04-14T09:24:31","modified_gmt":"2025-04-14T09:24:31","slug":"sea-moss-gummies-wholesale","status":"publish","type":"product","link":"https:\/\/www.comehealthgroup.com\/fr\/product\/sea-moss-gummies-wholesale\/","title":{"rendered":"Gummies \u00e0 la mousse de mer Wholesale, Private Label Manufacturing"},"content":{"rendered":"<div class=\"wp-block-columns is-layout-flex wp-container-core-columns-is-layout-9d6595d7 wp-block-columns-is-layout-flex\">\n<div class=\"wp-block-column is-layout-flow wp-block-column-is-layout-flow\">\n<h2 class=\"wp-block-heading\">Caract\u00e9ristiques de Sea Moss Gummies Wholesale<\/h2>\n\n\n\n<ul class=\"wp-block-list\">\n<li><strong>Favorise la sant\u00e9 respiratoire :<\/strong> Nos gommes de mousse de mer en gros contiennent des nutriments riches en min\u00e9raux qui favorisent le d\u00e9gagement des voies respiratoires, calment la toux et les r\u00e9actions allergiques et am\u00e9liorent la fonction pulmonaire.<\/li>\n\n\n\n<li><strong>Favorise le contr\u00f4le du poids :<\/strong> Ces gommes de mousse de mer de marque d\u00e9pos\u00e9e vous rassasieront plus longtemps et vous feront consommer moins de calories. Elles contiennent peu de calories et sont donc id\u00e9ales pour vous aider \u00e0 contr\u00f4ler votre poids.<\/li>\n\n\n\n<li><strong>Stimule l'\u00e9nergie et l'endurance : <\/strong>Nos gommes de mousse de mer en gros peuvent stimuler les niveaux d'\u00e9nergie du corps, augmenter l'endurance et r\u00e9duire la fatigue.<\/li>\n\n\n\n<li><strong>Favorise la sant\u00e9 des muscles et des articulations : <\/strong>Ces gommes de mousse de mer de marque d\u00e9pos\u00e9e peuvent r\u00e9duire les tensions articulaires et musculaires, en particulier apr\u00e8s un exercice ou une utilisation prolong\u00e9e, huiler les articulations et soulager la douleur.<\/li>\n<\/ul>\n<\/div>\n\n\n\n<div class=\"wp-block-column is-layout-flow wp-block-column-is-layout-flow\">\n<figure class=\"wp-block-image size-full\"><img decoding=\"async\" width=\"1500\" height=\"1500\" src=\"https:\/\/www.comehealthgroup.com\/wp-content\/uploads\/2025\/03\/Sea-moss-gummy_03.webp\" alt=\"Gommes de mousse de mer Wholesale, Private Label Manufacturing-3\" class=\"wp-image-1762\" srcset=\"https:\/\/www.comehealthgroup.com\/wp-content\/uploads\/2025\/03\/Sea-moss-gummy_03.webp 1500w, https:\/\/www.comehealthgroup.com\/wp-content\/uploads\/2025\/03\/Sea-moss-gummy_03-300x300.webp 300w, https:\/\/www.comehealthgroup.com\/wp-content\/uploads\/2025\/03\/Sea-moss-gummy_03-150x150.webp 150w, https:\/\/www.comehealthgroup.com\/wp-content\/uploads\/2025\/03\/Sea-moss-gummy_03-768x768.webp 768w, https:\/\/www.comehealthgroup.com\/wp-content\/uploads\/2025\/03\/Sea-moss-gummy_03-12x12.webp 12w, https:\/\/www.comehealthgroup.com\/wp-content\/uploads\/2025\/03\/Sea-moss-gummy_03-1200x1200.webp 1200w, https:\/\/www.comehealthgroup.com\/wp-content\/uploads\/2025\/03\/Sea-moss-gummy_03-600x600.webp 600w, https:\/\/www.comehealthgroup.com\/wp-content\/uploads\/2025\/03\/Sea-moss-gummy_03-100x100.webp 100w\" sizes=\"(max-width: 1500px) 100vw, 1500px\" \/><\/figure>\n<\/div>\n<\/div>","protected":false},"excerpt":{"rendered":"<p>Bienvenue pour acheter des gommes de mousse de mer en gros. Nos gommes de mousse de mer de marque priv\u00e9e soutiennent la sant\u00e9 respiratoire, le contr\u00f4le du poids, l'augmentation de l'\u00e9nergie et le bien-\u00eatre des articulations et des muscles. Elles apportent \u00e0 l'organisme des min\u00e9raux et des vitamines essentiels pour aider \u00e0 maintenir le bien-\u00eatre et la vitalit\u00e9, et peuvent \u00eatre utilis\u00e9es tous les jours en toute s\u00e9curit\u00e9.<\/p>\n<table style=\"border-collapse: collapse; width: 511px; height: 223px;\" border=\"0\" width=\"799\" cellspacing=\"0\" cellpadding=\"0\">\n<tbody>\n<tr style=\"height: 13.50pt;\">\n<td style=\"height: 13.50pt; width: 132.40pt;\" width=\"353\" height=\"36\">Nom de la marque<\/td>\n<td style=\"width: 167.30pt;\" width=\"446\">Label blanc<\/td>\n<\/tr>\n<tr style=\"height: 13.50pt;\">\n<td style=\"height: 13.50pt;\" height=\"36\">Avantages du produit<\/td>\n<td>*Soutient la sant\u00e9 respiratoire<br \/>*Aide \u00e0 la gestion du poids<br \/>*Booste l'\u00e9nergie et l'endurance<br \/>*Am\u00e9liore la sant\u00e9 des articulations et des muscles<\/td>\n<\/tr>\n<tr style=\"height: 13.50pt;\">\n<td style=\"height: 13.50pt;\" height=\"36\">Forme posologique<\/td>\n<td>Gomme<\/td>\n<\/tr>\n<tr style=\"height: 13.50pt;\">\n<td style=\"height: 13.50pt;\" height=\"36\">Sp\u00e9cification du produit<\/td>\n<td>60 gommes\/bouteille<\/td>\n<\/tr>\n<tr style=\"height: 13.50pt;\">\n<td style=\"height: 13.50pt;\" height=\"36\">Dur\u00e9e de vie en rayon<\/td>\n<td>24 mois<\/td>\n<\/tr>\n<tr style=\"height: 13.50pt;\">\n<td style=\"height: 13.50pt;\" height=\"36\">Dimensions (cm)<\/td>\n<td>7X7X12<\/td>\n<\/tr>\n<tr style=\"height: 13.50pt;\">\n<td style=\"height: 13.50pt;\" height=\"36\">Poids net (kg)<\/td>\n<td>0,2 kg<\/td>\n<\/tr>\n<tr style=\"height: 13.50pt;\">\n<td style=\"height: 13.50pt;\" height=\"36\">Personnalisation<\/td>\n<td>Graphique, Logo, Paquet<\/td>\n<\/tr>\n<tr style=\"height: 13.50pt;\">\n<td style=\"height: 13.50pt;\" height=\"36\">Inventaire<\/td>\n<td>En stock<\/td>\n<\/tr>\n<\/tbody>\n<\/table>","protected":false},"featured_media":1760,"comment_status":"closed","ping_status":"closed","template":"","meta":{"_acf_changed":false},"product_brand":[],"product_cat":[40,34,29],"product_tag":[],"class_list":{"0":"post-1759","1":"product","2":"type-product","3":"status-publish","4":"has-post-thumbnail","6":"product_cat-private-label-gummy-supplements","7":"product_cat-private-label-health-supplements","8":"product_cat-sports-supplements-wholesale","10":"first","11":"instock","12":"shipping-taxable","13":"product-type-simple"},"acf":[],"_links":{"self":[{"href":"https:\/\/www.comehealthgroup.com\/fr\/wp-json\/wp\/v2\/product\/1759","targetHints":{"allow":["GET"]}}],"collection":[{"href":"https:\/\/www.comehealthgroup.com\/fr\/wp-json\/wp\/v2\/product"}],"about":[{"href":"https:\/\/www.comehealthgroup.com\/fr\/wp-json\/wp\/v2\/types\/product"}],"replies":[{"embeddable":true,"href":"https:\/\/www.comehealthgroup.com\/fr\/wp-json\/wp\/v2\/comments?post=1759"}],"wp:featuredmedia":[{"embeddable":true,"href":"https:\/\/www.comehealthgroup.com\/fr\/wp-json\/wp\/v2\/media\/1760"}],"wp:attachment":[{"href":"https:\/\/www.comehealthgroup.com\/fr\/wp-json\/wp\/v2\/media?parent=1759"}],"wp:term":[{"taxonomy":"product_brand","embeddable":true,"href":"https:\/\/www.comehealthgroup.com\/fr\/wp-json\/wp\/v2\/product_brand?post=1759"},{"taxonomy":"product_cat","embeddable":true,"href":"https:\/\/www.comehealthgroup.com\/fr\/wp-json\/wp\/v2\/product_cat?post=1759"},{"taxonomy":"product_tag","embeddable":true,"href":"https:\/\/www.comehealthgroup.com\/fr\/wp-json\/wp\/v2\/product_tag?post=1759"}],"curies":[{"name":"wp","href":"https:\/\/api.w.org\/{rel}","templated":true}]}}