{"id":1793,"date":"2025-03-04T06:42:54","date_gmt":"2025-03-04T06:42:54","guid":{"rendered":"https:\/\/www.comehealthgroup.com\/?post_type=product&#038;p=1793"},"modified":"2025-03-19T03:21:59","modified_gmt":"2025-03-19T03:21:59","slug":"private-label-pms-gummy","status":"publish","type":"product","link":"https:\/\/www.comehealthgroup.com\/fr\/product\/private-label-pms-gummy\/","title":{"rendered":"Private Label PMS Gummy Wholesale For Women Symptoms Relief (gomme \u00e0 m\u00e2cher pour le syndrome pr\u00e9menstruel)"},"content":{"rendered":"<div class=\"wp-block-columns is-layout-flex wp-container-core-columns-is-layout-9d6595d7 wp-block-columns-is-layout-flex\">\n<div class=\"wp-block-column is-layout-flow wp-block-column-is-layout-flow\">\n<h2 class=\"wp-block-heading\">Caract\u00e9ristiques de Private Label PMS Gummy<\/h2>\n\n\n\n<ul class=\"wp-block-list\">\n<li><strong>Soulager l'irritabilit\u00e9 menstruelle : <\/strong>Nos compl\u00e9ments alimentaires sous forme de g\u00e9lules pour le syndrome pr\u00e9menstruel contiennent des nutriments qui \u00e9quilibrent l'humeur et soulagent l'irritabilit\u00e9, l'anxi\u00e9t\u00e9 et les sautes d'humeur, ce qui permet aux femmes d'avoir un \u00e9tat d'esprit serein pendant leur p\u00e9riode de menstruation et de soulager l'impact du stress.<\/li>\n\n\n\n<li><strong>Soulage les spasmes et les douleurs :<\/strong> Nos gommes en gros pour le soulagement du syndrome pr\u00e9menstruel utilisent des ingr\u00e9dients relaxants naturels pour soulager les spasmes abdominaux et les douleurs ressenties pendant les menstruations et att\u00e9nuer l'inconfort physique.<\/li>\n\n\n\n<li><strong>R\u00e9guler le cycle menstruel : <\/strong>Nos suppl\u00e9ments gommeux pour le syndrome pr\u00e9menstruel aident \u00e0 maintenir l'\u00e9quilibre hormonal dans le corps, \u00e0 r\u00e9guler le cycle menstruel et \u00e0 soulager les douleurs dues aux fluctuations hormonales.<\/li>\n\n\n\n<li><strong>Soulager la fatigue :<\/strong> Nos gommes en gros PMS Relief contiennent des nutriments qui facilitent le m\u00e9tabolisme \u00e9nerg\u00e9tique, aident \u00e0 soulager la fatigue menstruelle et la fatigue, et permettent aux femmes de rester \u00e9nergiques pendant les moments sp\u00e9ciaux.<\/li>\n<\/ul>\n<\/div>\n\n\n\n<div class=\"wp-block-column is-layout-flow wp-block-column-is-layout-flow\">\n<figure class=\"wp-block-image size-full\"><img decoding=\"async\" width=\"2000\" height=\"2000\" src=\"https:\/\/www.comehealthgroup.com\/wp-content\/uploads\/2025\/03\/PMS-Gummy-_5.webp\" alt=\"\" class=\"wp-image-2062\" srcset=\"https:\/\/www.comehealthgroup.com\/wp-content\/uploads\/2025\/03\/PMS-Gummy-_5.webp 2000w, https:\/\/www.comehealthgroup.com\/wp-content\/uploads\/2025\/03\/PMS-Gummy-_5-300x300.webp 300w, https:\/\/www.comehealthgroup.com\/wp-content\/uploads\/2025\/03\/PMS-Gummy-_5-150x150.webp 150w, https:\/\/www.comehealthgroup.com\/wp-content\/uploads\/2025\/03\/PMS-Gummy-_5-768x768.webp 768w, https:\/\/www.comehealthgroup.com\/wp-content\/uploads\/2025\/03\/PMS-Gummy-_5-12x12.webp 12w, https:\/\/www.comehealthgroup.com\/wp-content\/uploads\/2025\/03\/PMS-Gummy-_5-1200x1200.webp 1200w, https:\/\/www.comehealthgroup.com\/wp-content\/uploads\/2025\/03\/PMS-Gummy-_5-600x600.webp 600w, https:\/\/www.comehealthgroup.com\/wp-content\/uploads\/2025\/03\/PMS-Gummy-_5-100x100.webp 100w\" sizes=\"(max-width: 2000px) 100vw, 2000px\" \/><\/figure>\n<\/div>\n<\/div>","protected":false},"excerpt":{"rendered":"<p>Bienvenue pour acheter en gros des gommes soulageant le syndrome pr\u00e9menstruel. Nos suppl\u00e9ments gommeux PMS de marque priv\u00e9e sont con\u00e7us pour les femmes en p\u00e9riode de menstruation afin de soulager les crampes menstruelles, de stabiliser les hormones, d'am\u00e9liorer l'humeur et d'augmenter les niveaux d'\u00e9nergie afin de les rendre dans un \u00e9tat d\u00e9tendu et confortable.<\/p>\n<table style=\"border-collapse: collapse;width: 514px;height: 223px\" border=\"0\" width=\"799\" cellspacing=\"0\" cellpadding=\"0\">\n<tbody>\n<tr style=\"height: 13.50pt\">\n<td style=\"height: 13.50pt;width: 132.40pt\" width=\"353\" height=\"36\">Nom de la marque<\/td>\n<td style=\"width: 167.30pt\" width=\"446\">Label blanc<\/td>\n<\/tr>\n<tr style=\"height: 13.50pt\">\n<td style=\"height: 13.50pt\" height=\"36\">Avantages du produit<\/td>\n<td>\n<p>*Soutien \u00e0 l'humeur<br \/>*Cramps Relief<br \/>*\u00c9quilibre hormonal<br \/>*Boost \u00e9nerg\u00e9tique<\/p>\n<\/td>\n<\/tr>\n<tr style=\"height: 13.50pt\">\n<td style=\"height: 13.50pt\" height=\"36\">Forme posologique<\/td>\n<td>Gomme<\/td>\n<\/tr>\n<tr style=\"height: 13.50pt\">\n<td style=\"height: 13.50pt\" height=\"36\">Sp\u00e9cification du produit<\/td>\n<td>60 gommes\/bouteille<\/td>\n<\/tr>\n<tr style=\"height: 13.50pt\">\n<td style=\"height: 13.50pt\" height=\"36\">Dur\u00e9e de vie en rayon<\/td>\n<td>24 mois<\/td>\n<\/tr>\n<tr style=\"height: 13.50pt\">\n<td style=\"height: 13.50pt\" height=\"36\">Dimensions (cm)<\/td>\n<td>7X7X12<\/td>\n<\/tr>\n<tr style=\"height: 13.50pt\">\n<td style=\"height: 13.50pt\" height=\"36\">Poids net (kg)<\/td>\n<td>0,2 kg<\/td>\n<\/tr>\n<tr style=\"height: 13.50pt\">\n<td style=\"height: 13.50pt\" height=\"36\">Personnalisation<\/td>\n<td>Graphique, Logo, Paquet<\/td>\n<\/tr>\n<tr style=\"height: 13.50pt\">\n<td style=\"height: 13.50pt\" height=\"36\">Inventaire<\/td>\n<td>En stock<\/td>\n<\/tr>\n<\/tbody>\n<\/table>","protected":false},"featured_media":2058,"comment_status":"closed","ping_status":"closed","template":"","meta":{"_acf_changed":false},"product_brand":[],"product_cat":[40],"product_tag":[],"class_list":{"0":"post-1793","1":"product","2":"type-product","3":"status-publish","4":"has-post-thumbnail","6":"product_cat-private-label-gummy-supplements","8":"first","9":"instock","10":"shipping-taxable","11":"product-type-simple"},"acf":[],"_links":{"self":[{"href":"https:\/\/www.comehealthgroup.com\/fr\/wp-json\/wp\/v2\/product\/1793","targetHints":{"allow":["GET"]}}],"collection":[{"href":"https:\/\/www.comehealthgroup.com\/fr\/wp-json\/wp\/v2\/product"}],"about":[{"href":"https:\/\/www.comehealthgroup.com\/fr\/wp-json\/wp\/v2\/types\/product"}],"replies":[{"embeddable":true,"href":"https:\/\/www.comehealthgroup.com\/fr\/wp-json\/wp\/v2\/comments?post=1793"}],"wp:featuredmedia":[{"embeddable":true,"href":"https:\/\/www.comehealthgroup.com\/fr\/wp-json\/wp\/v2\/media\/2058"}],"wp:attachment":[{"href":"https:\/\/www.comehealthgroup.com\/fr\/wp-json\/wp\/v2\/media?parent=1793"}],"wp:term":[{"taxonomy":"product_brand","embeddable":true,"href":"https:\/\/www.comehealthgroup.com\/fr\/wp-json\/wp\/v2\/product_brand?post=1793"},{"taxonomy":"product_cat","embeddable":true,"href":"https:\/\/www.comehealthgroup.com\/fr\/wp-json\/wp\/v2\/product_cat?post=1793"},{"taxonomy":"product_tag","embeddable":true,"href":"https:\/\/www.comehealthgroup.com\/fr\/wp-json\/wp\/v2\/product_tag?post=1793"}],"curies":[{"name":"wp","href":"https:\/\/api.w.org\/{rel}","templated":true}]}}