{"id":1803,"date":"2025-04-14T09:12:07","date_gmt":"2025-04-14T09:12:07","guid":{"rendered":"https:\/\/www.comehealthgroup.com\/?post_type=product&#038;p=1803"},"modified":"2025-09-05T02:17:21","modified_gmt":"2025-09-05T02:17:21","slug":"beauty-supplement-private-label","status":"publish","type":"product","link":"https:\/\/www.comehealthgroup.com\/fr\/product\/beauty-supplement-private-label\/","title":{"rendered":"Suppl\u00e9ment de beaut\u00e9 Private Label Black Seed &amp; Honey Gummies"},"content":{"rendered":"<div class=\"wp-block-columns is-layout-flex wp-container-core-columns-is-layout-9d6595d7 wp-block-columns-is-layout-flex\">\n<div class=\"wp-block-column is-layout-flow wp-block-column-is-layout-flow\">\n<h2 class=\"wp-block-heading\">Caract\u00e9ristiques de Beauty Supplement Private Label<\/h2>\n\n\n\n<ul class=\"wp-block-list\">\n<li><strong>Soutien du syst\u00e8me immunitaire : <\/strong>Ce suppl\u00e9ment de beaut\u00e9 est une combinaison parfaite de graines noires et de miel, qui peut soutenir efficacement le syst\u00e8me immunitaire et aider \u00e0 renforcer la r\u00e9sistance naturelle du corps pour vous garder en bonne sant\u00e9 dans votre vie active.<\/li>\n\n\n\n<li><strong>Effet anti-inflammatoire : <\/strong>Ces gommes aux graines noires et au miel att\u00e9nuent l'effet inflammatoire de l'organisme, stimulent le bien-\u00eatre g\u00e9n\u00e9ral et apaisent l'inconfort normal.<\/li>\n\n\n\n<li><strong>Riche en antioxydants : <\/strong>Nos gommes \u00e0 m\u00e2cher sont enrichies en antioxydants, ce qui permet non seulement de d\u00e9sintoxiquer l'organisme des radicaux libres, mais aussi de retarder le processus de vieillissement et de conserver une peau jeune et lisse.<\/li>\n\n\n\n<li><strong>Favorise la sant\u00e9 digestive :<\/strong> Nos gommes aux graines noires et au miel soutiennent la fonction digestive, calment la d\u00e9tresse gastro-intestinale, favorisent la sant\u00e9 intestinale et \u00e9quilibrent votre syst\u00e8me digestif.<\/li>\n<\/ul>\n<\/div>\n\n\n\n<div class=\"wp-block-column is-layout-flow wp-block-column-is-layout-flow\">\n<figure class=\"wp-block-image size-full\"><img decoding=\"async\" width=\"1500\" height=\"1500\" src=\"https:\/\/www.comehealthgroup.com\/wp-content\/uploads\/2025\/03\/Black-seed-honey-gummy_02.webp\" alt=\"Beauty Supplement Private Label Black Seed &amp; Honey Gummies-1\" class=\"wp-image-1806\" srcset=\"https:\/\/www.comehealthgroup.com\/wp-content\/uploads\/2025\/03\/Black-seed-honey-gummy_02.webp 1500w, https:\/\/www.comehealthgroup.com\/wp-content\/uploads\/2025\/03\/Black-seed-honey-gummy_02-300x300.webp 300w, https:\/\/www.comehealthgroup.com\/wp-content\/uploads\/2025\/03\/Black-seed-honey-gummy_02-150x150.webp 150w, https:\/\/www.comehealthgroup.com\/wp-content\/uploads\/2025\/03\/Black-seed-honey-gummy_02-768x768.webp 768w, https:\/\/www.comehealthgroup.com\/wp-content\/uploads\/2025\/03\/Black-seed-honey-gummy_02-12x12.webp 12w, https:\/\/www.comehealthgroup.com\/wp-content\/uploads\/2025\/03\/Black-seed-honey-gummy_02-1200x1200.webp 1200w, https:\/\/www.comehealthgroup.com\/wp-content\/uploads\/2025\/03\/Black-seed-honey-gummy_02-600x600.webp 600w, https:\/\/www.comehealthgroup.com\/wp-content\/uploads\/2025\/03\/Black-seed-honey-gummy_02-100x100.webp 100w\" sizes=\"(max-width: 1500px) 100vw, 1500px\" \/><\/figure>\n<\/div>\n<\/div>","protected":false},"excerpt":{"rendered":"<p>Bienvenue pour commander des gommes de compl\u00e9ment de beaut\u00e9 de marque priv\u00e9e. Nos gommes aux graines noires et au miel offrent de multiples avantages en mati\u00e8re de soutien immunitaire, d'effets anti-inflammatoires, d'antioxydants et de sant\u00e9 digestive, et conviennent \u00e0 tous les consommateurs soucieux de leur sant\u00e9 et de leur beaut\u00e9.<\/p>\n<table style=\"border-collapse: collapse; width: 520px; height: 224px;\" border=\"0\" width=\"799\" cellspacing=\"0\" cellpadding=\"0\">\n<tbody>\n<tr style=\"height: 13.50pt;\">\n<td style=\"height: 13.50pt; width: 132.40pt;\" width=\"353\" height=\"36\">Nom de la marque<\/td>\n<td style=\"width: 167.30pt;\" width=\"446\">Label blanc<\/td>\n<\/tr>\n<tr style=\"height: 13.50pt;\">\n<td style=\"height: 13.50pt;\" height=\"36\">Avantages du produit<\/td>\n<td>*Soutien du syst\u00e8me immunitaire<br \/>*anti-inflammatoire<br \/>*Riche en antioxydants<br \/>*Sant\u00e9 digestive<\/td>\n<\/tr>\n<tr style=\"height: 13.50pt;\">\n<td style=\"height: 13.50pt;\" height=\"36\">Forme posologique<\/td>\n<td>Gomme<\/td>\n<\/tr>\n<tr style=\"height: 13.50pt;\">\n<td style=\"height: 13.50pt;\" height=\"36\">Sp\u00e9cification du produit<\/td>\n<td>60 gommes\/bouteille<\/td>\n<\/tr>\n<tr style=\"height: 13.50pt;\">\n<td style=\"height: 13.50pt;\" height=\"36\">Dur\u00e9e de vie en rayon<\/td>\n<td>24 mois<\/td>\n<\/tr>\n<tr style=\"height: 13.50pt;\">\n<td style=\"height: 13.50pt;\" height=\"36\">Dimensions (cm)<\/td>\n<td>7X7X12<\/td>\n<\/tr>\n<tr style=\"height: 13.50pt;\">\n<td style=\"height: 13.50pt;\" height=\"36\">Poids net (kg)<\/td>\n<td>0,2 kg<\/td>\n<\/tr>\n<tr style=\"height: 13.50pt;\">\n<td style=\"height: 13.50pt;\" height=\"36\">Personnalisation<\/td>\n<td>Graphique, Logo, Paquet<\/td>\n<\/tr>\n<tr style=\"height: 13.50pt;\">\n<td style=\"height: 13.50pt;\" height=\"36\">Inventaire<\/td>\n<td>En stock<\/td>\n<\/tr>\n<\/tbody>\n<\/table>","protected":false},"featured_media":1804,"comment_status":"closed","ping_status":"closed","template":"","meta":{"_acf_changed":false},"product_brand":[],"product_cat":[40,36,34,32,29],"product_tag":[],"class_list":{"0":"post-1803","1":"product","2":"type-product","3":"status-publish","4":"has-post-thumbnail","6":"product_cat-private-label-gummy-supplements","7":"product_cat-private-label-beauty-supplements","8":"product_cat-private-label-health-supplements","9":"product_cat-private-label-immune-supplements","10":"product_cat-sports-supplements-wholesale","12":"first","13":"instock","14":"shipping-taxable","15":"product-type-simple"},"acf":[],"_links":{"self":[{"href":"https:\/\/www.comehealthgroup.com\/fr\/wp-json\/wp\/v2\/product\/1803","targetHints":{"allow":["GET"]}}],"collection":[{"href":"https:\/\/www.comehealthgroup.com\/fr\/wp-json\/wp\/v2\/product"}],"about":[{"href":"https:\/\/www.comehealthgroup.com\/fr\/wp-json\/wp\/v2\/types\/product"}],"replies":[{"embeddable":true,"href":"https:\/\/www.comehealthgroup.com\/fr\/wp-json\/wp\/v2\/comments?post=1803"}],"wp:featuredmedia":[{"embeddable":true,"href":"https:\/\/www.comehealthgroup.com\/fr\/wp-json\/wp\/v2\/media\/1804"}],"wp:attachment":[{"href":"https:\/\/www.comehealthgroup.com\/fr\/wp-json\/wp\/v2\/media?parent=1803"}],"wp:term":[{"taxonomy":"product_brand","embeddable":true,"href":"https:\/\/www.comehealthgroup.com\/fr\/wp-json\/wp\/v2\/product_brand?post=1803"},{"taxonomy":"product_cat","embeddable":true,"href":"https:\/\/www.comehealthgroup.com\/fr\/wp-json\/wp\/v2\/product_cat?post=1803"},{"taxonomy":"product_tag","embeddable":true,"href":"https:\/\/www.comehealthgroup.com\/fr\/wp-json\/wp\/v2\/product_tag?post=1803"}],"curies":[{"name":"wp","href":"https:\/\/api.w.org\/{rel}","templated":true}]}}