{"id":1818,"date":"2025-03-14T09:28:10","date_gmt":"2025-03-14T09:28:10","guid":{"rendered":"https:\/\/www.comehealthgroup.com\/?post_type=product&#038;p=1818"},"modified":"2025-03-17T01:29:51","modified_gmt":"2025-03-17T01:29:51","slug":"bulk-coq10-capsules","status":"publish","type":"product","link":"https:\/\/www.comehealthgroup.com\/fr\/product\/bulk-coq10-capsules\/","title":{"rendered":"Bulk CoQ10 Capsules 100mg, Private Label Coenzyme Q10 Wholesale"},"content":{"rendered":"<div class=\"wp-block-columns is-layout-flex wp-container-core-columns-is-layout-9d6595d7 wp-block-columns-is-layout-flex\">\n<div class=\"wp-block-column is-layout-flow wp-block-column-is-layout-flow\">\n<h2 class=\"wp-block-heading\">Caract\u00e9ristiques de Bulk Coq10 Capsules<\/h2>\n\n\n\n<ul class=\"wp-block-list\">\n<li><strong>Soutenir la production d'\u00e9nergie cellulaire : <\/strong>Nos g\u00e9lules de CoQ10 en vrac aident les mitochondries \u00e0 convertir efficacement l'\u00e9nergie et \u00e0 maintenir les fonctions corporelles. Une suppl\u00e9mentation en CoQ10 peut r\u00e9duire la fatigue, am\u00e9liorer l'endurance et vous permettre de tenir toute la journ\u00e9e.<\/li>\n\n\n\n<li><strong>Promouvoir la sant\u00e9 cardiaque :<\/strong> Cette marque priv\u00e9e de Coenzyme Q10 en gros a une action cardioprotectrice robuste qui peut renforcer le flux sanguin sain, am\u00e9liorer la fonction cardiaque et r\u00e9duire le stress oxydatif. Il est particuli\u00e8rement avantageux pour les personnes souffrant de probl\u00e8mes cardiovasculaires.<\/li>\n\n\n\n<li><strong>Puissant antioxydant : <\/strong>Nos g\u00e9lules de CoQ10 en vrac aident \u00e0 lutter contre les radicaux libres dans l'organisme, en r\u00e9duisant les dommages oxydatifs cellulaires et les niveaux d'inflammation, ce qui contribue \u00e0 maintenir un individu en bonne sant\u00e9, \u00e0 renforcer son immunit\u00e9 et \u00e0 lutter contre les effets n\u00e9fastes de la pollution de l'air.<\/li>\n\n\n\n<li><strong>Retarde le vieillissement : <\/strong>Notre marque de distributeur Coenzyme Q10 wholesale peut d\u00e9clencher la synth\u00e8se du collag\u00e8ne, r\u00e9duire les rides et les ridules, rajeunir l'\u00e9lasticit\u00e9 de la peau et permettre \u00e0 la peau de rester ferme et lisse. Il accomplit tout cela tout en r\u00e9parant les cellules et en ralentissant le processus de vieillissement.<\/li>\n<\/ul>\n<\/div>\n\n\n\n<div class=\"wp-block-column is-layout-flow wp-block-column-is-layout-flow\">\n<figure class=\"wp-block-image size-full\"><img decoding=\"async\" width=\"1920\" height=\"1920\" src=\"https:\/\/www.comehealthgroup.com\/wp-content\/uploads\/2025\/03\/CoQ10-capsules_3.webp\" alt=\"\" class=\"wp-image-2040\" srcset=\"https:\/\/www.comehealthgroup.com\/wp-content\/uploads\/2025\/03\/CoQ10-capsules_3.webp 1920w, https:\/\/www.comehealthgroup.com\/wp-content\/uploads\/2025\/03\/CoQ10-capsules_3-300x300.webp 300w, https:\/\/www.comehealthgroup.com\/wp-content\/uploads\/2025\/03\/CoQ10-capsules_3-150x150.webp 150w, https:\/\/www.comehealthgroup.com\/wp-content\/uploads\/2025\/03\/CoQ10-capsules_3-768x768.webp 768w, https:\/\/www.comehealthgroup.com\/wp-content\/uploads\/2025\/03\/CoQ10-capsules_3-12x12.webp 12w, https:\/\/www.comehealthgroup.com\/wp-content\/uploads\/2025\/03\/CoQ10-capsules_3-1200x1200.webp 1200w, https:\/\/www.comehealthgroup.com\/wp-content\/uploads\/2025\/03\/CoQ10-capsules_3-600x600.webp 600w, https:\/\/www.comehealthgroup.com\/wp-content\/uploads\/2025\/03\/CoQ10-capsules_3-100x100.webp 100w\" sizes=\"(max-width: 1920px) 100vw, 1920px\" \/><\/figure>\n<\/div>\n<\/div>","protected":false},"excerpt":{"rendered":"<p>Bienvenue \u00e0 l'achat de capsules de CoQ10 en vrac. Notre marque de distributeur Coenzyme Q10 en gros fournit de l'\u00e9nergie aux cellules, favorise la sant\u00e9 cardiaque, am\u00e9liore la capacit\u00e9 antioxydante et retarde le vieillissement. L'approvisionnement direct de l'usine, soutient la vente en gros et la personnalisation OEM, pour aider votre entreprise de compl\u00e9ments alimentaires.<\/p>\n<table style=\"border-collapse: collapse;width: 515px;height: 222px\" border=\"0\" width=\"799\" cellspacing=\"0\" cellpadding=\"0\">\n<tbody>\n<tr style=\"height: 13.50pt\">\n<td style=\"height: 13.50pt;width: 132.40pt\" width=\"353\" height=\"36\">Nom de la marque<\/td>\n<td style=\"width: 167.30pt\" width=\"446\">Label blanc<\/td>\n<\/tr>\n<tr style=\"height: 13.50pt\">\n<td style=\"height: 13.50pt\" height=\"36\">Avantages du produit<\/td>\n<td>*Production d'\u00e9nergie<br \/>*Sant\u00e9 cardiaque<br \/>*Propri\u00e9t\u00e9s antioxydantes<br \/>*Anti-\u00e2ge<\/td>\n<\/tr>\n<tr style=\"height: 13.50pt\">\n<td style=\"height: 13.50pt\" height=\"36\">Forme posologique<\/td>\n<td>Capsules<\/td>\n<\/tr>\n<tr style=\"height: 13.50pt\">\n<td style=\"height: 13.50pt\" height=\"36\">Sp\u00e9cification du produit<\/td>\n<td>60 g\u00e9lules\/bouteille<\/td>\n<\/tr>\n<tr style=\"height: 13.50pt\">\n<td style=\"height: 13.50pt\" height=\"36\">Dur\u00e9e de vie en rayon<\/td>\n<td>24 mois<\/td>\n<\/tr>\n<tr style=\"height: 13.50pt\">\n<td style=\"height: 13.50pt\" height=\"36\">Dimensions (cm)<\/td>\n<td>7X7X12<\/td>\n<\/tr>\n<tr style=\"height: 13.50pt\">\n<td style=\"height: 13.50pt\" height=\"36\">Poids net (kg)<\/td>\n<td>0,2 kg<\/td>\n<\/tr>\n<tr style=\"height: 13.50pt\">\n<td style=\"height: 13.50pt\" height=\"36\">Personnalisation<\/td>\n<td>Graphique, Logo, Paquet<\/td>\n<\/tr>\n<tr style=\"height: 13.50pt\">\n<td style=\"height: 13.50pt\" height=\"36\">Inventaire<\/td>\n<td>En stock<\/td>\n<\/tr>\n<\/tbody>\n<\/table>","protected":false},"featured_media":2038,"comment_status":"closed","ping_status":"closed","template":"","meta":{"_acf_changed":false},"product_brand":[],"product_cat":[39,36,34],"product_tag":[],"class_list":{"0":"post-1818","1":"product","2":"type-product","3":"status-publish","4":"has-post-thumbnail","6":"product_cat-bulk-supplements-capsules","7":"product_cat-private-label-beauty-supplements","8":"product_cat-private-label-health-supplements","10":"first","11":"instock","12":"shipping-taxable","13":"product-type-simple"},"acf":[],"_links":{"self":[{"href":"https:\/\/www.comehealthgroup.com\/fr\/wp-json\/wp\/v2\/product\/1818","targetHints":{"allow":["GET"]}}],"collection":[{"href":"https:\/\/www.comehealthgroup.com\/fr\/wp-json\/wp\/v2\/product"}],"about":[{"href":"https:\/\/www.comehealthgroup.com\/fr\/wp-json\/wp\/v2\/types\/product"}],"replies":[{"embeddable":true,"href":"https:\/\/www.comehealthgroup.com\/fr\/wp-json\/wp\/v2\/comments?post=1818"}],"wp:featuredmedia":[{"embeddable":true,"href":"https:\/\/www.comehealthgroup.com\/fr\/wp-json\/wp\/v2\/media\/2038"}],"wp:attachment":[{"href":"https:\/\/www.comehealthgroup.com\/fr\/wp-json\/wp\/v2\/media?parent=1818"}],"wp:term":[{"taxonomy":"product_brand","embeddable":true,"href":"https:\/\/www.comehealthgroup.com\/fr\/wp-json\/wp\/v2\/product_brand?post=1818"},{"taxonomy":"product_cat","embeddable":true,"href":"https:\/\/www.comehealthgroup.com\/fr\/wp-json\/wp\/v2\/product_cat?post=1818"},{"taxonomy":"product_tag","embeddable":true,"href":"https:\/\/www.comehealthgroup.com\/fr\/wp-json\/wp\/v2\/product_tag?post=1818"}],"curies":[{"name":"wp","href":"https:\/\/api.w.org\/{rel}","templated":true}]}}