{"id":1830,"date":"2025-03-04T06:23:38","date_gmt":"2025-03-04T06:23:38","guid":{"rendered":"https:\/\/www.comehealthgroup.com\/?post_type=product&#038;p=1830"},"modified":"2025-03-19T07:29:39","modified_gmt":"2025-03-19T07:29:39","slug":"private-label-hair-vitamins","status":"publish","type":"product","link":"https:\/\/www.comehealthgroup.com\/fr\/product\/private-label-hair-vitamins\/","title":{"rendered":"Private Label Hair Vitamins Gummy Supplements Wholesale"},"content":{"rendered":"<div class=\"wp-block-columns is-layout-flex wp-container-core-columns-is-layout-9d6595d7 wp-block-columns-is-layout-flex\">\n<div class=\"wp-block-column is-layout-flow wp-block-column-is-layout-flow\">\n<h2 class=\"wp-block-heading\">Caract\u00e9ristiques de Private Label Hair Vitamins Gummies<\/h2>\n\n\n\n<ul class=\"wp-block-list\">\n<li><strong>Favorise la croissance des cheveux : <\/strong>Nos gommes de vitamines capillaires de marque priv\u00e9e sont riches en biotine, en vitamines et en min\u00e9raux essentiels, qui peuvent activer efficacement la fonction du follicule pileux, favoriser la croissance des cheveux et r\u00e9duire la chute des cheveux.<\/li>\n\n\n\n<li><strong>Renforcer les cheveux : <\/strong>Nos vitamines pour la croissance des cheveux en gros utilisent des nutriments \u00e0 haute efficacit\u00e9 pour nourrir les cheveux en profondeur, les renforcer de l'int\u00e9rieur, r\u00e9duire les cassures et la fragilit\u00e9, et rendre les cheveux plus forts et plus \u00e9lastiques.<\/li>\n\n\n\n<li><strong>Am\u00e9liorer la qualit\u00e9 des cheveux : <\/strong>Nos gommes de vitamines capillaires sous marque de distributeur sont sp\u00e9cialement formul\u00e9es avec des propri\u00e9t\u00e9s hydratantes pour restaurer les cheveux ab\u00eem\u00e9s, r\u00e9duire les frisottis, rendre les cheveux plus lisses et plus faciles \u00e0 coiffer, et afficher une texture naturellement douce et soyeuse.<\/li>\n\n\n\n<li><strong>Nourrit le cuir chevelu : <\/strong>Nos vitamines pour la croissance des cheveux en gros nourrissent en profondeur le cuir chevelu avec des vitamines essentielles et des antioxydants, r\u00e9duisant la s\u00e9cheresse et les probl\u00e8mes de pellicules, cr\u00e9ant ainsi une excellente plate-forme pour une croissance saine des cheveux.<\/li>\n<\/ul>\n<\/div>\n\n\n\n<div class=\"wp-block-column is-layout-flow wp-block-column-is-layout-flow\">\n<figure class=\"wp-block-image size-full\"><img decoding=\"async\" width=\"1100\" height=\"1100\" src=\"https:\/\/www.comehealthgroup.com\/wp-content\/uploads\/2025\/03\/Hair-Vitamins_04-1.webp\" alt=\"\" class=\"wp-image-2068\" srcset=\"https:\/\/www.comehealthgroup.com\/wp-content\/uploads\/2025\/03\/Hair-Vitamins_04-1.webp 1100w, https:\/\/www.comehealthgroup.com\/wp-content\/uploads\/2025\/03\/Hair-Vitamins_04-1-300x300.webp 300w, https:\/\/www.comehealthgroup.com\/wp-content\/uploads\/2025\/03\/Hair-Vitamins_04-1-150x150.webp 150w, https:\/\/www.comehealthgroup.com\/wp-content\/uploads\/2025\/03\/Hair-Vitamins_04-1-768x768.webp 768w, https:\/\/www.comehealthgroup.com\/wp-content\/uploads\/2025\/03\/Hair-Vitamins_04-1-12x12.webp 12w, https:\/\/www.comehealthgroup.com\/wp-content\/uploads\/2025\/03\/Hair-Vitamins_04-1-600x600.webp 600w, https:\/\/www.comehealthgroup.com\/wp-content\/uploads\/2025\/03\/Hair-Vitamins_04-1-100x100.webp 100w\" sizes=\"(max-width: 1100px) 100vw, 1100px\" \/><\/figure>\n<\/div>\n<\/div>","protected":false},"excerpt":{"rendered":"<p>Bienvenue sur le site d'achat en gros de vitamines pour la croissance des cheveux. Nos gommes vitamines pour cheveux de marque priv\u00e9e sont scientifiquement formul\u00e9es pour faire pousser les cheveux, les renforcer, am\u00e9liorer leur qualit\u00e9 et favoriser le cuir chevelu. D\u00e9licieuses et faciles \u00e0 prendre, elles apportent quotidiennement des nutriments essentiels pour rendre vos cheveux plus sains, plus \u00e9pais et plus brillants.<\/p>\n<table style=\"border-collapse: collapse;width: 513px;height: 223px\" border=\"0\" width=\"799\" cellspacing=\"0\" cellpadding=\"0\">\n<tbody>\n<tr style=\"height: 13.50pt\">\n<td style=\"height: 13.50pt;width: 132.40pt\" width=\"353\" height=\"36\">Nom de la marque<\/td>\n<td style=\"width: 167.30pt\" width=\"446\">Label blanc<\/td>\n<\/tr>\n<tr style=\"height: 13.50pt\">\n<td style=\"height: 13.50pt\" height=\"36\">Avantages du produit<\/td>\n<td>\n<p>*Favorise la croissance des cheveux<\/p>\n<p>*Strengthens Hair<\/p>\n<p>*Am\u00e9liore la texture des cheveux<\/p>\n<p>*Soutient la sant\u00e9 du cuir chevelu<\/p>\n<\/td>\n<\/tr>\n<tr style=\"height: 13.50pt\">\n<td style=\"height: 13.50pt\" height=\"36\">Forme posologique<\/td>\n<td>Gomme<\/td>\n<\/tr>\n<tr style=\"height: 13.50pt\">\n<td style=\"height: 13.50pt\" height=\"36\">Sp\u00e9cification du produit<\/td>\n<td>60 gommes\/bouteille<\/td>\n<\/tr>\n<tr style=\"height: 13.50pt\">\n<td style=\"height: 13.50pt\" height=\"36\">Dur\u00e9e de vie en rayon<\/td>\n<td>24 mois<\/td>\n<\/tr>\n<tr style=\"height: 13.50pt\">\n<td style=\"height: 13.50pt\" height=\"36\">Dimensions (cm)<\/td>\n<td>7X7X12<\/td>\n<\/tr>\n<tr style=\"height: 13.50pt\">\n<td style=\"height: 13.50pt\" height=\"36\">Poids net (kg)<\/td>\n<td>0,2 kg<\/td>\n<\/tr>\n<tr style=\"height: 13.50pt\">\n<td style=\"height: 13.50pt\" height=\"36\">Personnalisation<\/td>\n<td>Graphique, Logo, Paquet<\/td>\n<\/tr>\n<tr style=\"height: 13.50pt\">\n<td style=\"height: 13.50pt\" height=\"36\">Inventaire<\/td>\n<td>En stock<\/td>\n<\/tr>\n<\/tbody>\n<\/table>","protected":false},"featured_media":2070,"comment_status":"closed","ping_status":"closed","template":"","meta":{"_acf_changed":false},"product_brand":[],"product_cat":[40,36,41],"product_tag":[],"class_list":{"0":"post-1830","1":"product","2":"type-product","3":"status-publish","4":"has-post-thumbnail","6":"product_cat-private-label-gummy-supplements","7":"product_cat-private-label-beauty-supplements","8":"product_cat-bulk-vitamins-and-minerals-supplements","10":"first","11":"instock","12":"shipping-taxable","13":"product-type-simple"},"acf":[],"_links":{"self":[{"href":"https:\/\/www.comehealthgroup.com\/fr\/wp-json\/wp\/v2\/product\/1830","targetHints":{"allow":["GET"]}}],"collection":[{"href":"https:\/\/www.comehealthgroup.com\/fr\/wp-json\/wp\/v2\/product"}],"about":[{"href":"https:\/\/www.comehealthgroup.com\/fr\/wp-json\/wp\/v2\/types\/product"}],"replies":[{"embeddable":true,"href":"https:\/\/www.comehealthgroup.com\/fr\/wp-json\/wp\/v2\/comments?post=1830"}],"wp:featuredmedia":[{"embeddable":true,"href":"https:\/\/www.comehealthgroup.com\/fr\/wp-json\/wp\/v2\/media\/2070"}],"wp:attachment":[{"href":"https:\/\/www.comehealthgroup.com\/fr\/wp-json\/wp\/v2\/media?parent=1830"}],"wp:term":[{"taxonomy":"product_brand","embeddable":true,"href":"https:\/\/www.comehealthgroup.com\/fr\/wp-json\/wp\/v2\/product_brand?post=1830"},{"taxonomy":"product_cat","embeddable":true,"href":"https:\/\/www.comehealthgroup.com\/fr\/wp-json\/wp\/v2\/product_cat?post=1830"},{"taxonomy":"product_tag","embeddable":true,"href":"https:\/\/www.comehealthgroup.com\/fr\/wp-json\/wp\/v2\/product_tag?post=1830"}],"curies":[{"name":"wp","href":"https:\/\/api.w.org\/{rel}","templated":true}]}}