{"id":1853,"date":"2025-03-20T07:48:24","date_gmt":"2025-03-20T07:48:24","guid":{"rendered":"https:\/\/www.comehealthgroup.com\/?post_type=product&#038;p=1853"},"modified":"2025-03-21T06:24:37","modified_gmt":"2025-03-21T06:24:37","slug":"creatine-gummies-wholesale","status":"publish","type":"product","link":"https:\/\/www.comehealthgroup.com\/fr\/product\/creatine-gummies-wholesale\/","title":{"rendered":"White Label Creatine Gummies Wholesale For Mind &amp; Body"},"content":{"rendered":"<div class=\"wp-block-columns is-layout-flex wp-container-core-columns-is-layout-9d6595d7 wp-block-columns-is-layout-flex\">\n<div class=\"wp-block-column is-layout-flow wp-block-column-is-layout-flow\">\n<h2 class=\"wp-block-heading\">Caract\u00e9ristiques de Creatine Gummies Wholesale<\/h2>\n\n\n\n<ul class=\"wp-block-list\">\n<li><strong>Renforcer l'immunit\u00e9 et maintenir la sant\u00e9 et la vitalit\u00e9 : <\/strong>Nos gommes \u00e0 la cr\u00e9atine en marque blanche sont remplies de cr\u00e9atine et d'autres nutriments immunitaires qui aideront \u00e0 am\u00e9liorer l'immunit\u00e9 du corps, \u00e0 r\u00e9duire la fatigue et \u00e0 am\u00e9liorer la sant\u00e9 en g\u00e9n\u00e9ral.<\/li>\n\n\n\n<li><strong>Anti-inflammatoire r\u00e9parateur et aide \u00e0 la r\u00e9cup\u00e9ration sportive : <\/strong>Nos gommes de cr\u00e9atine sous marque de distributeur poss\u00e8dent les meilleurs agents anti-inflammatoires, qui aideront \u00e0 r\u00e9duire les traumatismes musculaires et l'inflammation induits par l'exercice, \u00e0 augmenter le taux de r\u00e9cup\u00e9ration du corps et \u00e0 offrir une performance sportive d'endurance.<\/li>\n\n\n\n<li><strong>Nourrit la peau et favorise sa sant\u00e9 : <\/strong>Ces gommes \u00e0 la cr\u00e9atine contiennent en gros des ingr\u00e9dients sains qui stimulent le collag\u00e8ne, am\u00e9liorent l'\u00e9lasticit\u00e9 et l'\u00e9clat de la peau et conservent une peau saine et ferme.<\/li>\n\n\n\n<li><strong>Optimiser le syst\u00e8me digestif et favoriser l'absorption des nutriments : <\/strong>Nos gommes \u00e0 la cr\u00e9atine sont con\u00e7ues pour favoriser la sant\u00e9 gastro-intestinale, l'absorption efficace des nutriments, la condition physique et le d\u00e9veloppement de l'organisme.<\/li>\n<\/ul>\n<\/div>\n\n\n\n<div class=\"wp-block-column is-layout-flow wp-block-column-is-layout-flow\">\n<figure class=\"wp-block-image size-full\"><img decoding=\"async\" width=\"800\" height=\"800\" src=\"https:\/\/www.comehealthgroup.com\/wp-content\/uploads\/2025\/03\/Creatine-Gummies_01.webp\" alt=\"\" class=\"wp-image-2164\" srcset=\"https:\/\/www.comehealthgroup.com\/wp-content\/uploads\/2025\/03\/Creatine-Gummies_01.webp 800w, https:\/\/www.comehealthgroup.com\/wp-content\/uploads\/2025\/03\/Creatine-Gummies_01-300x300.webp 300w, https:\/\/www.comehealthgroup.com\/wp-content\/uploads\/2025\/03\/Creatine-Gummies_01-150x150.webp 150w, https:\/\/www.comehealthgroup.com\/wp-content\/uploads\/2025\/03\/Creatine-Gummies_01-768x768.webp 768w, https:\/\/www.comehealthgroup.com\/wp-content\/uploads\/2025\/03\/Creatine-Gummies_01-12x12.webp 12w, https:\/\/www.comehealthgroup.com\/wp-content\/uploads\/2025\/03\/Creatine-Gummies_01-600x600.webp 600w, https:\/\/www.comehealthgroup.com\/wp-content\/uploads\/2025\/03\/Creatine-Gummies_01-100x100.webp 100w\" sizes=\"(max-width: 800px) 100vw, 800px\" \/><\/figure>\n<\/div>\n<\/div>\n\n\n\n<p><\/p>","protected":false},"excerpt":{"rendered":"<p>Bienvenue dans la personnalisation du suppl\u00e9ment de cr\u00e9atine en marque priv\u00e9e. Cette marque blanche de gommes de cr\u00e9atine en gros aide non seulement \u00e0 am\u00e9liorer la forme physique, mais aussi \u00e0 promouvoir l'immunit\u00e9, l'anti-inflammation et \u00e0 am\u00e9liorer la sant\u00e9 de la peau et de l'appareil digestif. Il a un go\u00fbt d\u00e9licieux, est facile \u00e0 transporter et peut \u00eatre vendu en gros par OEM.<\/p>\n<table style=\"border-collapse: collapse;width: 514px;height: 222px\" border=\"0\" width=\"799\" cellspacing=\"0\" cellpadding=\"0\">\n<tbody>\n<tr style=\"height: 13.50pt\">\n<td style=\"height: 13.50pt;width: 132.40pt\" width=\"353\" height=\"36\">Nom de la marque<\/td>\n<td style=\"width: 167.30pt\" width=\"446\">Label blanc<\/td>\n<\/tr>\n<tr style=\"height: 13.50pt\">\n<td style=\"height: 13.50pt\" height=\"36\">Avantages du produit<\/td>\n<td>*Soutien immunitaire<br \/>*anti-inflammatoire<br \/>*Sant\u00e9 de la peau<br \/>*Sant\u00e9 digestive<\/td>\n<\/tr>\n<tr style=\"height: 13.50pt\">\n<td style=\"height: 13.50pt\" height=\"36\">Forme posologique<\/td>\n<td>Gomme<\/td>\n<\/tr>\n<tr style=\"height: 13.50pt\">\n<td style=\"height: 13.50pt\" height=\"36\">Sp\u00e9cification du produit<\/td>\n<td>60 gommes\/bouteille<\/td>\n<\/tr>\n<tr style=\"height: 13.50pt\">\n<td style=\"height: 13.50pt\" height=\"36\">Dur\u00e9e de vie en rayon<\/td>\n<td>24 mois<\/td>\n<\/tr>\n<tr style=\"height: 13.50pt\">\n<td style=\"height: 13.50pt\" height=\"36\">Dimensions (cm)<\/td>\n<td>7X7X12<\/td>\n<\/tr>\n<tr style=\"height: 13.50pt\">\n<td style=\"height: 13.50pt\" height=\"36\">Poids net (kg)<\/td>\n<td>0,2 kg<\/td>\n<\/tr>\n<tr style=\"height: 13.50pt\">\n<td style=\"height: 13.50pt\" height=\"36\">Personnalisation<\/td>\n<td>Graphique, Logo, Paquet<\/td>\n<\/tr>\n<tr style=\"height: 13.50pt\">\n<td style=\"height: 13.50pt\" height=\"36\">Inventaire<\/td>\n<td>En stock<\/td>\n<\/tr>\n<\/tbody>\n<\/table>","protected":false},"featured_media":2168,"comment_status":"closed","ping_status":"closed","template":"","meta":{"_acf_changed":false},"product_brand":[],"product_cat":[40,36,34,32],"product_tag":[],"class_list":{"0":"post-1853","1":"product","2":"type-product","3":"status-publish","4":"has-post-thumbnail","6":"product_cat-private-label-gummy-supplements","7":"product_cat-private-label-beauty-supplements","8":"product_cat-private-label-health-supplements","9":"product_cat-private-label-immune-supplements","11":"first","12":"instock","13":"shipping-taxable","14":"product-type-simple"},"acf":[],"_links":{"self":[{"href":"https:\/\/www.comehealthgroup.com\/fr\/wp-json\/wp\/v2\/product\/1853","targetHints":{"allow":["GET"]}}],"collection":[{"href":"https:\/\/www.comehealthgroup.com\/fr\/wp-json\/wp\/v2\/product"}],"about":[{"href":"https:\/\/www.comehealthgroup.com\/fr\/wp-json\/wp\/v2\/types\/product"}],"replies":[{"embeddable":true,"href":"https:\/\/www.comehealthgroup.com\/fr\/wp-json\/wp\/v2\/comments?post=1853"}],"wp:featuredmedia":[{"embeddable":true,"href":"https:\/\/www.comehealthgroup.com\/fr\/wp-json\/wp\/v2\/media\/2168"}],"wp:attachment":[{"href":"https:\/\/www.comehealthgroup.com\/fr\/wp-json\/wp\/v2\/media?parent=1853"}],"wp:term":[{"taxonomy":"product_brand","embeddable":true,"href":"https:\/\/www.comehealthgroup.com\/fr\/wp-json\/wp\/v2\/product_brand?post=1853"},{"taxonomy":"product_cat","embeddable":true,"href":"https:\/\/www.comehealthgroup.com\/fr\/wp-json\/wp\/v2\/product_cat?post=1853"},{"taxonomy":"product_tag","embeddable":true,"href":"https:\/\/www.comehealthgroup.com\/fr\/wp-json\/wp\/v2\/product_tag?post=1853"}],"curies":[{"name":"wp","href":"https:\/\/api.w.org\/{rel}","templated":true}]}}