{"id":1872,"date":"2025-03-13T09:54:13","date_gmt":"2025-03-13T09:54:13","guid":{"rendered":"https:\/\/www.comehealthgroup.com\/?post_type=product&#038;p=1872"},"modified":"2025-03-19T03:10:34","modified_gmt":"2025-03-19T03:10:34","slug":"wholesale-hair-vitamins","status":"publish","type":"product","link":"https:\/\/www.comehealthgroup.com\/fr\/product\/wholesale-hair-vitamins\/","title":{"rendered":"Vitamines capillaires en gros, suppl\u00e9ment capillaire sous marque de distributeur"},"content":{"rendered":"<div class=\"wp-block-columns is-layout-flex wp-container-core-columns-is-layout-9d6595d7 wp-block-columns-is-layout-flex\">\n<div class=\"wp-block-column is-layout-flow wp-block-column-is-layout-flow\">\n<h2 class=\"wp-block-heading\">Caract\u00e9ristiques des vitamines capillaires en gros<\/h2>\n\n\n\n<ul class=\"wp-block-list\">\n<li><strong>Favorise la croissance des cheveux : <\/strong>Nos gommes de vitamines capillaires en gros sont riches en biotine, en vitamines B et autres nutriments. Ces compl\u00e9ments alimentaires pour cheveux peuvent nourrir en profondeur les follicules pileux et favoriser la croissance de nouveaux cheveux sains. La prise \u00e0 long terme peut am\u00e9liorer le probl\u00e8me de l'amincissement de la ligne des cheveux, rendre les cheveux plus \u00e9pais et plus brillants.<\/li>\n\n\n\n<li><strong>Am\u00e9liore la force des cheveux : <\/strong>Ce suppl\u00e9ment capillaire de marque priv\u00e9e utilise une formule fonctionnelle pour aider \u00e0 promouvoir la force des cheveux et \u00e0 r\u00e9duire la fragilit\u00e9, les cassures et les pointes fourchues caus\u00e9es par une carence nutritionnelle.<\/li>\n\n\n\n<li><strong>Am\u00e9liorer la sant\u00e9 g\u00e9n\u00e9rale des cheveux :<\/strong> Ces gommes de vitamines capillaires en gros ne se contentent pas de faire pousser et de renforcer les cheveux, elles am\u00e9liorent \u00e9galement leur sant\u00e9 g\u00e9n\u00e9rale. Elles r\u00e9duisent la s\u00e9cheresse du cuir chevelu et am\u00e9liorent l'\u00e9quilibre du s\u00e9bum.<\/li>\n\n\n\n<li><strong>D\u00e9licieux et facile \u00e0 manger : <\/strong>Ce compl\u00e9ment capillaire sous marque de distributeur se pr\u00e9sente sous la forme d'un bonbon g\u00e9lifi\u00e9 au go\u00fbt d\u00e9licieux, qui peut \u00eatre appr\u00e9ci\u00e9 par des personnes de tous \u00e2ges. Il ne contient pas de colorants artificiels et ne contient pas de gluten, ce qui permet d'appr\u00e9cier le bon go\u00fbt tout en obtenant facilement les nutriments n\u00e9cessaires \u00e0 la sant\u00e9 des cheveux.<\/li>\n<\/ul>\n<\/div>\n\n\n\n<div class=\"wp-block-column is-layout-flow wp-block-column-is-layout-flow\">\n<figure class=\"wp-block-image size-full\"><img decoding=\"async\" width=\"973\" height=\"964\" src=\"https:\/\/www.comehealthgroup.com\/wp-content\/uploads\/2025\/03\/Hair-Vitamins-2.webp\" alt=\"\" class=\"wp-image-2048\" srcset=\"https:\/\/www.comehealthgroup.com\/wp-content\/uploads\/2025\/03\/Hair-Vitamins-2.webp 973w, https:\/\/www.comehealthgroup.com\/wp-content\/uploads\/2025\/03\/Hair-Vitamins-2-300x297.webp 300w, https:\/\/www.comehealthgroup.com\/wp-content\/uploads\/2025\/03\/Hair-Vitamins-2-150x150.webp 150w, https:\/\/www.comehealthgroup.com\/wp-content\/uploads\/2025\/03\/Hair-Vitamins-2-768x761.webp 768w, https:\/\/www.comehealthgroup.com\/wp-content\/uploads\/2025\/03\/Hair-Vitamins-2-12x12.webp 12w, https:\/\/www.comehealthgroup.com\/wp-content\/uploads\/2025\/03\/Hair-Vitamins-2-600x594.webp 600w, https:\/\/www.comehealthgroup.com\/wp-content\/uploads\/2025\/03\/Hair-Vitamins-2-100x100.webp 100w\" sizes=\"(max-width: 973px) 100vw, 973px\" \/><\/figure>\n<\/div>\n<\/div>","protected":false},"excerpt":{"rendered":"<p>Bienvenue \u00e0 l'achat en gros de vitamines pour cheveux sous forme de gommes. Notre marque priv\u00e9e de compl\u00e9ments alimentaires pour cheveux est con\u00e7ue pour favoriser la croissance des cheveux, les rendre plus forts et am\u00e9liorer la sant\u00e9 g\u00e9n\u00e9rale des cheveux. Ces gommes vitamin\u00e9es d\u00e9licieuses et faciles \u00e0 prendre sont remplies de biotine, de vitamines et de nutriments vitaux pour aider \u00e0 nourrir le cuir chevelu et \u00e0 r\u00e9duire la casse des cheveux.<\/p>\n<table style=\"border-collapse: collapse;width: 513px;height: 220px\" border=\"0\" width=\"799\" cellspacing=\"0\" cellpadding=\"0\">\n<tbody>\n<tr style=\"height: 13.50pt\">\n<td style=\"height: 13.50pt;width: 132.40pt\" width=\"353\" height=\"36\">Nom de la marque<\/td>\n<td style=\"width: 167.30pt\" width=\"446\">Label blanc<\/td>\n<\/tr>\n<tr style=\"height: 13.50pt\">\n<td style=\"height: 13.50pt\" height=\"36\">Avantages du produit<\/td>\n<td>*Favorise la croissance des cheveux <br \/>*Renforce la force des cheveux <br \/>*Am\u00e9liore la sant\u00e9 g\u00e9n\u00e9rale des cheveux <br \/>*Facile \u00e0 prendre et d\u00e9licieux<\/td>\n<\/tr>\n<tr style=\"height: 13.50pt\">\n<td style=\"height: 13.50pt\" height=\"36\">Forme posologique<\/td>\n<td>Gomme<\/td>\n<\/tr>\n<tr style=\"height: 13.50pt\">\n<td style=\"height: 13.50pt\" height=\"36\">Sp\u00e9cification du produit<\/td>\n<td>60 gommes\/bouteille<\/td>\n<\/tr>\n<tr style=\"height: 13.50pt\">\n<td style=\"height: 13.50pt\" height=\"36\">Dur\u00e9e de vie en rayon<\/td>\n<td>24 mois<\/td>\n<\/tr>\n<tr style=\"height: 13.50pt\">\n<td style=\"height: 13.50pt\" height=\"36\">Dimensions (cm)<\/td>\n<td>7X7X12<\/td>\n<\/tr>\n<tr style=\"height: 13.50pt\">\n<td style=\"height: 13.50pt\" height=\"36\">Poids net (kg)<\/td>\n<td>0,2 kg<\/td>\n<\/tr>\n<tr style=\"height: 13.50pt\">\n<td style=\"height: 13.50pt\" height=\"36\">Personnalisation<\/td>\n<td>Graphique, Logo, Paquet<\/td>\n<\/tr>\n<tr style=\"height: 13.50pt\">\n<td style=\"height: 13.50pt\" height=\"36\">Inventaire<\/td>\n<td>En stock<\/td>\n<\/tr>\n<\/tbody>\n<\/table>","protected":false},"featured_media":2047,"comment_status":"closed","ping_status":"closed","template":"","meta":{"_acf_changed":false},"product_brand":[],"product_cat":[40,36],"product_tag":[],"class_list":{"0":"post-1872","1":"product","2":"type-product","3":"status-publish","4":"has-post-thumbnail","6":"product_cat-private-label-gummy-supplements","7":"product_cat-private-label-beauty-supplements","9":"first","10":"instock","11":"shipping-taxable","12":"product-type-simple"},"acf":[],"_links":{"self":[{"href":"https:\/\/www.comehealthgroup.com\/fr\/wp-json\/wp\/v2\/product\/1872","targetHints":{"allow":["GET"]}}],"collection":[{"href":"https:\/\/www.comehealthgroup.com\/fr\/wp-json\/wp\/v2\/product"}],"about":[{"href":"https:\/\/www.comehealthgroup.com\/fr\/wp-json\/wp\/v2\/types\/product"}],"replies":[{"embeddable":true,"href":"https:\/\/www.comehealthgroup.com\/fr\/wp-json\/wp\/v2\/comments?post=1872"}],"wp:featuredmedia":[{"embeddable":true,"href":"https:\/\/www.comehealthgroup.com\/fr\/wp-json\/wp\/v2\/media\/2047"}],"wp:attachment":[{"href":"https:\/\/www.comehealthgroup.com\/fr\/wp-json\/wp\/v2\/media?parent=1872"}],"wp:term":[{"taxonomy":"product_brand","embeddable":true,"href":"https:\/\/www.comehealthgroup.com\/fr\/wp-json\/wp\/v2\/product_brand?post=1872"},{"taxonomy":"product_cat","embeddable":true,"href":"https:\/\/www.comehealthgroup.com\/fr\/wp-json\/wp\/v2\/product_cat?post=1872"},{"taxonomy":"product_tag","embeddable":true,"href":"https:\/\/www.comehealthgroup.com\/fr\/wp-json\/wp\/v2\/product_tag?post=1872"}],"curies":[{"name":"wp","href":"https:\/\/api.w.org\/{rel}","templated":true}]}}