{"id":1889,"date":"2025-03-25T10:11:22","date_gmt":"2025-03-25T10:11:22","guid":{"rendered":"https:\/\/www.comehealthgroup.com\/?post_type=product&#038;p=1889"},"modified":"2025-03-25T10:11:23","modified_gmt":"2025-03-25T10:11:23","slug":"private-label-chlorophyll-gummy","status":"publish","type":"product","link":"https:\/\/www.comehealthgroup.com\/fr\/product\/private-label-chlorophyll-gummy\/","title":{"rendered":"Gomme de chlorophylle de marque priv\u00e9e pour la d\u00e9sintoxication du foie et la clart\u00e9 de la peau"},"content":{"rendered":"<div class=\"wp-block-columns is-layout-flex wp-container-core-columns-is-layout-9d6595d7 wp-block-columns-is-layout-flex\">\n<div class=\"wp-block-column is-layout-flow wp-block-column-is-layout-flow\">\n<h2 class=\"wp-block-heading\">Features of Private Label Chlorophyll Gummy<\/h2>\n\n\n\n<ul class=\"wp-block-list\">\n<li><strong>Natural detoxification support: <\/strong>Because of its powerful cleansing ability, our private label Chlorophyll gummy cleanses the body of toxins, supports liver function, helps maintain stability within the body, and provides overall health.<\/li>\n\n\n\n<li><strong>Boost energy and vitality: <\/strong>Our wholesale chlorophyll supplements help increase oxygen delivery in the blood, enhance cellular energy metabolism, reduce fatigue, and keep the body energized.<\/li>\n\n\n\n<li><strong>Promote digestion and intestinal health:<\/strong> This private label Chlorophyll gummy helps maintains the intestinal flora balance, soothe digestive uneasiness, encourage intestinal peristalsis, and have the digestive system functioning more efficiently.<\/li>\n\n\n\n<li><strong>Rich in antioxidant ingredients: <\/strong>Chlorophyll is a high-antioxidant content that occurs naturally and may be able to fight off free radical destruction. Our wholesale chlorophyll supplements could assist in reducing pale skin and develop healthy and bright skin from within.<\/li>\n<\/ul>\n<\/div>\n\n\n\n<div class=\"wp-block-column is-layout-flow wp-block-column-is-layout-flow\">\n<figure class=\"wp-block-image size-full\"><img decoding=\"async\" width=\"1000\" height=\"1000\" src=\"https:\/\/www.comehealthgroup.com\/wp-content\/uploads\/2025\/03\/Chlorophyll-Gummy_01.webp\" alt=\"Private Label Chlorophyll Gummy for Liver Detox &amp; Clear Skin-4\" class=\"wp-image-2188\" srcset=\"https:\/\/www.comehealthgroup.com\/wp-content\/uploads\/2025\/03\/Chlorophyll-Gummy_01.webp 1000w, https:\/\/www.comehealthgroup.com\/wp-content\/uploads\/2025\/03\/Chlorophyll-Gummy_01-300x300.webp 300w, https:\/\/www.comehealthgroup.com\/wp-content\/uploads\/2025\/03\/Chlorophyll-Gummy_01-150x150.webp 150w, https:\/\/www.comehealthgroup.com\/wp-content\/uploads\/2025\/03\/Chlorophyll-Gummy_01-768x768.webp 768w, https:\/\/www.comehealthgroup.com\/wp-content\/uploads\/2025\/03\/Chlorophyll-Gummy_01-12x12.webp 12w, https:\/\/www.comehealthgroup.com\/wp-content\/uploads\/2025\/03\/Chlorophyll-Gummy_01-600x600.webp 600w, https:\/\/www.comehealthgroup.com\/wp-content\/uploads\/2025\/03\/Chlorophyll-Gummy_01-100x100.webp 100w\" sizes=\"(max-width: 1000px) 100vw, 1000px\" \/><\/figure>\n<\/div>\n<\/div>","protected":false},"excerpt":{"rendered":"<p>Welcome to purchase wholesale chlorophyll supplements. This private label Chlorophyll gummy contains natural chlorophyll extract to detoxify the liver, aid in digestion, and enhance energy levels. It is also rich in antioxidants, which provides a natural clear and transparent shine to the skin and makes the body glow with health and vitality from within out.<\/p>\n<table style=\"border-collapse: collapse; width: 514px; height: 224px;\" border=\"0\" width=\"799\" cellspacing=\"0\" cellpadding=\"0\">\n<tbody>\n<tr style=\"height: 13.50pt;\">\n<td style=\"height: 13.50pt; width: 132.40pt;\" width=\"353\" height=\"36\">Nom de la marque<\/td>\n<td style=\"width: 167.30pt;\" width=\"446\">Label blanc<\/td>\n<\/tr>\n<tr style=\"height: 13.50pt;\">\n<td style=\"height: 13.50pt;\" height=\"36\">Avantages du produit<\/td>\n<td>*Detoxifying Properties<br \/>*Boosts Energy Levels<br \/>*Favorise la digestion<br \/>*Riche en antioxydants<\/td>\n<\/tr>\n<tr style=\"height: 13.50pt;\">\n<td style=\"height: 13.50pt;\" height=\"36\">Forme posologique<\/td>\n<td>Gomme<\/td>\n<\/tr>\n<tr style=\"height: 13.50pt;\">\n<td style=\"height: 13.50pt;\" height=\"36\">Sp\u00e9cification du produit<\/td>\n<td>60 gommes\/bouteille<\/td>\n<\/tr>\n<tr style=\"height: 13.50pt;\">\n<td style=\"height: 13.50pt;\" height=\"36\">Dur\u00e9e de vie en rayon<\/td>\n<td>24 mois<\/td>\n<\/tr>\n<tr style=\"height: 13.50pt;\">\n<td style=\"height: 13.50pt;\" height=\"36\">Dimensions (cm)<\/td>\n<td>7X7X12<\/td>\n<\/tr>\n<tr style=\"height: 13.50pt;\">\n<td style=\"height: 13.50pt;\" height=\"36\">Poids net (kg)<\/td>\n<td>0,2 kg<\/td>\n<\/tr>\n<tr style=\"height: 13.50pt;\">\n<td style=\"height: 13.50pt;\" height=\"36\">Personnalisation<\/td>\n<td>Graphique, Logo, Paquet<\/td>\n<\/tr>\n<tr style=\"height: 13.50pt;\">\n<td style=\"height: 13.50pt;\" height=\"36\">Inventaire<\/td>\n<td>En stock<\/td>\n<\/tr>\n<\/tbody>\n<\/table>","protected":false},"featured_media":2191,"comment_status":"closed","ping_status":"closed","template":"","meta":{"_acf_changed":false},"product_brand":[],"product_cat":[40,34,49],"product_tag":[],"class_list":{"0":"post-1889","1":"product","2":"type-product","3":"status-publish","4":"has-post-thumbnail","6":"product_cat-private-label-gummy-supplements","7":"product_cat-private-label-health-supplements","8":"product_cat-nutritional-supplement-wholesale","10":"first","11":"instock","12":"shipping-taxable","13":"product-type-simple"},"acf":[],"_links":{"self":[{"href":"https:\/\/www.comehealthgroup.com\/fr\/wp-json\/wp\/v2\/product\/1889","targetHints":{"allow":["GET"]}}],"collection":[{"href":"https:\/\/www.comehealthgroup.com\/fr\/wp-json\/wp\/v2\/product"}],"about":[{"href":"https:\/\/www.comehealthgroup.com\/fr\/wp-json\/wp\/v2\/types\/product"}],"replies":[{"embeddable":true,"href":"https:\/\/www.comehealthgroup.com\/fr\/wp-json\/wp\/v2\/comments?post=1889"}],"wp:featuredmedia":[{"embeddable":true,"href":"https:\/\/www.comehealthgroup.com\/fr\/wp-json\/wp\/v2\/media\/2191"}],"wp:attachment":[{"href":"https:\/\/www.comehealthgroup.com\/fr\/wp-json\/wp\/v2\/media?parent=1889"}],"wp:term":[{"taxonomy":"product_brand","embeddable":true,"href":"https:\/\/www.comehealthgroup.com\/fr\/wp-json\/wp\/v2\/product_brand?post=1889"},{"taxonomy":"product_cat","embeddable":true,"href":"https:\/\/www.comehealthgroup.com\/fr\/wp-json\/wp\/v2\/product_cat?post=1889"},{"taxonomy":"product_tag","embeddable":true,"href":"https:\/\/www.comehealthgroup.com\/fr\/wp-json\/wp\/v2\/product_tag?post=1889"}],"curies":[{"name":"wp","href":"https:\/\/api.w.org\/{rel}","templated":true}]}}