{"id":1913,"date":"2025-03-25T10:24:05","date_gmt":"2025-03-25T10:24:05","guid":{"rendered":"https:\/\/www.comehealthgroup.com\/?post_type=product&#038;p=1913"},"modified":"2025-03-25T10:24:06","modified_gmt":"2025-03-25T10:24:06","slug":"private-label-gummy-hair-vitamins","status":"publish","type":"product","link":"https:\/\/www.comehealthgroup.com\/fr\/product\/private-label-gummy-hair-vitamins\/","title":{"rendered":"Private Label Gummy Hair Vitamins, Hair Growth Gummies Wholesale"},"content":{"rendered":"<div class=\"wp-block-columns is-layout-flex wp-container-core-columns-is-layout-9d6595d7 wp-block-columns-is-layout-flex\">\n<div class=\"wp-block-column is-layout-flow wp-block-column-is-layout-flow\">\n<h2 class=\"wp-block-heading\">Caract\u00e9ristiques des vitamines g\u00e9latineuses pour cheveux sous marque de distributeur<\/h2>\n\n\n\n<ul class=\"wp-block-list\">\n<li><strong>Favorise une croissance saine des cheveux :<\/strong> Nos vitamines g\u00e9latineuses pour cheveux de marque d\u00e9pos\u00e9e contiennent beaucoup de biotine, de vitamines B et d'autres nutriments qui favorisent la croissance des cheveux \u00e0 la racine, pour une croissance plus rapide et plus forte.<\/li>\n\n\n\n<li><strong>Renforcer les cheveux : <\/strong>Nos gommes pour la croissance des cheveux contiennent en gros tous les nutriments n\u00e9cessaires au d\u00e9veloppement de la k\u00e9ratine. Elles minimisent les cassures et les pointes fourchues, renforcent et lissent les cheveux.<\/li>\n\n\n\n<li><strong>Nourrir la sant\u00e9 du cuir chevelu :<\/strong> Ces vitamines gommeuses pour cheveux de marque priv\u00e9e contiennent des antioxydants et des min\u00e9raux essentiels qui calment et hydratent le cuir chevelu, favorisent l'\u00e9tat du cuir chevelu et corrigent la s\u00e9cheresse ainsi que les \u00e9tats pelliculaires.<\/li>\n\n\n\n<li><strong>R\u00e9duire les probl\u00e8mes de perte de cheveux : <\/strong>Nos gommes pour la croissance des cheveux maintiennent en gros les d\u00e9s\u00e9quilibres hormonaux, favorisent la nutrition des follicules, inhibent la chute des cheveux \u00e0 la racine et gardent vos m\u00e8ches luxuriantes et saines.<\/li>\n<\/ul>\n<\/div>\n\n\n\n<div class=\"wp-block-column is-layout-flow wp-block-column-is-layout-flow\">\n<figure class=\"wp-block-image size-full\"><img decoding=\"async\" width=\"1080\" height=\"1080\" src=\"https:\/\/www.comehealthgroup.com\/wp-content\/uploads\/2025\/03\/Hair-Vitamin-Gummy_3.webp\" alt=\"Private Label Gummy Hair Vitamins, Hair Growth Gummies Wholesale-1\" class=\"wp-image-2186\" srcset=\"https:\/\/www.comehealthgroup.com\/wp-content\/uploads\/2025\/03\/Hair-Vitamin-Gummy_3.webp 1080w, https:\/\/www.comehealthgroup.com\/wp-content\/uploads\/2025\/03\/Hair-Vitamin-Gummy_3-300x300.webp 300w, https:\/\/www.comehealthgroup.com\/wp-content\/uploads\/2025\/03\/Hair-Vitamin-Gummy_3-150x150.webp 150w, https:\/\/www.comehealthgroup.com\/wp-content\/uploads\/2025\/03\/Hair-Vitamin-Gummy_3-768x768.webp 768w, https:\/\/www.comehealthgroup.com\/wp-content\/uploads\/2025\/03\/Hair-Vitamin-Gummy_3-12x12.webp 12w, https:\/\/www.comehealthgroup.com\/wp-content\/uploads\/2025\/03\/Hair-Vitamin-Gummy_3-600x600.webp 600w, https:\/\/www.comehealthgroup.com\/wp-content\/uploads\/2025\/03\/Hair-Vitamin-Gummy_3-100x100.webp 100w\" sizes=\"(max-width: 1080px) 100vw, 1080px\" \/><\/figure>\n<\/div>\n<\/div>","protected":false},"excerpt":{"rendered":"<p>Bienvenue pour acheter en gros des gommes pour la croissance des cheveux. Nos gommes vitamin\u00e9es pour cheveux sont destin\u00e9es \u00e0 la sant\u00e9 des cheveux et contiennent de la biotine, des vitamines et des min\u00e9raux pour la croissance des cheveux, le renforcement des cheveux, la stimulation du cuir chevelu et la pr\u00e9vention des troubles de la chute des cheveux.<\/p>\n<table style=\"border-collapse: collapse; width: 515px; height: 212px;\" border=\"0\" width=\"799\" cellspacing=\"0\" cellpadding=\"0\">\n<tbody>\n<tr style=\"height: 13.50pt;\">\n<td style=\"height: 13.50pt; width: 132.40pt;\" width=\"353\" height=\"36\">Nom de la marque<\/td>\n<td style=\"width: 167.30pt;\" width=\"446\">Label blanc<\/td>\n<\/tr>\n<tr style=\"height: 13.50pt;\">\n<td style=\"height: 13.50pt;\" height=\"36\">Avantages du produit<\/td>\n<td>*Favorise la croissance des cheveux<br \/>*Strengthens Hair<br \/>*Am\u00e9liore la sant\u00e9 du cuir chevelu<br \/>*Pr\u00e9vient la chute des cheveux<\/td>\n<\/tr>\n<tr style=\"height: 13.50pt;\">\n<td style=\"height: 13.50pt;\" height=\"36\">Forme posologique<\/td>\n<td>Gomme<\/td>\n<\/tr>\n<tr style=\"height: 13.50pt;\">\n<td style=\"height: 13.50pt;\" height=\"36\">Sp\u00e9cification du produit<\/td>\n<td>60 gommes\/bouteille<\/td>\n<\/tr>\n<tr style=\"height: 13.50pt;\">\n<td style=\"height: 13.50pt;\" height=\"36\">Dur\u00e9e de vie en rayon<\/td>\n<td>24 mois<\/td>\n<\/tr>\n<tr style=\"height: 13.50pt;\">\n<td style=\"height: 13.50pt;\" height=\"36\">Dimensions (cm)<\/td>\n<td>7X7X12<\/td>\n<\/tr>\n<tr style=\"height: 13.50pt;\">\n<td style=\"height: 13.50pt;\" height=\"36\">Poids net (kg)<\/td>\n<td>0,2 kg<\/td>\n<\/tr>\n<tr style=\"height: 13.50pt;\">\n<td style=\"height: 13.50pt;\" height=\"36\">Personnalisation<\/td>\n<td>Graphique, Logo, Paquet<\/td>\n<\/tr>\n<tr style=\"height: 13.50pt;\">\n<td style=\"height: 13.50pt;\" height=\"36\">Inventaire<\/td>\n<td>En stock<\/td>\n<\/tr>\n<\/tbody>\n<\/table>","protected":false},"featured_media":2184,"comment_status":"closed","ping_status":"closed","template":"","meta":{"_acf_changed":false},"product_brand":[],"product_cat":[40,36,34],"product_tag":[],"class_list":{"0":"post-1913","1":"product","2":"type-product","3":"status-publish","4":"has-post-thumbnail","6":"product_cat-private-label-gummy-supplements","7":"product_cat-private-label-beauty-supplements","8":"product_cat-private-label-health-supplements","10":"first","11":"instock","12":"shipping-taxable","13":"product-type-simple"},"acf":[],"_links":{"self":[{"href":"https:\/\/www.comehealthgroup.com\/fr\/wp-json\/wp\/v2\/product\/1913","targetHints":{"allow":["GET"]}}],"collection":[{"href":"https:\/\/www.comehealthgroup.com\/fr\/wp-json\/wp\/v2\/product"}],"about":[{"href":"https:\/\/www.comehealthgroup.com\/fr\/wp-json\/wp\/v2\/types\/product"}],"replies":[{"embeddable":true,"href":"https:\/\/www.comehealthgroup.com\/fr\/wp-json\/wp\/v2\/comments?post=1913"}],"wp:featuredmedia":[{"embeddable":true,"href":"https:\/\/www.comehealthgroup.com\/fr\/wp-json\/wp\/v2\/media\/2184"}],"wp:attachment":[{"href":"https:\/\/www.comehealthgroup.com\/fr\/wp-json\/wp\/v2\/media?parent=1913"}],"wp:term":[{"taxonomy":"product_brand","embeddable":true,"href":"https:\/\/www.comehealthgroup.com\/fr\/wp-json\/wp\/v2\/product_brand?post=1913"},{"taxonomy":"product_cat","embeddable":true,"href":"https:\/\/www.comehealthgroup.com\/fr\/wp-json\/wp\/v2\/product_cat?post=1913"},{"taxonomy":"product_tag","embeddable":true,"href":"https:\/\/www.comehealthgroup.com\/fr\/wp-json\/wp\/v2\/product_tag?post=1913"}],"curies":[{"name":"wp","href":"https:\/\/api.w.org\/{rel}","templated":true}]}}