{"id":1919,"date":"2025-04-06T01:54:47","date_gmt":"2025-04-06T01:54:47","guid":{"rendered":"https:\/\/www.comehealthgroup.com\/?post_type=product&#038;p=1919"},"modified":"2025-09-05T02:47:07","modified_gmt":"2025-09-05T02:47:07","slug":"wholesale-hair-skin-and-nail-vitamins","status":"publish","type":"product","link":"https:\/\/www.comehealthgroup.com\/fr\/product\/wholesale-hair-skin-and-nail-vitamins\/","title":{"rendered":"Grossiste Vitamines pour les cheveux, la peau et les ongles Gummies OEM Labeling"},"content":{"rendered":"<div class=\"wp-block-columns is-layout-flex wp-container-core-columns-is-layout-9d6595d7 wp-block-columns-is-layout-flex\">\n<div class=\"wp-block-column is-layout-flow wp-block-column-is-layout-flow\">\n<h2 class=\"wp-block-heading\">Caract\u00e9ristiques des vitamines pour les cheveux, la peau et les ongles (Wholesale Hair Skin and Nail Vitamins)<\/h2>\n\n\n\n<ul class=\"wp-block-list\">\n<li><strong>Favorise la croissance des cheveux : <\/strong>Gr\u00e2ce \u00e0 la biotine et \u00e0 d'autres vitamines essentielles, ces vitamines en gros pour les cheveux, la peau et les ongles favorisent une croissance et des cheveux plus sains et plus forts.<\/li>\n\n\n\n<li><strong>Am\u00e9liore la sant\u00e9 de la peau : <\/strong>Avec des vitamines comme la vitamine C et E, ces gommes de beaut\u00e9 de marque priv\u00e9e am\u00e9liorent la sant\u00e9 de la peau, r\u00e9duisent les effets du vieillissement et donnent un \u00e9clat sain \u00e0 la peau.<\/li>\n\n\n\n<li><strong>Renforce les ongles :<\/strong> Gr\u00e2ce \u00e0 des nutriments essentiels tels que la biotine et le zinc, ces vitamines pour cheveux, peau et ongles renforcent et facilitent la croissance des ongles, garantissant qu'ils ne se cassent pas et ne deviennent pas cassants.<\/li>\n\n\n\n<li><strong>Stimule la production de collag\u00e8ne : <\/strong>Ces gommes de beaut\u00e9 de marque priv\u00e9e contiennent des ingr\u00e9dients qui d\u00e9clenchent la production de collag\u00e8ne, renfor\u00e7ant la peau en am\u00e9liorant son \u00e9lasticit\u00e9 tout en r\u00e9duisant l'apparence des rides et ridules.<\/li>\n<\/ul>\n<\/div>\n\n\n\n<div class=\"wp-block-column is-layout-flow wp-block-column-is-layout-flow\">\n<figure class=\"wp-block-image size-full\"><img decoding=\"async\" width=\"800\" height=\"800\" src=\"https:\/\/www.comehealthgroup.com\/wp-content\/uploads\/2025\/03\/Hair-Skin-Nails-Vitamin-4.webp\" alt=\"Grossiste Vitamines pour cheveux, peau et ongles Gummies OEM Labeling-1\" class=\"wp-image-1924\" srcset=\"https:\/\/www.comehealthgroup.com\/wp-content\/uploads\/2025\/03\/Hair-Skin-Nails-Vitamin-4.webp 800w, https:\/\/www.comehealthgroup.com\/wp-content\/uploads\/2025\/03\/Hair-Skin-Nails-Vitamin-4-300x300.webp 300w, https:\/\/www.comehealthgroup.com\/wp-content\/uploads\/2025\/03\/Hair-Skin-Nails-Vitamin-4-150x150.webp 150w, https:\/\/www.comehealthgroup.com\/wp-content\/uploads\/2025\/03\/Hair-Skin-Nails-Vitamin-4-768x768.webp 768w, https:\/\/www.comehealthgroup.com\/wp-content\/uploads\/2025\/03\/Hair-Skin-Nails-Vitamin-4-12x12.webp 12w, https:\/\/www.comehealthgroup.com\/wp-content\/uploads\/2025\/03\/Hair-Skin-Nails-Vitamin-4-600x600.webp 600w, https:\/\/www.comehealthgroup.com\/wp-content\/uploads\/2025\/03\/Hair-Skin-Nails-Vitamin-4-100x100.webp 100w\" sizes=\"(max-width: 800px) 100vw, 800px\" \/><\/figure>\n<\/div>\n<\/div>","protected":false},"excerpt":{"rendered":"<p>Boostez votre marque avec nos gommes de beaut\u00e9 de marque priv\u00e9e. Nos vitamines pour les cheveux, la peau et les ongles sont des compl\u00e9ments alimentaires qui favorisent une beaut\u00e9 saine, pr\u00e9servent la sant\u00e9 de votre peau et de vos ongles et stimulent la production de collag\u00e8ne. Compos\u00e9s de vitamines et de nutriments de renomm\u00e9e mondiale, ils favorisent l'aspect g\u00e9n\u00e9ral et l'\u00e9nergie de vos cheveux, de votre peau et de vos ongles.<\/p>\n<table style=\"border-collapse: collapse; width: 519px; height: 223px;\" border=\"0\" width=\"799\" cellspacing=\"0\" cellpadding=\"0\">\n<tbody>\n<tr style=\"height: 13.50pt;\">\n<td style=\"height: 13.50pt; width: 132.40pt;\" width=\"353\" height=\"36\">Nom de la marque<\/td>\n<td style=\"width: 167.30pt;\" width=\"446\">Label blanc<\/td>\n<\/tr>\n<tr style=\"height: 13.50pt;\">\n<td style=\"height: 13.50pt;\" height=\"36\">Avantages du produit<\/td>\n<td>*Favorise la croissance des cheveux<br \/>*Am\u00e9liore la sant\u00e9 de la peau<br \/>*Strengthens Nails<br \/>*stimule la production de collag\u00e8ne<\/td>\n<\/tr>\n<tr style=\"height: 13.50pt;\">\n<td style=\"height: 13.50pt;\" height=\"36\">Forme posologique<\/td>\n<td>Gomme<\/td>\n<\/tr>\n<tr style=\"height: 13.50pt;\">\n<td style=\"height: 13.50pt;\" height=\"36\">Sp\u00e9cification du produit<\/td>\n<td>60 gommes\/bouteille<\/td>\n<\/tr>\n<tr style=\"height: 13.50pt;\">\n<td style=\"height: 13.50pt;\" height=\"36\">Dur\u00e9e de vie en rayon<\/td>\n<td>24 mois<\/td>\n<\/tr>\n<tr style=\"height: 13.50pt;\">\n<td style=\"height: 13.50pt;\" height=\"36\">Dimensions (cm)<\/td>\n<td>7X7X12<\/td>\n<\/tr>\n<tr style=\"height: 13.50pt;\">\n<td style=\"height: 13.50pt;\" height=\"36\">Poids net (kg)<\/td>\n<td>0,2 kg<\/td>\n<\/tr>\n<tr style=\"height: 13.50pt;\">\n<td style=\"height: 13.50pt;\" height=\"36\">Personnalisation<\/td>\n<td>Graphique, Logo, Paquet<\/td>\n<\/tr>\n<tr style=\"height: 13.50pt;\">\n<td style=\"height: 13.50pt;\" height=\"36\">Inventaire<\/td>\n<td>En stock<\/td>\n<\/tr>\n<\/tbody>\n<\/table>","protected":false},"featured_media":1921,"comment_status":"closed","ping_status":"closed","template":"","meta":{"_acf_changed":false},"product_brand":[],"product_cat":[40,36],"product_tag":[],"class_list":{"0":"post-1919","1":"product","2":"type-product","3":"status-publish","4":"has-post-thumbnail","6":"product_cat-private-label-gummy-supplements","7":"product_cat-private-label-beauty-supplements","9":"first","10":"instock","11":"shipping-taxable","12":"product-type-simple"},"acf":[],"_links":{"self":[{"href":"https:\/\/www.comehealthgroup.com\/fr\/wp-json\/wp\/v2\/product\/1919","targetHints":{"allow":["GET"]}}],"collection":[{"href":"https:\/\/www.comehealthgroup.com\/fr\/wp-json\/wp\/v2\/product"}],"about":[{"href":"https:\/\/www.comehealthgroup.com\/fr\/wp-json\/wp\/v2\/types\/product"}],"replies":[{"embeddable":true,"href":"https:\/\/www.comehealthgroup.com\/fr\/wp-json\/wp\/v2\/comments?post=1919"}],"wp:featuredmedia":[{"embeddable":true,"href":"https:\/\/www.comehealthgroup.com\/fr\/wp-json\/wp\/v2\/media\/1921"}],"wp:attachment":[{"href":"https:\/\/www.comehealthgroup.com\/fr\/wp-json\/wp\/v2\/media?parent=1919"}],"wp:term":[{"taxonomy":"product_brand","embeddable":true,"href":"https:\/\/www.comehealthgroup.com\/fr\/wp-json\/wp\/v2\/product_brand?post=1919"},{"taxonomy":"product_cat","embeddable":true,"href":"https:\/\/www.comehealthgroup.com\/fr\/wp-json\/wp\/v2\/product_cat?post=1919"},{"taxonomy":"product_tag","embeddable":true,"href":"https:\/\/www.comehealthgroup.com\/fr\/wp-json\/wp\/v2\/product_tag?post=1919"}],"curies":[{"name":"wp","href":"https:\/\/api.w.org\/{rel}","templated":true}]}}