{"id":1925,"date":"2025-03-14T09:43:19","date_gmt":"2025-03-14T09:43:19","guid":{"rendered":"https:\/\/www.comehealthgroup.com\/?post_type=product&#038;p=1925"},"modified":"2025-03-14T09:43:20","modified_gmt":"2025-03-14T09:43:20","slug":"shilajit-gummies-wholesale","status":"publish","type":"product","link":"https:\/\/www.comehealthgroup.com\/fr\/product\/shilajit-gummies-wholesale\/","title":{"rendered":"Himalayas Shilajit Gummies Wholesale, Shilajit Extract Bulk Supplement (Suppl\u00e9ment en vrac d'extrait de Shilajit)"},"content":{"rendered":"<div class=\"wp-block-columns is-layout-flex wp-container-core-columns-is-layout-9d6595d7 wp-block-columns-is-layout-flex\">\n<div class=\"wp-block-column is-layout-flow wp-block-column-is-layout-flow\">\n<h2 class=\"wp-block-heading\">Caract\u00e9ristiques de Shilajit Gummies Wholesale<\/h2>\n\n\n\n<ul class=\"wp-block-list\">\n<li><strong>Stimule l'\u00e9nergie et l'endurance : <\/strong>Nos shilajit gummies wholesale contiennent d'abondants min\u00e9raux naturels et des ingr\u00e9dients \u00e9nerg\u00e9tiques, qui peuvent potentiellement augmenter la production d'\u00e9nergie cellulaire, r\u00e9duire la fatigue et permettre une r\u00e9cup\u00e9ration plus rapide du corps. Ils sont parfaits pour les sportifs, les travailleurs intensifs et ceux qui ont besoin d'un soutien \u00e9nerg\u00e9tique suppl\u00e9mentaire.<\/li>\n\n\n\n<li><strong>Am\u00e9liorer la fonction cognitive : <\/strong>Notre suppl\u00e9ment en vrac d'extrait de shilajit contient de l'acide fulvique et des ingr\u00e9dients antioxydants actifs qui peuvent inhiber les dommages oxydatifs aux cellules c\u00e9r\u00e9brales, maintenir la fonction du syst\u00e8me nerveux optimale, am\u00e9liorer la concentration, la m\u00e9moire et la fonction intellectuelle globale, et est id\u00e9al pour les \u00e9tudiants, les personnes en cours de carri\u00e8re, les personnes d'\u00e2ge moyen et les personnes \u00e2g\u00e9es.<\/li>\n\n\n\n<li><strong>Soutient le syst\u00e8me immunitaire : <\/strong>Ces gommes de shilajit en gros sont pleines de min\u00e9raux, d'antioxydants et de compos\u00e9s anti-inflammatoires. Le shilajit augmente la fonction du syst\u00e8me immunitaire, aide \u00e0 combattre les infections du corps, prot\u00e8ge contre le froid et le risque d'infection, et maintient le corps en bonne sant\u00e9 \u00e0 long terme.<\/li>\n\n\n\n<li><strong>Favorise un vieillissement en bonne sant\u00e9 : <\/strong>Ce suppl\u00e9ment en vrac d'extrait de shilajit offre une puissante activit\u00e9 antioxydante et anti-inflammatoire qui peut ralentir les dommages caus\u00e9s par les radicaux libres dans le processus de vieillissement cellulaire, pr\u00e9server les fonctions corporelles, maintenir le vieillissement en bonne sant\u00e9 \u00e0 distance et maintenir la peau, les articulations et la sant\u00e9 g\u00e9n\u00e9rale en bon \u00e9tat.<\/li>\n<\/ul>\n<\/div>\n\n\n\n<div class=\"wp-block-column is-layout-flow wp-block-column-is-layout-flow\">\n<figure class=\"wp-block-image size-full\"><img decoding=\"async\" width=\"1000\" height=\"1000\" src=\"https:\/\/www.comehealthgroup.com\/wp-content\/uploads\/2025\/03\/shilajit-gummy-4.webp\" alt=\"Himalayas Shilajit Gummies Wholesale, Shilajit Extract Bulk Supplement-4\" class=\"wp-image-1926\" srcset=\"https:\/\/www.comehealthgroup.com\/wp-content\/uploads\/2025\/03\/shilajit-gummy-4.webp 1000w, https:\/\/www.comehealthgroup.com\/wp-content\/uploads\/2025\/03\/shilajit-gummy-4-300x300.webp 300w, https:\/\/www.comehealthgroup.com\/wp-content\/uploads\/2025\/03\/shilajit-gummy-4-150x150.webp 150w, https:\/\/www.comehealthgroup.com\/wp-content\/uploads\/2025\/03\/shilajit-gummy-4-768x768.webp 768w, https:\/\/www.comehealthgroup.com\/wp-content\/uploads\/2025\/03\/shilajit-gummy-4-12x12.webp 12w, https:\/\/www.comehealthgroup.com\/wp-content\/uploads\/2025\/03\/shilajit-gummy-4-600x600.webp 600w, https:\/\/www.comehealthgroup.com\/wp-content\/uploads\/2025\/03\/shilajit-gummy-4-100x100.webp 100w\" sizes=\"(max-width: 1000px) 100vw, 1000px\" \/><\/figure>\n<\/div>\n<\/div>\n\n\n\n<p><\/p>","protected":false},"excerpt":{"rendered":"<p>Bienvenue \u00e0 l'achat de l'extrait de shilajit en vrac. Nos gommes de shilajit de l'Himalaya en gros sont riches en min\u00e9raux et en acide fulvique, ce qui peut augmenter la force et l'\u00e9nergie, am\u00e9liorer la capacit\u00e9 de r\u00e9flexion du cerveau, renforcer l'immunit\u00e9 et promouvoir un vieillissement en bonne sant\u00e9. Approvisionnement direct de l'usine, soutien \u00e0 la vente en gros et \u00e0 la personnalisation OEM.<\/p>\n<table style=\"border-collapse: collapse; width: 518px; height: 226px;\" border=\"0\" width=\"799\" cellspacing=\"0\" cellpadding=\"0\">\n<tbody>\n<tr style=\"height: 13.50pt;\">\n<td style=\"height: 13.50pt; width: 132.40pt;\" width=\"353\" height=\"36\">Nom de la marque<\/td>\n<td style=\"width: 167.30pt;\" width=\"446\">Label blanc<\/td>\n<\/tr>\n<tr style=\"height: 13.50pt;\">\n<td style=\"height: 13.50pt;\" height=\"36\">Avantages du produit<\/td>\n<td>*Booste l'\u00e9nergie et l'endurance<br \/>*Am\u00e9liore la fonction cognitive<br \/>*Soutient le syst\u00e8me immunitaire<br \/>*Favorise un vieillissement en bonne sant\u00e9<\/td>\n<\/tr>\n<tr style=\"height: 13.50pt;\">\n<td style=\"height: 13.50pt;\" height=\"36\">Forme posologique<\/td>\n<td>Gomme<\/td>\n<\/tr>\n<tr style=\"height: 13.50pt;\">\n<td style=\"height: 13.50pt;\" height=\"36\">Sp\u00e9cification du produit<\/td>\n<td>60 gommes\/bouteille<\/td>\n<\/tr>\n<tr style=\"height: 13.50pt;\">\n<td style=\"height: 13.50pt;\" height=\"36\">Dur\u00e9e de vie en rayon<\/td>\n<td>24 mois<\/td>\n<\/tr>\n<tr style=\"height: 13.50pt;\">\n<td style=\"height: 13.50pt;\" height=\"36\">Dimensions (cm)<\/td>\n<td>7X7X12<\/td>\n<\/tr>\n<tr style=\"height: 13.50pt;\">\n<td style=\"height: 13.50pt;\" height=\"36\">Poids net (kg)<\/td>\n<td>0,2 kg<\/td>\n<\/tr>\n<tr style=\"height: 13.50pt;\">\n<td style=\"height: 13.50pt;\" height=\"36\">Personnalisation<\/td>\n<td>Graphique, Logo, Paquet<\/td>\n<\/tr>\n<tr style=\"height: 13.50pt;\">\n<td style=\"height: 13.50pt;\" height=\"36\">Inventaire<\/td>\n<td>En stock<\/td>\n<\/tr>\n<\/tbody>\n<\/table>","protected":false},"featured_media":1927,"comment_status":"closed","ping_status":"closed","template":"","meta":{"_acf_changed":false},"product_brand":[],"product_cat":[40,27,34,32],"product_tag":[],"class_list":{"0":"post-1925","1":"product","2":"type-product","3":"status-publish","4":"has-post-thumbnail","6":"product_cat-private-label-gummy-supplements","7":"product_cat-shilajit-bulk-supplements","8":"product_cat-private-label-health-supplements","9":"product_cat-private-label-immune-supplements","11":"first","12":"instock","13":"shipping-taxable","14":"product-type-simple"},"acf":[],"_links":{"self":[{"href":"https:\/\/www.comehealthgroup.com\/fr\/wp-json\/wp\/v2\/product\/1925","targetHints":{"allow":["GET"]}}],"collection":[{"href":"https:\/\/www.comehealthgroup.com\/fr\/wp-json\/wp\/v2\/product"}],"about":[{"href":"https:\/\/www.comehealthgroup.com\/fr\/wp-json\/wp\/v2\/types\/product"}],"replies":[{"embeddable":true,"href":"https:\/\/www.comehealthgroup.com\/fr\/wp-json\/wp\/v2\/comments?post=1925"}],"wp:featuredmedia":[{"embeddable":true,"href":"https:\/\/www.comehealthgroup.com\/fr\/wp-json\/wp\/v2\/media\/1927"}],"wp:attachment":[{"href":"https:\/\/www.comehealthgroup.com\/fr\/wp-json\/wp\/v2\/media?parent=1925"}],"wp:term":[{"taxonomy":"product_brand","embeddable":true,"href":"https:\/\/www.comehealthgroup.com\/fr\/wp-json\/wp\/v2\/product_brand?post=1925"},{"taxonomy":"product_cat","embeddable":true,"href":"https:\/\/www.comehealthgroup.com\/fr\/wp-json\/wp\/v2\/product_cat?post=1925"},{"taxonomy":"product_tag","embeddable":true,"href":"https:\/\/www.comehealthgroup.com\/fr\/wp-json\/wp\/v2\/product_tag?post=1925"}],"curies":[{"name":"wp","href":"https:\/\/api.w.org\/{rel}","templated":true}]}}