{"id":1936,"date":"2025-04-06T02:28:30","date_gmt":"2025-04-06T02:28:30","guid":{"rendered":"https:\/\/www.comehealthgroup.com\/?post_type=product&#038;p=1936"},"modified":"2025-09-05T02:36:32","modified_gmt":"2025-09-05T02:36:32","slug":"turmeric-gummies-private-label","status":"publish","type":"product","link":"https:\/\/www.comehealthgroup.com\/fr\/product\/turmeric-gummies-private-label\/","title":{"rendered":"Vente en gros de gommes \u00e0 m\u00e2cher au fer et au curcuma (Private Label Service)"},"content":{"rendered":"<div class=\"wp-block-columns is-layout-flex wp-container-core-columns-is-layout-9d6595d7 wp-block-columns-is-layout-flex\">\n<div class=\"wp-block-column is-layout-flow wp-block-column-is-layout-flow\">\n<h2 class=\"wp-block-heading\">Caract\u00e9ristiques de Iron Turmeric Gummies Private Label<\/h2>\n\n\n\n<ul class=\"wp-block-list\">\n<li><strong>Boost Iron :<\/strong> Nos gommes fer+curcuma MDD contiennent du fer facilement absorb\u00e9, qui aide \u00e0 renforcer les carences en fer, \u00e0 stimuler les niveaux d'\u00e9nergie et la force, et \u00e0 lutter contre la faiblesse et la fatigue.<\/li>\n\n\n\n<li><strong>Effets anti-inflammatoires naturels : <\/strong>Les compos\u00e9s actifs du curcuma (par exemple la curcumine) ont de puissants effets anti-inflammatoires. Notre suppl\u00e9ment de curcuma en gros soulage le corps de l'inflammation et soutient le bien-\u00eatre g\u00e9n\u00e9ral.<\/li>\n\n\n\n<li><strong>Renforcer la fonction immunitaire : <\/strong>Nos gommes fer+curcuma MDD ajoutent des vitamines et des ingr\u00e9dients naturels pour aider \u00e0 activer le syst\u00e8me de d\u00e9fense de l'organisme, am\u00e9liorer l'immunit\u00e9 et aider \u00e0 lutter contre les maladies quotidiennes.<\/li>\n\n\n\n<li><strong>Am\u00e9liorer le syst\u00e8me digestif : <\/strong>Les ingr\u00e9dients du curcuma aident \u00e0 adapter les intestins. Ce suppl\u00e9ment de curcuma en gros aide \u00e0 am\u00e9liorer le fonctionnement du syst\u00e8me digestif, \u00e0 soulager l'inconfort de l'estomac et \u00e0 maintenir un \u00e9quilibre sain dans les intestins.<\/li>\n<\/ul>\n<\/div>\n\n\n\n<div class=\"wp-block-column is-layout-flow wp-block-column-is-layout-flow\">\n<figure class=\"wp-block-image size-full\"><img decoding=\"async\" width=\"1500\" height=\"1500\" src=\"https:\/\/www.comehealthgroup.com\/wp-content\/uploads\/2025\/03\/iron-turmeric-gummy-4.webp\" alt=\"Grossiste Iron + Turmeric Gummies Private Label Service-1\" class=\"wp-image-1937\" srcset=\"https:\/\/www.comehealthgroup.com\/wp-content\/uploads\/2025\/03\/iron-turmeric-gummy-4.webp 1500w, https:\/\/www.comehealthgroup.com\/wp-content\/uploads\/2025\/03\/iron-turmeric-gummy-4-300x300.webp 300w, https:\/\/www.comehealthgroup.com\/wp-content\/uploads\/2025\/03\/iron-turmeric-gummy-4-150x150.webp 150w, https:\/\/www.comehealthgroup.com\/wp-content\/uploads\/2025\/03\/iron-turmeric-gummy-4-768x768.webp 768w, https:\/\/www.comehealthgroup.com\/wp-content\/uploads\/2025\/03\/iron-turmeric-gummy-4-12x12.webp 12w, https:\/\/www.comehealthgroup.com\/wp-content\/uploads\/2025\/03\/iron-turmeric-gummy-4-1200x1200.webp 1200w, https:\/\/www.comehealthgroup.com\/wp-content\/uploads\/2025\/03\/iron-turmeric-gummy-4-600x600.webp 600w, https:\/\/www.comehealthgroup.com\/wp-content\/uploads\/2025\/03\/iron-turmeric-gummy-4-100x100.webp 100w\" sizes=\"(max-width: 1500px) 100vw, 1500px\" \/><\/figure>\n<\/div>\n<\/div>","protected":false},"excerpt":{"rendered":"<p>Bienvenue \u00e0 l'achat en gros de suppl\u00e9ments de curcuma. Nos gommes au fer et au curcuma combinent plusieurs vitamines pour aider \u00e0 augmenter le fer, \u00e0 combattre l'inflammation, \u00e0 renforcer l'immunit\u00e9 et \u00e0 aider \u00e0 la sant\u00e9 digestive. D\u00e9licieux et faciles \u00e0 prendre, ils constituent un choix id\u00e9al pour les compl\u00e9ments de sant\u00e9 et peuvent \u00eatre personnalis\u00e9s en vrac pour diverses marques de compl\u00e9ments nutritionnels.<\/p>\n<table style=\"border-collapse: collapse; width: 514px; height: 222px;\" border=\"0\" width=\"799\" cellspacing=\"0\" cellpadding=\"0\">\n<tbody>\n<tr style=\"height: 13.50pt;\">\n<td style=\"height: 13.50pt; width: 132.40pt;\" width=\"353\" height=\"36\">Nom de la marque<\/td>\n<td style=\"width: 167.30pt;\" width=\"446\">Label blanc<\/td>\n<\/tr>\n<tr style=\"height: 13.50pt;\">\n<td style=\"height: 13.50pt;\" height=\"36\">Avantages du produit<\/td>\n<td>*Renforce les niveaux de fer<br \/>*Propri\u00e9t\u00e9s anti-inflammatoires<br \/>*Soutient la fonction immunitaire<br \/>*Am\u00e9liore la sant\u00e9 digestive<\/td>\n<\/tr>\n<tr style=\"height: 13.50pt;\">\n<td style=\"height: 13.50pt;\" height=\"36\">Forme posologique<\/td>\n<td>Gomme<\/td>\n<\/tr>\n<tr style=\"height: 13.50pt;\">\n<td style=\"height: 13.50pt;\" height=\"36\">Sp\u00e9cification du produit<\/td>\n<td>60 gommes\/bouteille<\/td>\n<\/tr>\n<tr style=\"height: 13.50pt;\">\n<td style=\"height: 13.50pt;\" height=\"36\">Dur\u00e9e de vie en rayon<\/td>\n<td>24 mois<\/td>\n<\/tr>\n<tr style=\"height: 13.50pt;\">\n<td style=\"height: 13.50pt;\" height=\"36\">Dimensions (cm)<\/td>\n<td>7X7X12<\/td>\n<\/tr>\n<tr style=\"height: 13.50pt;\">\n<td style=\"height: 13.50pt;\" height=\"36\">Poids net (kg)<\/td>\n<td>0,2 kg<\/td>\n<\/tr>\n<tr style=\"height: 13.50pt;\">\n<td style=\"height: 13.50pt;\" height=\"36\">Personnalisation<\/td>\n<td>Graphique, Logo, Paquet<\/td>\n<\/tr>\n<tr style=\"height: 13.50pt;\">\n<td style=\"height: 13.50pt;\" height=\"36\">Inventaire<\/td>\n<td>En stock<\/td>\n<\/tr>\n<\/tbody>\n<\/table>","protected":false},"featured_media":1939,"comment_status":"closed","ping_status":"closed","template":"","meta":{"_acf_changed":false},"product_brand":[],"product_cat":[40,34,32],"product_tag":[],"class_list":{"0":"post-1936","1":"product","2":"type-product","3":"status-publish","4":"has-post-thumbnail","6":"product_cat-private-label-gummy-supplements","7":"product_cat-private-label-health-supplements","8":"product_cat-private-label-immune-supplements","10":"first","11":"instock","12":"shipping-taxable","13":"product-type-simple"},"acf":[],"_links":{"self":[{"href":"https:\/\/www.comehealthgroup.com\/fr\/wp-json\/wp\/v2\/product\/1936","targetHints":{"allow":["GET"]}}],"collection":[{"href":"https:\/\/www.comehealthgroup.com\/fr\/wp-json\/wp\/v2\/product"}],"about":[{"href":"https:\/\/www.comehealthgroup.com\/fr\/wp-json\/wp\/v2\/types\/product"}],"replies":[{"embeddable":true,"href":"https:\/\/www.comehealthgroup.com\/fr\/wp-json\/wp\/v2\/comments?post=1936"}],"wp:featuredmedia":[{"embeddable":true,"href":"https:\/\/www.comehealthgroup.com\/fr\/wp-json\/wp\/v2\/media\/1939"}],"wp:attachment":[{"href":"https:\/\/www.comehealthgroup.com\/fr\/wp-json\/wp\/v2\/media?parent=1936"}],"wp:term":[{"taxonomy":"product_brand","embeddable":true,"href":"https:\/\/www.comehealthgroup.com\/fr\/wp-json\/wp\/v2\/product_brand?post=1936"},{"taxonomy":"product_cat","embeddable":true,"href":"https:\/\/www.comehealthgroup.com\/fr\/wp-json\/wp\/v2\/product_cat?post=1936"},{"taxonomy":"product_tag","embeddable":true,"href":"https:\/\/www.comehealthgroup.com\/fr\/wp-json\/wp\/v2\/product_tag?post=1936"}],"curies":[{"name":"wp","href":"https:\/\/api.w.org\/{rel}","templated":true}]}}