{"id":1950,"date":"2025-03-14T07:26:37","date_gmt":"2025-03-14T07:26:37","guid":{"rendered":"https:\/\/www.comehealthgroup.com\/?post_type=product&#038;p=1950"},"modified":"2025-03-14T07:26:38","modified_gmt":"2025-03-14T07:26:38","slug":"private-label-sea-moss-gummies","status":"publish","type":"product","link":"https:\/\/www.comehealthgroup.com\/fr\/product\/private-label-sea-moss-gummies\/","title":{"rendered":"Gummies de mousse de mer de marque priv\u00e9e en gros pour la sant\u00e9 et la beaut\u00e9"},"content":{"rendered":"<div class=\"wp-block-columns is-layout-flex wp-container-core-columns-is-layout-9d6595d7 wp-block-columns-is-layout-flex\">\n<div class=\"wp-block-column is-layout-flow wp-block-column-is-layout-flow\">\n<h2 class=\"wp-block-heading\">Caract\u00e9ristiques des gommes de mousse de mer de marque priv\u00e9e<\/h2>\n\n\n\n<ul class=\"wp-block-list\">\n<li><strong>Favoriser la sant\u00e9 de la thyro\u00efde : <\/strong>Les algues sont une excellente source d'iode et de s\u00e9l\u00e9nium, qui sont essentiels \u00e0 la fonction thyro\u00efdienne. Nos gommes de mousse de mer de marque d\u00e9pos\u00e9e favorisent l'\u00e9quilibre hormonal, stimulent le m\u00e9tabolisme, \u00e9vitent les probl\u00e8mes tels que la fatigue, les changements de poids et les sautes d'humeur, et maintiennent l'organisme en bonne sant\u00e9.<\/li>\n\n\n\n<li><strong>D\u00e9sintoxication naturelle et soutien digestif :<\/strong> Nos gommes de mousse de mer en gros ont une teneur \u00e9lev\u00e9e en substances g\u00e9latineuses naturelles et en fibres alimentaires qui peuvent d\u00e9toxifier les intestins, promouvoir la sant\u00e9 digestive et purifier le corps des toxines.<\/li>\n\n\n\n<li><strong>Favorise l'hydratation et la douceur de la peau : <\/strong>Les gommes de mousse de mer de notre marque de distributeur sont charg\u00e9es de gommes naturelles et d'antioxydants qui emprisonnent l'humidit\u00e9 dans la peau, renforcent la fonction de barri\u00e8re cutan\u00e9e, emp\u00eachent le dess\u00e8chement et le ternissement, adoucissent la peau pour la rendre plus d\u00e9licate et plus lisse, et stimulent la production de collag\u00e8ne pour donner plus d'\u00e9lasticit\u00e9 \u00e0 la peau.<\/li>\n\n\n\n<li><strong>Stimuler les niveaux d'\u00e9nergie : <\/strong>Nos gommes de mousse de mer en gros contiennent des quantit\u00e9s substantielles de fer, de magn\u00e9sium et de vitamines B essentielles au m\u00e9tabolisme \u00e9nerg\u00e9tique, \u00e0 la r\u00e9duction de la fatigue, \u00e0 l'am\u00e9lioration de l'endurance physique et au maintien de l'\u00e9nergie tout au long de la journ\u00e9e.<\/li>\n<\/ul>\n<\/div>\n\n\n\n<div class=\"wp-block-column is-layout-flow wp-block-column-is-layout-flow\">\n<figure class=\"wp-block-image size-full\"><img decoding=\"async\" width=\"1500\" height=\"1500\" src=\"https:\/\/www.comehealthgroup.com\/wp-content\/uploads\/2025\/03\/Sea-Moss-Gummy-2.webp\" alt=\"Gummies de mousse de mer de marque priv\u00e9e en gros pour la sant\u00e9 et la beaut\u00e9-1\" class=\"wp-image-1953\" srcset=\"https:\/\/www.comehealthgroup.com\/wp-content\/uploads\/2025\/03\/Sea-Moss-Gummy-2.webp 1500w, https:\/\/www.comehealthgroup.com\/wp-content\/uploads\/2025\/03\/Sea-Moss-Gummy-2-300x300.webp 300w, https:\/\/www.comehealthgroup.com\/wp-content\/uploads\/2025\/03\/Sea-Moss-Gummy-2-150x150.webp 150w, https:\/\/www.comehealthgroup.com\/wp-content\/uploads\/2025\/03\/Sea-Moss-Gummy-2-768x768.webp 768w, https:\/\/www.comehealthgroup.com\/wp-content\/uploads\/2025\/03\/Sea-Moss-Gummy-2-12x12.webp 12w, https:\/\/www.comehealthgroup.com\/wp-content\/uploads\/2025\/03\/Sea-Moss-Gummy-2-1200x1200.webp 1200w, https:\/\/www.comehealthgroup.com\/wp-content\/uploads\/2025\/03\/Sea-Moss-Gummy-2-600x600.webp 600w, https:\/\/www.comehealthgroup.com\/wp-content\/uploads\/2025\/03\/Sea-Moss-Gummy-2-100x100.webp 100w\" sizes=\"(max-width: 1500px) 100vw, 1500px\" \/><\/figure>\n<\/div>\n<\/div>","protected":false},"excerpt":{"rendered":"<p>Bienvenue pour acheter des gommes de mousse de mer en gros. Nos gommes \u00e0 la mousse de mer de marque priv\u00e9e sont riches en extraits d'algues de haute qualit\u00e9 pour am\u00e9liorer l'immunit\u00e9, les soins de la peau, la fonction thyro\u00efdienne et le m\u00e9tabolisme. Ces d\u00e9licieuses gommes sont faciles \u00e0 avaler et garantissent sant\u00e9 et beaut\u00e9.<\/p>\n<table style=\"border-collapse: collapse; width: 516px; height: 223px;\" border=\"0\" width=\"799\" cellspacing=\"0\" cellpadding=\"0\">\n<tbody>\n<tr style=\"height: 13.50pt;\">\n<td style=\"height: 13.50pt; width: 132.40pt;\" width=\"353\" height=\"36\">Nom de la marque<\/td>\n<td style=\"width: 167.30pt;\" width=\"446\">Label blanc<\/td>\n<\/tr>\n<tr style=\"height: 13.50pt;\">\n<td style=\"height: 13.50pt;\" height=\"36\">Avantages du produit<\/td>\n<td>*Riche en min\u00e9raux essentiels<br \/>*Renforce le syst\u00e8me immunitaire<br \/>*Soutient la sant\u00e9 digestive<br \/>*Am\u00e9liore la sant\u00e9 de la peau<\/td>\n<\/tr>\n<tr style=\"height: 13.50pt;\">\n<td style=\"height: 13.50pt;\" height=\"36\">Forme posologique<\/td>\n<td>Gomme<\/td>\n<\/tr>\n<tr style=\"height: 13.50pt;\">\n<td style=\"height: 13.50pt;\" height=\"36\">Sp\u00e9cification du produit<\/td>\n<td>60 gommes\/bouteille<\/td>\n<\/tr>\n<tr style=\"height: 13.50pt;\">\n<td style=\"height: 13.50pt;\" height=\"36\">Dur\u00e9e de vie en rayon<\/td>\n<td>24 mois<\/td>\n<\/tr>\n<tr style=\"height: 13.50pt;\">\n<td style=\"height: 13.50pt;\" height=\"36\">Dimensions (cm)<\/td>\n<td>7X7X12<\/td>\n<\/tr>\n<tr style=\"height: 13.50pt;\">\n<td style=\"height: 13.50pt;\" height=\"36\">Poids net (kg)<\/td>\n<td>0,2 kg<\/td>\n<\/tr>\n<tr style=\"height: 13.50pt;\">\n<td style=\"height: 13.50pt;\" height=\"36\">Personnalisation<\/td>\n<td>Graphique, Logo, Paquet<\/td>\n<\/tr>\n<tr style=\"height: 13.50pt;\">\n<td style=\"height: 13.50pt;\" height=\"36\">Inventaire<\/td>\n<td>En stock<\/td>\n<\/tr>\n<\/tbody>\n<\/table>\n<p>&nbsp;<\/p>","protected":false},"featured_media":1955,"comment_status":"closed","ping_status":"closed","template":"","meta":{"_acf_changed":false},"product_brand":[],"product_cat":[40,36,34],"product_tag":[],"class_list":{"0":"post-1950","1":"product","2":"type-product","3":"status-publish","4":"has-post-thumbnail","6":"product_cat-private-label-gummy-supplements","7":"product_cat-private-label-beauty-supplements","8":"product_cat-private-label-health-supplements","10":"first","11":"instock","12":"shipping-taxable","13":"product-type-simple"},"acf":[],"_links":{"self":[{"href":"https:\/\/www.comehealthgroup.com\/fr\/wp-json\/wp\/v2\/product\/1950","targetHints":{"allow":["GET"]}}],"collection":[{"href":"https:\/\/www.comehealthgroup.com\/fr\/wp-json\/wp\/v2\/product"}],"about":[{"href":"https:\/\/www.comehealthgroup.com\/fr\/wp-json\/wp\/v2\/types\/product"}],"replies":[{"embeddable":true,"href":"https:\/\/www.comehealthgroup.com\/fr\/wp-json\/wp\/v2\/comments?post=1950"}],"wp:featuredmedia":[{"embeddable":true,"href":"https:\/\/www.comehealthgroup.com\/fr\/wp-json\/wp\/v2\/media\/1955"}],"wp:attachment":[{"href":"https:\/\/www.comehealthgroup.com\/fr\/wp-json\/wp\/v2\/media?parent=1950"}],"wp:term":[{"taxonomy":"product_brand","embeddable":true,"href":"https:\/\/www.comehealthgroup.com\/fr\/wp-json\/wp\/v2\/product_brand?post=1950"},{"taxonomy":"product_cat","embeddable":true,"href":"https:\/\/www.comehealthgroup.com\/fr\/wp-json\/wp\/v2\/product_cat?post=1950"},{"taxonomy":"product_tag","embeddable":true,"href":"https:\/\/www.comehealthgroup.com\/fr\/wp-json\/wp\/v2\/product_tag?post=1950"}],"curies":[{"name":"wp","href":"https:\/\/api.w.org\/{rel}","templated":true}]}}