{"id":1962,"date":"2025-04-03T09:48:54","date_gmt":"2025-04-03T09:48:54","guid":{"rendered":"https:\/\/www.comehealthgroup.com\/?post_type=product&#038;p=1962"},"modified":"2025-09-05T02:55:44","modified_gmt":"2025-09-05T02:55:44","slug":"bulk-maca-capsules","status":"publish","type":"product","link":"https:\/\/www.comehealthgroup.com\/fr\/product\/bulk-maca-capsules\/","title":{"rendered":"Hormonal Balance Private Label Bulk MACA Capsules Supplier"},"content":{"rendered":"<div class=\"wp-block-columns is-layout-flex wp-container-core-columns-is-layout-9d6595d7 wp-block-columns-is-layout-flex\">\n<div class=\"wp-block-column is-layout-flow wp-block-column-is-layout-flow\">\n<h2 class=\"wp-block-heading\">Caract\u00e9ristiques de Bulk MACA Capsules<\/h2>\n\n\n\n<ul class=\"wp-block-list\">\n<li><strong>Stimule l'\u00e9nergie et l'endurance :<\/strong> La maca est r\u00e9put\u00e9e pour son effet stimulant sur l'\u00e9nergie. Nos g\u00e9lules de maca en vrac aident \u00e0 augmenter l'endurance et \u00e0 r\u00e9duire la fatigue.<\/li>\n\n\n\n<li><strong>Soutien \u00e0 l'\u00e9quilibre hormonal : <\/strong>Notre suppl\u00e9ment de maca de marque priv\u00e9e favorise la normalisation de l'\u00e9quilibre hormonal des femmes et des hommes, permettant la sant\u00e9 reproductive et le bien-\u00eatre g\u00e9n\u00e9ral.<\/li>\n\n\n\n<li><strong>Am\u00e9liore l'humeur et la clart\u00e9 mentale :<\/strong> Avec des quantit\u00e9s abondantes d'adaptog\u00e8nes, nos g\u00e9lules de maca en vrac am\u00e9liorent le traitement mental, r\u00e9duisent le stress et am\u00e9liorent l'humeur et la concentration.<\/li>\n\n\n\n<li><strong>Favorise la libido et la sant\u00e9 sexuelle : <\/strong>Nos suppl\u00e9ments de maca de marque priv\u00e9e sont utilis\u00e9s pour am\u00e9liorer la libido et la fertilit\u00e9 par l'am\u00e9lioration du fonctionnement sexuel et de l'endurance.<\/li>\n<\/ul>\n<\/div>\n\n\n\n<div class=\"wp-block-column is-layout-flow wp-block-column-is-layout-flow\">\n<figure class=\"wp-block-image size-full\"><img decoding=\"async\" width=\"1920\" height=\"1920\" src=\"https:\/\/www.comehealthgroup.com\/wp-content\/uploads\/2025\/03\/MACA-Gummy-3.webp\" alt=\"Hormonal Balance Private Label Bulk MACA Capsules Supplier-1\" class=\"wp-image-1963\" srcset=\"https:\/\/www.comehealthgroup.com\/wp-content\/uploads\/2025\/03\/MACA-Gummy-3.webp 1920w, https:\/\/www.comehealthgroup.com\/wp-content\/uploads\/2025\/03\/MACA-Gummy-3-300x300.webp 300w, https:\/\/www.comehealthgroup.com\/wp-content\/uploads\/2025\/03\/MACA-Gummy-3-150x150.webp 150w, https:\/\/www.comehealthgroup.com\/wp-content\/uploads\/2025\/03\/MACA-Gummy-3-768x768.webp 768w, https:\/\/www.comehealthgroup.com\/wp-content\/uploads\/2025\/03\/MACA-Gummy-3-12x12.webp 12w, https:\/\/www.comehealthgroup.com\/wp-content\/uploads\/2025\/03\/MACA-Gummy-3-1200x1200.webp 1200w, https:\/\/www.comehealthgroup.com\/wp-content\/uploads\/2025\/03\/MACA-Gummy-3-600x600.webp 600w, https:\/\/www.comehealthgroup.com\/wp-content\/uploads\/2025\/03\/MACA-Gummy-3-100x100.webp 100w\" sizes=\"(max-width: 1920px) 100vw, 1920px\" \/><\/figure>\n<\/div>\n<\/div>","protected":false},"excerpt":{"rendered":"<p>Bienvenue \u00e0 l'achat d'un suppl\u00e9ment de maca de marque priv\u00e9e. Nos g\u00e9lules de maca en vrac sont destin\u00e9es \u00e0 augmenter les niveaux d'\u00e9nergie, \u00e0 \u00e9quilibrer les niveaux d'hormones, \u00e0 am\u00e9liorer l'humeur et la clart\u00e9 mentale, ainsi qu'\u00e0 am\u00e9liorer la libido et la sant\u00e9 sexuelle. Elles constituent un moyen facile et pratique d'ajouter les bienfaits de la maca \u00e0 votre mode de vie.<\/p>\n<table style=\"border-collapse: collapse; width: 514px; height: 221px;\" border=\"0\" width=\"799\" cellspacing=\"0\" cellpadding=\"0\">\n<tbody>\n<tr style=\"height: 13.50pt;\">\n<td style=\"height: 13.50pt; width: 132.40pt;\" width=\"353\" height=\"36\">Nom de la marque<\/td>\n<td style=\"width: 167.30pt;\" width=\"446\">Label blanc<\/td>\n<\/tr>\n<tr style=\"height: 13.50pt;\">\n<td style=\"height: 13.50pt;\" height=\"36\">Avantages du produit<\/td>\n<td>*Booste l'\u00e9nergie et l'endurance <br \/>*Favorise l'\u00e9quilibre hormonal <br \/>*Am\u00e9liore l'humeur et la clart\u00e9 mentale <br \/>*Favorise la libido et la sant\u00e9 sexuelle<\/td>\n<\/tr>\n<tr style=\"height: 13.50pt;\">\n<td style=\"height: 13.50pt;\" height=\"36\">Forme posologique<\/td>\n<td>Capsule<\/td>\n<\/tr>\n<tr style=\"height: 13.50pt;\">\n<td style=\"height: 13.50pt;\" height=\"36\">Sp\u00e9cification du produit<\/td>\n<td>60\/120 Capsules\/bouteille<\/td>\n<\/tr>\n<tr style=\"height: 13.50pt;\">\n<td style=\"height: 13.50pt;\" height=\"36\">Dur\u00e9e de vie en rayon<\/td>\n<td>24 mois<\/td>\n<\/tr>\n<tr style=\"height: 13.50pt;\">\n<td style=\"height: 13.50pt;\" height=\"36\">Dimensions (cm)<\/td>\n<td>7X7X12 (60)<\/td>\n<\/tr>\n<tr style=\"height: 13.50pt;\">\n<td style=\"height: 13.50pt;\" height=\"36\">Poids net (kg)<\/td>\n<td>0,2kg (60)<\/td>\n<\/tr>\n<tr style=\"height: 13.50pt;\">\n<td style=\"height: 13.50pt;\" height=\"36\">Personnalisation<\/td>\n<td>Graphique, Logo, Paquet<\/td>\n<\/tr>\n<tr style=\"height: 13.50pt;\">\n<td style=\"height: 13.50pt;\" height=\"36\">Inventaire<\/td>\n<td>En stock<\/td>\n<\/tr>\n<\/tbody>\n<\/table>","protected":false},"featured_media":1965,"comment_status":"closed","ping_status":"closed","template":"","meta":{"_acf_changed":false},"product_brand":[],"product_cat":[39,34],"product_tag":[],"class_list":{"0":"post-1962","1":"product","2":"type-product","3":"status-publish","4":"has-post-thumbnail","6":"product_cat-bulk-supplements-capsules","7":"product_cat-private-label-health-supplements","9":"first","10":"instock","11":"shipping-taxable","12":"product-type-simple"},"acf":[],"_links":{"self":[{"href":"https:\/\/www.comehealthgroup.com\/fr\/wp-json\/wp\/v2\/product\/1962","targetHints":{"allow":["GET"]}}],"collection":[{"href":"https:\/\/www.comehealthgroup.com\/fr\/wp-json\/wp\/v2\/product"}],"about":[{"href":"https:\/\/www.comehealthgroup.com\/fr\/wp-json\/wp\/v2\/types\/product"}],"replies":[{"embeddable":true,"href":"https:\/\/www.comehealthgroup.com\/fr\/wp-json\/wp\/v2\/comments?post=1962"}],"wp:featuredmedia":[{"embeddable":true,"href":"https:\/\/www.comehealthgroup.com\/fr\/wp-json\/wp\/v2\/media\/1965"}],"wp:attachment":[{"href":"https:\/\/www.comehealthgroup.com\/fr\/wp-json\/wp\/v2\/media?parent=1962"}],"wp:term":[{"taxonomy":"product_brand","embeddable":true,"href":"https:\/\/www.comehealthgroup.com\/fr\/wp-json\/wp\/v2\/product_brand?post=1962"},{"taxonomy":"product_cat","embeddable":true,"href":"https:\/\/www.comehealthgroup.com\/fr\/wp-json\/wp\/v2\/product_cat?post=1962"},{"taxonomy":"product_tag","embeddable":true,"href":"https:\/\/www.comehealthgroup.com\/fr\/wp-json\/wp\/v2\/product_tag?post=1962"}],"curies":[{"name":"wp","href":"https:\/\/api.w.org\/{rel}","templated":true}]}}