{"id":1976,"date":"2025-03-14T10:04:21","date_gmt":"2025-03-14T10:04:21","guid":{"rendered":"https:\/\/www.comehealthgroup.com\/?post_type=product&#038;p=1976"},"modified":"2025-03-14T10:04:22","modified_gmt":"2025-03-14T10:04:22","slug":"bulk-melatonin-gummies","status":"publish","type":"product","link":"https:\/\/www.comehealthgroup.com\/fr\/product\/bulk-melatonin-gummies\/","title":{"rendered":"Gommes de m\u00e9latonine en gros et en vrac, Gommes de sommeil de marque priv\u00e9e"},"content":{"rendered":"<div class=\"wp-block-columns is-layout-flex wp-container-core-columns-is-layout-9d6595d7 wp-block-columns-is-layout-flex\">\n<div class=\"wp-block-column is-layout-flow wp-block-column-is-layout-flow\">\n<h2 class=\"wp-block-heading\">Caract\u00e9ristiques de Bulk Melatonin Gummies<\/h2>\n\n\n\n<ul class=\"wp-block-list\">\n<li><strong>Favoriser un sommeil profond :<\/strong> Nos gommes de m\u00e9latonine en vrac aident \u00e0 r\u00e9guler le rythme circadien naturel de l'organisme, \u00e0 raccourcir le temps d'endormissement, \u00e0 prolonger le temps de sommeil profond et \u00e0 \u00e9viter la somnolence matinale.<\/li>\n\n\n\n<li><strong>Soulager le stress et l'anxi\u00e9t\u00e9 : <\/strong>La m\u00e9latonine agit en synergie avec des ingr\u00e9dients naturels apaisants. Ces gommes \u00e0 m\u00e2cher pour le sommeil de marque de distributeur aident \u00e0 r\u00e9duire l'anxi\u00e9t\u00e9 et \u00e0 soulager le stress quotidien. Ils conviennent particuli\u00e8rement aux personnes qui travaillent sous haute pression ou qui souffrent de troubles du sommeil.<\/li>\n\n\n\n<li><strong>Pas de d\u00e9pendance : <\/strong>Nos gommes de m\u00e9latonine en vrac utilisent une formule qui ne cr\u00e9e pas de d\u00e9pendance et ne contiennent pas d'ingr\u00e9dients irritants. Ils n'entra\u00eenent pas de d\u00e9pendance et ne cr\u00e9ent pas d'habitude de consommation. L'utilisation \u00e0 long terme n'affecte pas la s\u00e9cr\u00e9tion naturelle de m\u00e9latonine dans le corps. Ils sont s\u00fbrs et fiables.<\/li>\n\n\n\n<li><strong>D\u00e9licieuse formule sans sucre :<\/strong> Ces gommes \u00e0 m\u00e2cher de marque d\u00e9pos\u00e9e sont fabriqu\u00e9es avec des ar\u00f4mes naturels de fruits pour un go\u00fbt d\u00e9licieux. Ils sont \u00e9galement sans sucre et ne contiennent pas d'\u00e9dulcorants artificiels, ce qui les rend adapt\u00e9s aux personnes soucieuses de leur sant\u00e9, y compris celles qui suivent un r\u00e9gime pauvre en sucre, les v\u00e9g\u00e9tariens et les enfants.<\/li>\n<\/ul>\n<\/div>\n\n\n\n<div class=\"wp-block-column is-layout-flow wp-block-column-is-layout-flow\">\n<figure class=\"wp-block-image size-full\"><img decoding=\"async\" width=\"1498\" height=\"1498\" src=\"https:\/\/www.comehealthgroup.com\/wp-content\/uploads\/2025\/03\/Sleep-gummy-2.webp\" alt=\"Gommes de m\u00e9latonine en gros et en vrac, Gommes de sommeil de marque priv\u00e9e-1\" class=\"wp-image-1977\" srcset=\"https:\/\/www.comehealthgroup.com\/wp-content\/uploads\/2025\/03\/Sleep-gummy-2.webp 1498w, https:\/\/www.comehealthgroup.com\/wp-content\/uploads\/2025\/03\/Sleep-gummy-2-300x300.webp 300w, https:\/\/www.comehealthgroup.com\/wp-content\/uploads\/2025\/03\/Sleep-gummy-2-150x150.webp 150w, https:\/\/www.comehealthgroup.com\/wp-content\/uploads\/2025\/03\/Sleep-gummy-2-768x768.webp 768w, https:\/\/www.comehealthgroup.com\/wp-content\/uploads\/2025\/03\/Sleep-gummy-2-12x12.webp 12w, https:\/\/www.comehealthgroup.com\/wp-content\/uploads\/2025\/03\/Sleep-gummy-2-1200x1200.webp 1200w, https:\/\/www.comehealthgroup.com\/wp-content\/uploads\/2025\/03\/Sleep-gummy-2-600x600.webp 600w, https:\/\/www.comehealthgroup.com\/wp-content\/uploads\/2025\/03\/Sleep-gummy-2-100x100.webp 100w\" sizes=\"(max-width: 1498px) 100vw, 1498px\" \/><\/figure>\n<\/div>\n<\/div>","protected":false},"excerpt":{"rendered":"<p>Bienvenue \u00e0 l'achat de gommes de m\u00e9latonine en vrac. Nos gommes \u00e0 m\u00e2cher de marque de distributeur aident \u00e0 ajuster l'horloge biologique, \u00e0 favoriser un sommeil profond et \u00e0 soulager le stress et l'anxi\u00e9t\u00e9. Il n'y a pas de d\u00e9pendance, pas d'effets secondaires en cas d'utilisation \u00e0 long terme, et il utilise une formule sans sucre au go\u00fbt d\u00e9licieux. Approvisionnement direct de l'usine, soutien \u00e0 la vente en gros et \u00e0 la personnalisation OEM.<\/p>\n<table style=\"border-collapse: collapse; width: 518px; height: 217px;\" border=\"0\" width=\"799\" cellspacing=\"0\" cellpadding=\"0\">\n<tbody>\n<tr style=\"height: 13.50pt;\">\n<td style=\"height: 13.50pt; width: 132.40pt;\" width=\"353\" height=\"36\">Nom de la marque<\/td>\n<td style=\"width: 167.30pt;\" width=\"446\">Label blanc<\/td>\n<\/tr>\n<tr style=\"height: 13.50pt;\">\n<td style=\"height: 13.50pt;\" height=\"36\">Avantages du produit<\/td>\n<td>*Favorise un sommeil r\u00e9parateur<br \/>*R\u00e9duit le stress et l'anxi\u00e9t\u00e9<br \/>*Formation de l'habitat<br \/>*D\u00e9licieux et sans sucre<\/td>\n<\/tr>\n<tr style=\"height: 13.50pt;\">\n<td style=\"height: 13.50pt;\" height=\"36\">Forme posologique<\/td>\n<td>Gomme<\/td>\n<\/tr>\n<tr style=\"height: 13.50pt;\">\n<td style=\"height: 13.50pt;\" height=\"36\">Sp\u00e9cification du produit<\/td>\n<td>60 gommes\/bouteille<\/td>\n<\/tr>\n<tr style=\"height: 13.50pt;\">\n<td style=\"height: 13.50pt;\" height=\"36\">Dur\u00e9e de vie en rayon<\/td>\n<td>24 mois<\/td>\n<\/tr>\n<tr style=\"height: 13.50pt;\">\n<td style=\"height: 13.50pt;\" height=\"36\">Dimensions (cm)<\/td>\n<td>7X7X12<\/td>\n<\/tr>\n<tr style=\"height: 13.50pt;\">\n<td style=\"height: 13.50pt;\" height=\"36\">Poids net (kg)<\/td>\n<td>0,2 kg<\/td>\n<\/tr>\n<tr style=\"height: 13.50pt;\">\n<td style=\"height: 13.50pt;\" height=\"36\">Personnalisation<\/td>\n<td>Graphique, Logo, Paquet<\/td>\n<\/tr>\n<tr style=\"height: 13.50pt;\">\n<td style=\"height: 13.50pt;\" height=\"36\">Inventaire<\/td>\n<td>En stock<\/td>\n<\/tr>\n<\/tbody>\n<\/table>","protected":false},"featured_media":1977,"comment_status":"closed","ping_status":"closed","template":"","meta":{"_acf_changed":false},"product_brand":[],"product_cat":[40,35],"product_tag":[],"class_list":{"0":"post-1976","1":"product","2":"type-product","3":"status-publish","4":"has-post-thumbnail","6":"product_cat-private-label-gummy-supplements","7":"product_cat-sleep-supplements-wholesale","9":"first","10":"instock","11":"shipping-taxable","12":"product-type-simple"},"acf":[],"_links":{"self":[{"href":"https:\/\/www.comehealthgroup.com\/fr\/wp-json\/wp\/v2\/product\/1976","targetHints":{"allow":["GET"]}}],"collection":[{"href":"https:\/\/www.comehealthgroup.com\/fr\/wp-json\/wp\/v2\/product"}],"about":[{"href":"https:\/\/www.comehealthgroup.com\/fr\/wp-json\/wp\/v2\/types\/product"}],"replies":[{"embeddable":true,"href":"https:\/\/www.comehealthgroup.com\/fr\/wp-json\/wp\/v2\/comments?post=1976"}],"wp:featuredmedia":[{"embeddable":true,"href":"https:\/\/www.comehealthgroup.com\/fr\/wp-json\/wp\/v2\/media\/1977"}],"wp:attachment":[{"href":"https:\/\/www.comehealthgroup.com\/fr\/wp-json\/wp\/v2\/media?parent=1976"}],"wp:term":[{"taxonomy":"product_brand","embeddable":true,"href":"https:\/\/www.comehealthgroup.com\/fr\/wp-json\/wp\/v2\/product_brand?post=1976"},{"taxonomy":"product_cat","embeddable":true,"href":"https:\/\/www.comehealthgroup.com\/fr\/wp-json\/wp\/v2\/product_cat?post=1976"},{"taxonomy":"product_tag","embeddable":true,"href":"https:\/\/www.comehealthgroup.com\/fr\/wp-json\/wp\/v2\/product_tag?post=1976"}],"curies":[{"name":"wp","href":"https:\/\/api.w.org\/{rel}","templated":true}]}}