{"id":1979,"date":"2025-03-20T10:09:37","date_gmt":"2025-03-20T10:09:37","guid":{"rendered":"https:\/\/www.comehealthgroup.com\/?post_type=product&#038;p=1979"},"modified":"2025-10-22T10:26:32","modified_gmt":"2025-10-22T10:26:32","slug":"private-label-liver-supplements","status":"publish","type":"product","link":"https:\/\/www.comehealthgroup.com\/fr\/product\/private-label-liver-supplements\/","title":{"rendered":"Suppl\u00e9ments pour le foie sous marque de distributeur, approvisionnement en g\u00e9lules de d\u00e9sintoxication du foie"},"content":{"rendered":"<div class=\"wp-block-columns is-layout-flex wp-container-core-columns-is-layout-9d6595d7 wp-block-columns-is-layout-flex\">\n<div class=\"wp-block-column is-layout-flow wp-block-column-is-layout-flow\">\n<h2 class=\"wp-block-heading\">Caract\u00e9ristiques des suppl\u00e9ments pour le foie de marque priv\u00e9e<\/h2>\n\n\n\n<ul class=\"wp-block-list\">\n<li><strong>Soutien complet \u00e0 la sant\u00e9 du foie et \u00e0 la fonction de d\u00e9sintoxication : <\/strong>Nos compl\u00e9ments alimentaires pour le foie sous marque de distributeur sont charg\u00e9s d'ingr\u00e9dients de protection du foie, qui renforcent la capacit\u00e9 de d\u00e9sintoxication du foie, aident \u00e0 \u00e9liminer les toxines de l'organisme et maintiennent le foie en bon \u00e9tat.<\/li>\n\n\n\n<li><strong>Favorise le m\u00e9tabolisme et le fonctionnement du syst\u00e8me digestif : <\/strong>Notre capsule de chardon-marie d\u00e9tox pour le foie en gros soutient la fonction du foie et le m\u00e9tabolisme du corps, ainsi que la digestion et l'absorption et calme les troubles de l'estomac.<\/li>\n\n\n\n<li><strong>Riche en ingr\u00e9dients antioxydants pour prot\u00e9ger les cellules des dommages :<\/strong> Ces suppl\u00e9ments pour le foie de marque priv\u00e9e utilisent des herbes antioxydantes tr\u00e8s efficaces pour aider \u00e0 r\u00e9sister aux dommages caus\u00e9s par les radicaux libres et \u00e0 r\u00e9duire le vieillissement des cellules du foie.<\/li>\n\n\n\n<li><strong>Formule \u00e0 base de plantes pures, adapt\u00e9e aux v\u00e9g\u00e9tariens : <\/strong>Ces g\u00e9lules de d\u00e9toxication du foie au chardon-marie ne contiennent pas de gluten, de produits laitiers ou d'additifs artificiels. Elles sont sp\u00e9cialement con\u00e7ues pour les v\u00e9g\u00e9tariens et les personnes en bonne sant\u00e9. Elles sont douces et l\u00e9g\u00e8res et conviennent \u00e0 une utilisation \u00e0 long terme.<\/li>\n\n\n\n<li><strong>Opportunit\u00e9 de marque priv\u00e9e :<\/strong> En tant que produit de marque priv\u00e9e, ces g\u00e9lules de d\u00e9sintoxication du foie peuvent \u00eatre marqu\u00e9es et conditionn\u00e9es pour r\u00e9pondre aux besoins de votre entreprise. Elles sont id\u00e9ales pour les entreprises qui souhaitent \u00e9largir leur gamme de produits en proposant des suppl\u00e9ments de haute qualit\u00e9 adapt\u00e9s \u00e0 leur client\u00e8le.<\/li>\n<\/ul>\n<\/div>\n\n\n\n<div class=\"wp-block-column is-layout-flow wp-block-column-is-layout-flow\">\n<figure class=\"wp-block-image size-full\"><img decoding=\"async\" width=\"751\" height=\"750\" src=\"https:\/\/www.comehealthgroup.com\/wp-content\/uploads\/2025\/03\/Liver-Detox-Gummy-3.webp\" alt=\"Private Label Liver Supplements, Liver Detox &amp; Cleanse Capsule-1\" class=\"wp-image-1980\" srcset=\"https:\/\/www.comehealthgroup.com\/wp-content\/uploads\/2025\/03\/Liver-Detox-Gummy-3.webp 751w, https:\/\/www.comehealthgroup.com\/wp-content\/uploads\/2025\/03\/Liver-Detox-Gummy-3-300x300.webp 300w, https:\/\/www.comehealthgroup.com\/wp-content\/uploads\/2025\/03\/Liver-Detox-Gummy-3-150x150.webp 150w, https:\/\/www.comehealthgroup.com\/wp-content\/uploads\/2025\/03\/Liver-Detox-Gummy-3-12x12.webp 12w, https:\/\/www.comehealthgroup.com\/wp-content\/uploads\/2025\/03\/Liver-Detox-Gummy-3-600x599.webp 600w, https:\/\/www.comehealthgroup.com\/wp-content\/uploads\/2025\/03\/Liver-Detox-Gummy-3-100x100.webp 100w\" sizes=\"(max-width: 751px) 100vw, 751px\" \/><\/figure>\n<\/div>\n<\/div>","protected":false},"excerpt":{"rendered":"<p>Nous vous invitons \u00e0 commander des compl\u00e9ments alimentaires pour le foie sous marque de distributeur. Cette g\u00e9lule de chardon marie de d\u00e9sintoxication du foie est destin\u00e9e \u00e0 promouvoir l'am\u00e9lioration du m\u00e9tabolisme du foie et la protection antioxydante. Elle adopte une formule v\u00e9g\u00e9tale, ne contient pas de gluten et est riche en essences naturelles de plantes pour permettre la promotion de la fonction h\u00e9patique. Les marques priv\u00e9es OEM peuvent \u00eatre utilis\u00e9es.<\/p>\n<table style=\"border-collapse: collapse; width: 515px; height: 220px;\" border=\"0\" width=\"799\" cellspacing=\"0\" cellpadding=\"0\">\n<tbody>\n<tr style=\"height: 13.50pt;\">\n<td style=\"height: 13.50pt; width: 132.40pt;\" width=\"353\" height=\"36\">Nom de la marque<\/td>\n<td style=\"width: 167.30pt;\" width=\"446\">Label blanc<\/td>\n<\/tr>\n<tr style=\"height: 13.50pt;\">\n<td style=\"height: 13.50pt;\" height=\"36\">Avantages du produit<\/td>\n<td>*Favorise la sant\u00e9 du foie<br \/>*Stimule le m\u00e9tabolisme et la digestion<br \/>*Riche en antioxydants<br \/>*v\u00e9g\u00e9talien et sans gluten<\/td>\n<\/tr>\n<tr style=\"height: 13.50pt;\">\n<td style=\"height: 13.50pt;\" height=\"36\">Forme posologique<\/td>\n<td>Gomme<\/td>\n<\/tr>\n<tr style=\"height: 13.50pt;\">\n<td style=\"height: 13.50pt;\" height=\"36\">Sp\u00e9cification du produit<\/td>\n<td>60 gommes\/bouteille<\/td>\n<\/tr>\n<tr style=\"height: 13.50pt;\">\n<td style=\"height: 13.50pt;\" height=\"36\">Dur\u00e9e de vie en rayon<\/td>\n<td>24 mois<\/td>\n<\/tr>\n<tr style=\"height: 13.50pt;\">\n<td style=\"height: 13.50pt;\" height=\"36\">Dimensions (cm)<\/td>\n<td>7X7X12<\/td>\n<\/tr>\n<tr style=\"height: 13.50pt;\">\n<td style=\"height: 13.50pt;\" height=\"36\">Poids net (kg)<\/td>\n<td>0,2 kg<\/td>\n<\/tr>\n<tr style=\"height: 13.50pt;\">\n<td style=\"height: 13.50pt;\" height=\"36\">Personnalisation<\/td>\n<td>Graphique, Logo, Paquet<\/td>\n<\/tr>\n<tr style=\"height: 13.50pt;\">\n<td style=\"height: 13.50pt;\" height=\"36\">Inventaire<\/td>\n<td>En stock<\/td>\n<\/tr>\n<\/tbody>\n<\/table>","protected":false},"featured_media":1983,"comment_status":"closed","ping_status":"closed","template":"","meta":{"_acf_changed":false},"product_brand":[],"product_cat":[39,34],"product_tag":[],"class_list":{"0":"post-1979","1":"product","2":"type-product","3":"status-publish","4":"has-post-thumbnail","6":"product_cat-bulk-supplements-capsules","7":"product_cat-private-label-health-supplements","9":"first","10":"instock","11":"shipping-taxable","12":"product-type-simple"},"acf":[],"_links":{"self":[{"href":"https:\/\/www.comehealthgroup.com\/fr\/wp-json\/wp\/v2\/product\/1979","targetHints":{"allow":["GET"]}}],"collection":[{"href":"https:\/\/www.comehealthgroup.com\/fr\/wp-json\/wp\/v2\/product"}],"about":[{"href":"https:\/\/www.comehealthgroup.com\/fr\/wp-json\/wp\/v2\/types\/product"}],"replies":[{"embeddable":true,"href":"https:\/\/www.comehealthgroup.com\/fr\/wp-json\/wp\/v2\/comments?post=1979"}],"wp:featuredmedia":[{"embeddable":true,"href":"https:\/\/www.comehealthgroup.com\/fr\/wp-json\/wp\/v2\/media\/1983"}],"wp:attachment":[{"href":"https:\/\/www.comehealthgroup.com\/fr\/wp-json\/wp\/v2\/media?parent=1979"}],"wp:term":[{"taxonomy":"product_brand","embeddable":true,"href":"https:\/\/www.comehealthgroup.com\/fr\/wp-json\/wp\/v2\/product_brand?post=1979"},{"taxonomy":"product_cat","embeddable":true,"href":"https:\/\/www.comehealthgroup.com\/fr\/wp-json\/wp\/v2\/product_cat?post=1979"},{"taxonomy":"product_tag","embeddable":true,"href":"https:\/\/www.comehealthgroup.com\/fr\/wp-json\/wp\/v2\/product_tag?post=1979"}],"curies":[{"name":"wp","href":"https:\/\/api.w.org\/{rel}","templated":true}]}}