{"id":202,"date":"2024-12-06T06:43:19","date_gmt":"2024-12-06T06:43:19","guid":{"rendered":"https:\/\/www.comehealthgroup.com\/?post_type=product&#038;p=202"},"modified":"2024-12-06T07:05:22","modified_gmt":"2024-12-06T07:05:22","slug":"bulk-supplements-ashwagandha","status":"publish","type":"product","link":"https:\/\/www.comehealthgroup.com\/fr\/product\/bulk-supplements-ashwagandha\/","title":{"rendered":"Bulk Supplements Ashwagandha, Private Label Gummy Supplements"},"content":{"rendered":"<div class=\"wp-block-columns is-layout-flex wp-container-core-columns-is-layout-9d6595d7 wp-block-columns-is-layout-flex\">\n<div class=\"wp-block-column is-layout-flow wp-block-column-is-layout-flow\">\n<h2 class=\"wp-block-heading\">Caract\u00e9ristiques de Bulk Supplements Ashwagandha<\/h2>\n\n\n\n<ul class=\"wp-block-list\">\n<li><strong>Soulage le stress et la tension, am\u00e9liore l'humeur : <\/strong>Ce suppl\u00e9ment en vrac d'ashwagandha est riche en ingr\u00e9dients uniques d'ashwagandha qui aident \u00e0 soulager le stress et la tension, favorisant la stabilit\u00e9 \u00e9motionnelle pour aider les utilisateurs \u00e0 maintenir l'\u00e9quilibre physique et mental dans leur mode de vie occup\u00e9.<\/li>\n\n\n\n<li><strong>Am\u00e9liorer l'endurance et la force musculaire, am\u00e9liorer la condition physique : <\/strong>Ce compl\u00e9ment alimentaire sous forme de g\u00e9lules contribue \u00e0 am\u00e9liorer l'endurance physique et la force des muscles, y compris l'assistance dans les performances sportives pour obtenir un corps plus fort.<\/li>\n\n\n\n<li><strong>Favorise le calme et un sommeil de qualit\u00e9 : <\/strong>Ce suppl\u00e9ment en vrac d'ashwagandha est sp\u00e9cialement formul\u00e9 pour les personnes modernes afin d'aider \u00e0 d\u00e9tendre le corps et l'esprit, d'am\u00e9liorer la qualit\u00e9 du sommeil et de permettre aux utilisateurs de profiter d'une nuit r\u00e9paratrice profonde et de se pr\u00e9parer pour le jour suivant.<\/li>\n\n\n\n<li><strong>Label priv\u00e9 personnalis\u00e9, adapt\u00e9 aux besoins de la marque : <\/strong>Nous fournissons des services OEM pour les suppl\u00e9ments gommeux de marque priv\u00e9e et pouvons concevoir un emballage et une image de marque uniques en fonction des besoins du client. Ils conviennent \u00e0 divers march\u00e9s de compl\u00e9ments alimentaires et constituent un choix id\u00e9al pour la coop\u00e9ration entre les marques.<\/li>\n<\/ul>\n<\/div>\n\n\n\n<div class=\"wp-block-column is-layout-flow wp-block-column-is-layout-flow\">\n<figure class=\"wp-block-image size-full\"><img decoding=\"async\" width=\"800\" height=\"800\" src=\"https:\/\/www.comehealthgroup.com\/wp-content\/uploads\/2024\/12\/Bulk-Supplements-Ashwagandha-Private-Label-Gummy-Supplements-1.webp\" alt=\"Bulk Supplements Ashwagandha, Private Label Gummy Supplements-1\" class=\"wp-image-203\" srcset=\"https:\/\/www.comehealthgroup.com\/wp-content\/uploads\/2024\/12\/Bulk-Supplements-Ashwagandha-Private-Label-Gummy-Supplements-1.webp 800w, https:\/\/www.comehealthgroup.com\/wp-content\/uploads\/2024\/12\/Bulk-Supplements-Ashwagandha-Private-Label-Gummy-Supplements-1-300x300.webp 300w, https:\/\/www.comehealthgroup.com\/wp-content\/uploads\/2024\/12\/Bulk-Supplements-Ashwagandha-Private-Label-Gummy-Supplements-1-100x100.webp 100w, https:\/\/www.comehealthgroup.com\/wp-content\/uploads\/2024\/12\/Bulk-Supplements-Ashwagandha-Private-Label-Gummy-Supplements-1-600x600.webp 600w, https:\/\/www.comehealthgroup.com\/wp-content\/uploads\/2024\/12\/Bulk-Supplements-Ashwagandha-Private-Label-Gummy-Supplements-1-150x150.webp 150w, https:\/\/www.comehealthgroup.com\/wp-content\/uploads\/2024\/12\/Bulk-Supplements-Ashwagandha-Private-Label-Gummy-Supplements-1-768x768.webp 768w, https:\/\/www.comehealthgroup.com\/wp-content\/uploads\/2024\/12\/Bulk-Supplements-Ashwagandha-Private-Label-Gummy-Supplements-1-12x12.webp 12w\" sizes=\"(max-width: 800px) 100vw, 800px\" \/><\/figure>\n<\/div>\n<\/div>\n\n\n\n<p><\/p>","protected":false},"excerpt":{"rendered":"<p>Ce suppl\u00e9ment en vrac d'ashwagandha sous marque de distributeur utilise une formule r\u00e9fl\u00e9chie, combin\u00e9e \u00e0 de multiples fonctions telles que le soulagement du stress, l'am\u00e9lioration de l'endurance, le calme et un sommeil de qualit\u00e9, pour aider les utilisateurs \u00e0 atteindre la sant\u00e9 physique et mentale et l'am\u00e9lioration globale. Il est possible de le personnaliser, ce qui en fait un choix id\u00e9al pour la cr\u00e9ation d'une ligne de produits de sant\u00e9 de marque.<\/p>\n<table style=\"border-collapse: collapse; width: 328.02pt;\" border=\"0\" width=\"328\" cellspacing=\"0\" cellpadding=\"0\">\n<tbody>\n<tr style=\"height: 15.20pt;\">\n<td class=\"et2\" style=\"height: 15.20pt; width: 101.70pt;\" width=\"101\" height=\"15\">Nom de la marque<\/td>\n<td class=\"et2\" style=\"width: 226.65pt;\" width=\"226\">Come Health\/ White Label<\/td>\n<\/tr>\n<tr style=\"height: 92.00pt;\">\n<td class=\"et2\" style=\"height: 92.00pt;\" height=\"92\">Avantages du produit<\/td>\n<td class=\"et3\" style=\"width: 226.65pt;\" width=\"226\">*Am\u00e9liore l'humeur<br \/>*Aide \u00e0 l'endurance<br \/>*Favorise le calme<br \/>*Favorise un sommeil sain<br \/>*R\u00e9duit le stress et la tension<br \/>*Soutien de la force musculaire<\/td>\n<\/tr>\n<tr style=\"height: 15.20pt;\">\n<td class=\"et2\" style=\"height: 15.20pt;\" height=\"15\">Forme posologique<\/td>\n<td class=\"et2\">Gomme<\/td>\n<\/tr>\n<tr style=\"height: 15.20pt;\">\n<td class=\"et2\" style=\"height: 15.20pt;\" height=\"15\">Couleur<\/td>\n<td class=\"et2\">Pourpre<\/td>\n<\/tr>\n<tr style=\"height: 15.20pt;\">\n<td class=\"et2\" style=\"height: 15.20pt;\" height=\"15\">Saveur<\/td>\n<td class=\"et2\">Ar\u00f4me de myrtille<\/td>\n<\/tr>\n<tr style=\"height: 15.20pt;\">\n<td class=\"et2\" style=\"height: 15.20pt;\" height=\"15\">Forme<\/td>\n<td class=\"et2\">P\u00e9tale<\/td>\n<\/tr>\n<tr style=\"height: 15.20pt;\">\n<td class=\"et2\" style=\"height: 15.20pt;\" height=\"15\">Sp\u00e9cification du produit<\/td>\n<td class=\"et2\">60 unit\u00e9s\/bouteille<\/td>\n<\/tr>\n<tr style=\"height: 15.20pt;\">\n<td class=\"et2\" style=\"height: 15.20pt;\" height=\"15\">Dur\u00e9e de vie en rayon<\/td>\n<td class=\"et2\">24 mois<\/td>\n<\/tr>\n<tr style=\"height: 15.20pt;\">\n<td class=\"et2\" style=\"height: 15.20pt;\" height=\"15\">Dimensions (cm)<\/td>\n<td class=\"et2\">7X7X12<\/td>\n<\/tr>\n<tr style=\"height: 15.20pt;\">\n<td class=\"et2\" style=\"height: 15.20pt;\" height=\"15\">Poids net (kg)<\/td>\n<td class=\"et2\">0,22 kg<\/td>\n<\/tr>\n<tr style=\"height: 15.20pt;\">\n<td class=\"et2\" style=\"height: 15.20pt;\" height=\"15\">Personnalisation<\/td>\n<td class=\"et2\">Graphique, Logo, Paquet<\/td>\n<\/tr>\n<tr style=\"height: 15.20pt;\">\n<td class=\"et2\" style=\"height: 15.20pt;\" height=\"15\">Inventaire<\/td>\n<td class=\"et2\">En stock<\/td>\n<\/tr>\n<\/tbody>\n<\/table>","protected":false},"featured_media":207,"comment_status":"closed","ping_status":"closed","template":"","meta":{"_acf_changed":false},"product_brand":[],"product_cat":[29,40,35],"product_tag":[],"class_list":{"0":"post-202","1":"product","2":"type-product","3":"status-publish","4":"has-post-thumbnail","6":"product_cat-sports-supplements-wholesale","7":"product_cat-private-label-gummy-supplements","8":"product_cat-sleep-supplements-wholesale","10":"first","11":"instock","12":"shipping-taxable","13":"product-type-simple"},"acf":[],"_links":{"self":[{"href":"https:\/\/www.comehealthgroup.com\/fr\/wp-json\/wp\/v2\/product\/202","targetHints":{"allow":["GET"]}}],"collection":[{"href":"https:\/\/www.comehealthgroup.com\/fr\/wp-json\/wp\/v2\/product"}],"about":[{"href":"https:\/\/www.comehealthgroup.com\/fr\/wp-json\/wp\/v2\/types\/product"}],"replies":[{"embeddable":true,"href":"https:\/\/www.comehealthgroup.com\/fr\/wp-json\/wp\/v2\/comments?post=202"}],"wp:featuredmedia":[{"embeddable":true,"href":"https:\/\/www.comehealthgroup.com\/fr\/wp-json\/wp\/v2\/media\/207"}],"wp:attachment":[{"href":"https:\/\/www.comehealthgroup.com\/fr\/wp-json\/wp\/v2\/media?parent=202"}],"wp:term":[{"taxonomy":"product_brand","embeddable":true,"href":"https:\/\/www.comehealthgroup.com\/fr\/wp-json\/wp\/v2\/product_brand?post=202"},{"taxonomy":"product_cat","embeddable":true,"href":"https:\/\/www.comehealthgroup.com\/fr\/wp-json\/wp\/v2\/product_cat?post=202"},{"taxonomy":"product_tag","embeddable":true,"href":"https:\/\/www.comehealthgroup.com\/fr\/wp-json\/wp\/v2\/product_tag?post=202"}],"curies":[{"name":"wp","href":"https:\/\/api.w.org\/{rel}","templated":true}]}}