{"id":208,"date":"2024-12-06T07:05:29","date_gmt":"2024-12-06T07:05:29","guid":{"rendered":"https:\/\/www.comehealthgroup.com\/?post_type=product&#038;p=208"},"modified":"2024-12-06T07:20:13","modified_gmt":"2024-12-06T07:20:13","slug":"apple-cider-vinegar-gummies-bulk","status":"publish","type":"product","link":"https:\/\/www.comehealthgroup.com\/fr\/product\/apple-cider-vinegar-gummies-bulk\/","title":{"rendered":"Gommes de vinaigre de cidre de pomme en vrac, Suppl\u00e9ments de gommes de marque priv\u00e9e"},"content":{"rendered":"<div class=\"wp-block-columns is-layout-flex wp-container-core-columns-is-layout-9d6595d7 wp-block-columns-is-layout-flex\">\n<div class=\"wp-block-column is-layout-flow wp-block-column-is-layout-flow\">\n<h2 class=\"wp-block-heading\">Caract\u00e9ristiques des gommes de vinaigre de cidre de pomme en vrac<\/h2>\n\n\n\n<ul class=\"wp-block-list\">\n<li><strong>D\u00e9toxifie et favorise la perte de poids : <\/strong>Nos gommes au vinaigre de cidre de pomme favorisent la combustion des graisses suppl\u00e9mentaires en am\u00e9liorant le m\u00e9tabolisme et la digestion, soutenant ainsi les processus naturels de d\u00e9sintoxication du corps pour aider \u00e0 une perte de poids saine.<\/li>\n\n\n\n<li><strong>Suppl\u00e9ment vitaminique et alimentation quotidienne : <\/strong>Riches en vitamines et en ingr\u00e9dients naturels, ces gommes au vinaigre de cidre de pomme de marque priv\u00e9e fournissent un compl\u00e9ment nutritionnel \u00e0 l'ensemble du corps et permettent aux utilisateurs d'obtenir facilement une \u00e9nergie saine tous les jours.<\/li>\n\n\n\n<li><strong>D\u00e9licieuse formule \u00e0 m\u00e2cher pour une prise quotidienne : <\/strong>Contrairement au vinaigre liquide traditionnel, ces gommes de vinaigre de cidre de pomme en vrac ont bon go\u00fbt, sont faciles \u00e0 transporter et pratiques \u00e0 prendre, la gestion de la sant\u00e9 est plus agr\u00e9able.<\/li>\n\n\n\n<li><strong>Service de personnalisation OEM pour cr\u00e9er une marque unique : <\/strong>Nous fournissons des services professionnels de production de gommes au vinaigre de cidre de pomme sous marque de distributeur et nous concevons des formules et des emballages selon les besoins des clients afin de les aider \u00e0 p\u00e9n\u00e9trer le march\u00e9 des compl\u00e9ments de sant\u00e9, qui conna\u00eet une croissance rapide.<\/li>\n<\/ul>\n<\/div>\n\n\n\n<div class=\"wp-block-column is-layout-flow wp-block-column-is-layout-flow\">\n<figure class=\"wp-block-image size-full\"><img decoding=\"async\" width=\"1500\" height=\"1500\" src=\"https:\/\/www.comehealthgroup.com\/wp-content\/uploads\/2024\/12\/Apple-Cider-Vinegar-Gummies-Bulk-Private-Label-Gummy-Supplements-3.webp\" alt=\"Gommes de vinaigre de cidre de pomme en vrac, Suppl\u00e9ments de gommes de marque priv\u00e9e-3\" class=\"wp-image-211\" srcset=\"https:\/\/www.comehealthgroup.com\/wp-content\/uploads\/2024\/12\/Apple-Cider-Vinegar-Gummies-Bulk-Private-Label-Gummy-Supplements-3.webp 1500w, https:\/\/www.comehealthgroup.com\/wp-content\/uploads\/2024\/12\/Apple-Cider-Vinegar-Gummies-Bulk-Private-Label-Gummy-Supplements-3-300x300.webp 300w, https:\/\/www.comehealthgroup.com\/wp-content\/uploads\/2024\/12\/Apple-Cider-Vinegar-Gummies-Bulk-Private-Label-Gummy-Supplements-3-100x100.webp 100w, https:\/\/www.comehealthgroup.com\/wp-content\/uploads\/2024\/12\/Apple-Cider-Vinegar-Gummies-Bulk-Private-Label-Gummy-Supplements-3-600x600.webp 600w, https:\/\/www.comehealthgroup.com\/wp-content\/uploads\/2024\/12\/Apple-Cider-Vinegar-Gummies-Bulk-Private-Label-Gummy-Supplements-3-150x150.webp 150w, https:\/\/www.comehealthgroup.com\/wp-content\/uploads\/2024\/12\/Apple-Cider-Vinegar-Gummies-Bulk-Private-Label-Gummy-Supplements-3-768x768.webp 768w, https:\/\/www.comehealthgroup.com\/wp-content\/uploads\/2024\/12\/Apple-Cider-Vinegar-Gummies-Bulk-Private-Label-Gummy-Supplements-3-12x12.webp 12w\" sizes=\"(max-width: 1500px) 100vw, 1500px\" \/><\/figure>\n<\/div>\n<\/div>\n\n\n\n<p><\/p>","protected":false},"excerpt":{"rendered":"<p>Ces gommes de vinaigre de cidre de pomme en vrac de marque priv\u00e9e offrent aux utilisateurs une solution pratique pour la gestion de la sant\u00e9 en favorisant la perte de poids, la d\u00e9sintoxication et la suppl\u00e9mentation en vitamines. Les gommes ont un go\u00fbt d\u00e9licieux et peuvent \u00eatre personnalis\u00e9es par les OEM, ce qui en fait un choix id\u00e9al pour la coop\u00e9ration entre les marques.<\/p>\n<table style=\"border-collapse: collapse; width: 328.02pt;\" border=\"0\" width=\"328\" cellspacing=\"0\" cellpadding=\"0\">\n<tbody>\n<tr style=\"height: 15.20pt;\">\n<td class=\"et2\" style=\"height: 15.20pt; width: 101.70pt;\" width=\"101\" height=\"15\">Nom de la marque<\/td>\n<td class=\"et2\" style=\"width: 226.65pt;\" width=\"226\">Come Health\/ White Label<\/td>\n<\/tr>\n<tr style=\"height: 31.00pt;\">\n<td class=\"et2\" style=\"height: 31.00pt;\" height=\"31\">Avantages du produit<\/td>\n<td class=\"et3\" style=\"width: 226.65pt;\" width=\"226\">*Perte de poids et d\u00e9sintoxication<br \/>*Fournit des vitamines<\/td>\n<\/tr>\n<tr style=\"height: 15.20pt;\">\n<td class=\"et2\" style=\"height: 15.20pt;\" height=\"15\">Forme posologique<\/td>\n<td class=\"et2\">Gomme<\/td>\n<\/tr>\n<tr style=\"height: 15.20pt;\">\n<td class=\"et2\" style=\"height: 15.20pt;\" height=\"15\">Couleur<\/td>\n<td class=\"et2\">Rouge<\/td>\n<\/tr>\n<tr style=\"height: 15.20pt;\">\n<td class=\"et2\" style=\"height: 15.20pt;\" height=\"15\">Saveur<\/td>\n<td class=\"et2\">Ar\u00f4me de pomme<\/td>\n<\/tr>\n<tr style=\"height: 15.20pt;\">\n<td class=\"et2\" style=\"height: 15.20pt;\" height=\"15\">Forme<\/td>\n<td class=\"et2\">Louveteau<\/td>\n<\/tr>\n<tr style=\"height: 15.20pt;\">\n<td class=\"et2\" style=\"height: 15.20pt;\" height=\"15\">Sp\u00e9cification du produit<\/td>\n<td class=\"et2\">60 unit\u00e9s\/bouteille<\/td>\n<\/tr>\n<tr style=\"height: 15.20pt;\">\n<td class=\"et2\" style=\"height: 15.20pt;\" height=\"15\">Dur\u00e9e de vie en rayon<\/td>\n<td class=\"et2\">24 mois<\/td>\n<\/tr>\n<tr style=\"height: 15.20pt;\">\n<td class=\"et2\" style=\"height: 15.20pt;\" height=\"15\">Dimensions (cm)<\/td>\n<td class=\"et2\">7X7X12<\/td>\n<\/tr>\n<tr style=\"height: 15.20pt;\">\n<td class=\"et2\" style=\"height: 15.20pt;\" height=\"15\">Poids net (kg)<\/td>\n<td class=\"et2\">0,22 kg<\/td>\n<\/tr>\n<tr style=\"height: 15.20pt;\">\n<td class=\"et2\" style=\"height: 15.20pt;\" height=\"15\">Personnalisation<\/td>\n<td class=\"et2\">Graphique, Logo, Paquet<\/td>\n<\/tr>\n<tr style=\"height: 15.20pt;\">\n<td class=\"et2\" style=\"height: 15.20pt;\" height=\"15\">Inventaire<\/td>\n<td class=\"et2\">En stock<\/td>\n<\/tr>\n<\/tbody>\n<\/table>","protected":false},"featured_media":209,"comment_status":"closed","ping_status":"closed","template":"","meta":{"_acf_changed":false},"product_brand":[],"product_cat":[40,29,41],"product_tag":[],"class_list":{"0":"post-208","1":"product","2":"type-product","3":"status-publish","4":"has-post-thumbnail","6":"product_cat-private-label-gummy-supplements","7":"product_cat-sports-supplements-wholesale","8":"product_cat-bulk-vitamins-and-minerals-supplements","10":"first","11":"instock","12":"shipping-taxable","13":"product-type-simple"},"acf":[],"_links":{"self":[{"href":"https:\/\/www.comehealthgroup.com\/fr\/wp-json\/wp\/v2\/product\/208","targetHints":{"allow":["GET"]}}],"collection":[{"href":"https:\/\/www.comehealthgroup.com\/fr\/wp-json\/wp\/v2\/product"}],"about":[{"href":"https:\/\/www.comehealthgroup.com\/fr\/wp-json\/wp\/v2\/types\/product"}],"replies":[{"embeddable":true,"href":"https:\/\/www.comehealthgroup.com\/fr\/wp-json\/wp\/v2\/comments?post=208"}],"wp:featuredmedia":[{"embeddable":true,"href":"https:\/\/www.comehealthgroup.com\/fr\/wp-json\/wp\/v2\/media\/209"}],"wp:attachment":[{"href":"https:\/\/www.comehealthgroup.com\/fr\/wp-json\/wp\/v2\/media?parent=208"}],"wp:term":[{"taxonomy":"product_brand","embeddable":true,"href":"https:\/\/www.comehealthgroup.com\/fr\/wp-json\/wp\/v2\/product_brand?post=208"},{"taxonomy":"product_cat","embeddable":true,"href":"https:\/\/www.comehealthgroup.com\/fr\/wp-json\/wp\/v2\/product_cat?post=208"},{"taxonomy":"product_tag","embeddable":true,"href":"https:\/\/www.comehealthgroup.com\/fr\/wp-json\/wp\/v2\/product_tag?post=208"}],"curies":[{"name":"wp","href":"https:\/\/api.w.org\/{rel}","templated":true}]}}