{"id":224,"date":"2024-12-06T07:49:18","date_gmt":"2024-12-06T07:49:18","guid":{"rendered":"https:\/\/www.comehealthgroup.com\/?post_type=product&#038;p=224"},"modified":"2024-12-06T07:57:52","modified_gmt":"2024-12-06T07:57:52","slug":"wholesale-keto-supplements","status":"publish","type":"product","link":"https:\/\/www.comehealthgroup.com\/fr\/product\/wholesale-keto-supplements\/","title":{"rendered":"Wholesale Keto Supplements, White Label Gummy Supplements (suppl\u00e9ments g\u00e9latineux en marque blanche)"},"content":{"rendered":"<div class=\"wp-block-columns is-layout-flex wp-container-core-columns-is-layout-9d6595d7 wp-block-columns-is-layout-flex\">\n<div class=\"wp-block-column is-layout-flow wp-block-column-is-layout-flow\">\n<h2 class=\"wp-block-heading\">Features of Wholesale Keto Supplements<\/h2>\n\n\n\n<ul class=\"wp-block-list\">\n<li><strong>Balance blood sugar levels and maintain stable energy: <\/strong>Our wholesale keto supplements are designed for blood sugar management, helping to maintain healthy blood sugar levels and help users stay energized throughout the day.<\/li>\n\n\n\n<li><strong>Promote intestinal health and improve digestive function:<\/strong> This private label keto gummy supplement&#8217;s natural ingredients support healthy digestion, optimize the intestinal microecological environment, improve nutrient absorption efficiency, and help overall health.<\/li>\n\n\n\n<li><strong>Joint support and comfort improvement: <\/strong>Our wholesale keto supplements are specially formulated to focus on joint health, relieve discomfort, and help users maintain joint flexibility and comfort during daily activities and exercise.<\/li>\n\n\n\n<li><strong>Aide \u00e0 la gestion du poids et \u00e0 l'obtention d'une silhouette id\u00e9ale : <\/strong>This private label keto gummy supplement formula helps fat burning and metabolism, and is an effective tool for losing weight or maintaining an ideal weight, suitable for Keto diet plan needs.<\/li>\n<\/ul>\n<\/div>\n\n\n\n<div class=\"wp-block-column is-layout-flow wp-block-column-is-layout-flow\">\n<figure class=\"wp-block-image size-full\"><img decoding=\"async\" width=\"1500\" height=\"1500\" src=\"https:\/\/www.comehealthgroup.com\/wp-content\/uploads\/2024\/12\/Wholesale-Keto-Supplements-White-Label-Gummy-Supplements-2.webp\" alt=\"Wholesale Keto Supplements, White Label Gummy Supplements-2\" class=\"wp-image-226\" srcset=\"https:\/\/www.comehealthgroup.com\/wp-content\/uploads\/2024\/12\/Wholesale-Keto-Supplements-White-Label-Gummy-Supplements-2.webp 1500w, https:\/\/www.comehealthgroup.com\/wp-content\/uploads\/2024\/12\/Wholesale-Keto-Supplements-White-Label-Gummy-Supplements-2-300x300.webp 300w, https:\/\/www.comehealthgroup.com\/wp-content\/uploads\/2024\/12\/Wholesale-Keto-Supplements-White-Label-Gummy-Supplements-2-100x100.webp 100w, https:\/\/www.comehealthgroup.com\/wp-content\/uploads\/2024\/12\/Wholesale-Keto-Supplements-White-Label-Gummy-Supplements-2-600x600.webp 600w, https:\/\/www.comehealthgroup.com\/wp-content\/uploads\/2024\/12\/Wholesale-Keto-Supplements-White-Label-Gummy-Supplements-2-150x150.webp 150w, https:\/\/www.comehealthgroup.com\/wp-content\/uploads\/2024\/12\/Wholesale-Keto-Supplements-White-Label-Gummy-Supplements-2-768x768.webp 768w, https:\/\/www.comehealthgroup.com\/wp-content\/uploads\/2024\/12\/Wholesale-Keto-Supplements-White-Label-Gummy-Supplements-2-12x12.webp 12w\" sizes=\"(max-width: 1500px) 100vw, 1500px\" \/><\/figure>\n<\/div>\n<\/div>\n\n\n\n<p><\/p>","protected":false},"excerpt":{"rendered":"<p>Our wholesale keto supplements gummy provide users with comprehensive health support by supporting blood sugar management, promoting digestion, enhancing joint health and helping weight management. Supporting white label customization is an excellent choice for creating a personalized health supplement brand.<\/p>\n<table style=\"border-collapse: collapse; width: 328.02pt;\" border=\"0\" width=\"328\" cellspacing=\"0\" cellpadding=\"0\">\n<tbody>\n<tr style=\"height: 15.20pt;\">\n<td class=\"et2\" style=\"height: 15.20pt; width: 101.70pt;\" width=\"101\" height=\"15\">Nom de la marque<\/td>\n<td class=\"et2\" style=\"width: 226.65pt;\" width=\"226\">Come Health\/ White Label<\/td>\n<\/tr>\n<tr style=\"height: 46.00pt;\">\n<td class=\"et2\" style=\"height: 46.00pt;\" height=\"46\">Avantages du produit<\/td>\n<td class=\"et3\" style=\"width: 226.65pt;\" width=\"226\">*Soutien du taux de sucre dans le sang<br \/>*Favorise une digestion saine<br \/>*Favorise la sant\u00e9 des articulations et la perte de poids<\/td>\n<\/tr>\n<tr style=\"height: 15.20pt;\">\n<td class=\"et2\" style=\"height: 15.20pt;\" height=\"15\">Forme posologique<\/td>\n<td class=\"et2\">Gomme<\/td>\n<\/tr>\n<tr style=\"height: 15.20pt;\">\n<td class=\"et2\" style=\"height: 15.20pt;\" height=\"15\">Couleur<\/td>\n<td class=\"et2\">Rouge<\/td>\n<\/tr>\n<tr style=\"height: 16.00pt;\">\n<td class=\"et2\" style=\"height: 16.00pt;\" height=\"16\">Saveur<\/td>\n<td class=\"et3\" style=\"width: 226.65pt;\" width=\"226\">Ar\u00f4me de pomme<\/td>\n<\/tr>\n<tr style=\"height: 15.20pt;\">\n<td class=\"et2\" style=\"height: 15.20pt;\" height=\"15\">Forme<\/td>\n<td class=\"et2\">Louveteau<\/td>\n<\/tr>\n<tr style=\"height: 15.20pt;\">\n<td class=\"et2\" style=\"height: 15.20pt;\" height=\"15\">Sp\u00e9cification du produit<\/td>\n<td class=\"et2\">60 unit\u00e9s\/bouteille<\/td>\n<\/tr>\n<tr style=\"height: 15.20pt;\">\n<td class=\"et2\" style=\"height: 15.20pt;\" height=\"15\">Dur\u00e9e de vie en rayon<\/td>\n<td class=\"et2\">24 mois<\/td>\n<\/tr>\n<tr style=\"height: 15.20pt;\">\n<td class=\"et2\" style=\"height: 15.20pt;\" height=\"15\">Dimensions (cm)<\/td>\n<td class=\"et2\">7X7X12<\/td>\n<\/tr>\n<tr style=\"height: 15.20pt;\">\n<td class=\"et2\" style=\"height: 15.20pt;\" height=\"15\">Poids net (kg)<\/td>\n<td class=\"et2\">0,22 kg<\/td>\n<\/tr>\n<tr style=\"height: 15.20pt;\">\n<td class=\"et2\" style=\"height: 15.20pt;\" height=\"15\">Personnalisation<\/td>\n<td class=\"et2\">Graphique, Logo, Paquet<\/td>\n<\/tr>\n<tr style=\"height: 15.20pt;\">\n<td class=\"et2\" style=\"height: 15.20pt;\" height=\"15\">Inventaire<\/td>\n<td class=\"et2\">En stock<\/td>\n<\/tr>\n<\/tbody>\n<\/table>","protected":false},"featured_media":228,"comment_status":"closed","ping_status":"closed","template":"","meta":{"_acf_changed":false},"product_brand":[],"product_cat":[40,34,29],"product_tag":[],"class_list":{"0":"post-224","1":"product","2":"type-product","3":"status-publish","4":"has-post-thumbnail","6":"product_cat-private-label-gummy-supplements","7":"product_cat-private-label-health-supplements","8":"product_cat-sports-supplements-wholesale","10":"first","11":"instock","12":"shipping-taxable","13":"product-type-simple"},"acf":[],"_links":{"self":[{"href":"https:\/\/www.comehealthgroup.com\/fr\/wp-json\/wp\/v2\/product\/224","targetHints":{"allow":["GET"]}}],"collection":[{"href":"https:\/\/www.comehealthgroup.com\/fr\/wp-json\/wp\/v2\/product"}],"about":[{"href":"https:\/\/www.comehealthgroup.com\/fr\/wp-json\/wp\/v2\/types\/product"}],"replies":[{"embeddable":true,"href":"https:\/\/www.comehealthgroup.com\/fr\/wp-json\/wp\/v2\/comments?post=224"}],"wp:featuredmedia":[{"embeddable":true,"href":"https:\/\/www.comehealthgroup.com\/fr\/wp-json\/wp\/v2\/media\/228"}],"wp:attachment":[{"href":"https:\/\/www.comehealthgroup.com\/fr\/wp-json\/wp\/v2\/media?parent=224"}],"wp:term":[{"taxonomy":"product_brand","embeddable":true,"href":"https:\/\/www.comehealthgroup.com\/fr\/wp-json\/wp\/v2\/product_brand?post=224"},{"taxonomy":"product_cat","embeddable":true,"href":"https:\/\/www.comehealthgroup.com\/fr\/wp-json\/wp\/v2\/product_cat?post=224"},{"taxonomy":"product_tag","embeddable":true,"href":"https:\/\/www.comehealthgroup.com\/fr\/wp-json\/wp\/v2\/product_tag?post=224"}],"curies":[{"name":"wp","href":"https:\/\/api.w.org\/{rel}","templated":true}]}}