{"id":229,"date":"2024-12-06T07:59:30","date_gmt":"2024-12-06T07:59:30","guid":{"rendered":"https:\/\/www.comehealthgroup.com\/?post_type=product&#038;p=229"},"modified":"2024-12-06T08:10:10","modified_gmt":"2024-12-06T08:10:10","slug":"keto-gummy-supplements-bulk","status":"publish","type":"product","link":"https:\/\/www.comehealthgroup.com\/fr\/product\/keto-gummy-supplements-bulk\/","title":{"rendered":"KETO Gummy Supplements Bulk, White Label KETO BHB Gummy Supplements"},"content":{"rendered":"<div class=\"wp-block-columns is-layout-flex wp-container-core-columns-is-layout-9d6595d7 wp-block-columns-is-layout-flex\">\n<div class=\"wp-block-column is-layout-flow wp-block-column-is-layout-flow\">\n<h2 class=\"wp-block-heading\">Caract\u00e9ristiques de KETO Gummy Supplements Bulk<\/h2>\n\n\n\n<ul class=\"wp-block-list\">\n<li><strong>Favoriser la gestion de la glyc\u00e9mie et \u00e9quilibrer l'apport \u00e9nerg\u00e9tique : <\/strong>Nos suppl\u00e9ments gommeux keto en vrac aident les utilisateurs \u00e0 stabiliser le m\u00e9tabolisme \u00e9nerg\u00e9tique en r\u00e9gulant les niveaux de sucre dans le sang, en fournissant une puissance durable pour les activit\u00e9s quotidiennes, adapt\u00e9e aux besoins des plans de r\u00e9gime Keto.<\/li>\n\n\n\n<li><strong>Optimiser le syst\u00e8me digestif et am\u00e9liorer l'absorption des nutriments : <\/strong>Cette formule de suppl\u00e9ments gommeux KETO BHB en marque blanche se concentre sur la sant\u00e9 digestive, soutient l'\u00e9quilibre micro\u00e9cologique intestinal, favorise l'absorption des nutriments et permet aux utilisateurs d'avoir un mode de vie plus l\u00e9ger et plus sain.<\/li>\n\n\n\n<li><strong>Soutien \u00e0 la sant\u00e9 des articulations et am\u00e9lioration de la flexibilit\u00e9 :<\/strong> Ces suppl\u00e9ments gommeux keto en vrac sont con\u00e7us pour prot\u00e9ger les articulations, soulager efficacement l'inconfort et l'inflammation, et aider les utilisateurs \u00e0 maintenir la flexibilit\u00e9 et le confort des articulations pendant la perte de poids ou l'exercice de haute intensit\u00e9.<\/li>\n\n\n\n<li><strong>Aide \u00e0 la gestion du poids et \u00e0 l'obtention d'une silhouette id\u00e9ale : <\/strong>Ce suppl\u00e9ment gommeux KETO BHB en marque blanche contient des ingr\u00e9dients BHB (b\u00eata-hydroxybutyrate), qui favorisent le m\u00e9tabolisme des graisses et la gestion du poids. Il convient aux plans de perte de poids et aide les utilisateurs \u00e0 maintenir une forme corporelle id\u00e9ale.<\/li>\n<\/ul>\n<\/div>\n\n\n\n<div class=\"wp-block-column is-layout-flow wp-block-column-is-layout-flow\">\n<figure class=\"wp-block-image size-full\"><img decoding=\"async\" width=\"1920\" height=\"1920\" src=\"https:\/\/www.comehealthgroup.com\/wp-content\/uploads\/2024\/12\/KETO-Gummy-Supplements-Bulk-White-Label-Gummy-Supplements-4.webp\" alt=\"KETO Gummy Supplements Bulk, White Label Gummy Supplements-4\" class=\"wp-image-233\" srcset=\"https:\/\/www.comehealthgroup.com\/wp-content\/uploads\/2024\/12\/KETO-Gummy-Supplements-Bulk-White-Label-Gummy-Supplements-4.webp 1920w, https:\/\/www.comehealthgroup.com\/wp-content\/uploads\/2024\/12\/KETO-Gummy-Supplements-Bulk-White-Label-Gummy-Supplements-4-300x300.webp 300w, https:\/\/www.comehealthgroup.com\/wp-content\/uploads\/2024\/12\/KETO-Gummy-Supplements-Bulk-White-Label-Gummy-Supplements-4-100x100.webp 100w, https:\/\/www.comehealthgroup.com\/wp-content\/uploads\/2024\/12\/KETO-Gummy-Supplements-Bulk-White-Label-Gummy-Supplements-4-600x600.webp 600w, https:\/\/www.comehealthgroup.com\/wp-content\/uploads\/2024\/12\/KETO-Gummy-Supplements-Bulk-White-Label-Gummy-Supplements-4-150x150.webp 150w, https:\/\/www.comehealthgroup.com\/wp-content\/uploads\/2024\/12\/KETO-Gummy-Supplements-Bulk-White-Label-Gummy-Supplements-4-768x768.webp 768w, https:\/\/www.comehealthgroup.com\/wp-content\/uploads\/2024\/12\/KETO-Gummy-Supplements-Bulk-White-Label-Gummy-Supplements-4-12x12.webp 12w\" sizes=\"(max-width: 1920px) 100vw, 1920px\" \/><\/figure>\n<\/div>\n<\/div>\n\n\n\n<p><\/p>","protected":false},"excerpt":{"rendered":"<p>Notre marque blanche keto gummy suppl\u00e9ments en vrac combine l'\u00e9quilibre de la glyc\u00e9mie, la sant\u00e9 digestive, la protection des articulations et les fonctions de gestion du poids, ce qui en fait un partenaire id\u00e9al pour les r\u00e9gimes Keto. Soutenir la personnalisation en marque blanche pour aider les marques \u00e0 cr\u00e9er des lignes de produits de compl\u00e9ments de sant\u00e9 innovants.<\/p>\n<table style=\"border-collapse: collapse; width: 328.02pt;\" border=\"0\" width=\"328\" cellspacing=\"0\" cellpadding=\"0\">\n<tbody>\n<tr style=\"height: 15.20pt;\">\n<td class=\"et2\" style=\"height: 15.20pt; width: 101.70pt;\" width=\"101\" height=\"15\">Nom de la marque<\/td>\n<td class=\"et2\" style=\"width: 226.65pt;\" width=\"226\">Come Health\/ White Label<\/td>\n<\/tr>\n<tr style=\"height: 46.00pt;\">\n<td class=\"et2\" style=\"height: 46.00pt;\" height=\"46\">Avantages du produit<\/td>\n<td class=\"et3\" style=\"width: 226.65pt;\" width=\"226\">*Soutien du taux de sucre dans le sang<br \/>*Favorise une digestion saine<br \/>*Favorise la sant\u00e9 des articulations et la perte de poids<\/td>\n<\/tr>\n<tr style=\"height: 15.20pt;\">\n<td class=\"et2\" style=\"height: 15.20pt;\" height=\"15\">Forme posologique<\/td>\n<td class=\"et2\">Gomme<\/td>\n<\/tr>\n<tr style=\"height: 15.20pt;\">\n<td class=\"et2\" style=\"height: 15.20pt;\" height=\"15\">Couleur<\/td>\n<td class=\"et2\">Rose, jaune, vert, violet<\/td>\n<\/tr>\n<tr style=\"height: 31.00pt;\">\n<td class=\"et2\" style=\"height: 31.00pt;\" height=\"31\">Saveur<\/td>\n<td class=\"et3\" style=\"width: 226.65pt;\" width=\"226\">Saveur mixte (fraise, ananas, raisin, pomme verte)<\/td>\n<\/tr>\n<tr style=\"height: 15.20pt;\">\n<td class=\"et2\" style=\"height: 15.20pt;\" height=\"15\">Forme<\/td>\n<td class=\"et2\">Louveteau<\/td>\n<\/tr>\n<tr style=\"height: 15.20pt;\">\n<td class=\"et2\" style=\"height: 15.20pt;\" height=\"15\">Sp\u00e9cification du produit<\/td>\n<td class=\"et2\">60 unit\u00e9s\/bouteille<\/td>\n<\/tr>\n<tr style=\"height: 15.20pt;\">\n<td class=\"et2\" style=\"height: 15.20pt;\" height=\"15\">Dur\u00e9e de vie en rayon<\/td>\n<td class=\"et2\">24 mois<\/td>\n<\/tr>\n<tr style=\"height: 15.20pt;\">\n<td class=\"et2\" style=\"height: 15.20pt;\" height=\"15\">Dimensions (cm)<\/td>\n<td class=\"et2\">7X7X12<\/td>\n<\/tr>\n<tr style=\"height: 15.20pt;\">\n<td class=\"et2\" style=\"height: 15.20pt;\" height=\"15\">Poids net (kg)<\/td>\n<td class=\"et2\">0,22 kg<\/td>\n<\/tr>\n<tr style=\"height: 15.20pt;\">\n<td class=\"et2\" style=\"height: 15.20pt;\" height=\"15\">Personnalisation<\/td>\n<td class=\"et2\">Graphique, Logo, Paquet<\/td>\n<\/tr>\n<tr style=\"height: 15.20pt;\">\n<td class=\"et2\" style=\"height: 15.20pt;\" height=\"15\">Inventaire<\/td>\n<td class=\"et2\">En stock<\/td>\n<\/tr>\n<\/tbody>\n<\/table>","protected":false},"featured_media":230,"comment_status":"closed","ping_status":"closed","template":"","meta":{"_acf_changed":false},"product_brand":[],"product_cat":[40,34,29],"product_tag":[],"class_list":{"0":"post-229","1":"product","2":"type-product","3":"status-publish","4":"has-post-thumbnail","6":"product_cat-private-label-gummy-supplements","7":"product_cat-private-label-health-supplements","8":"product_cat-sports-supplements-wholesale","10":"first","11":"instock","12":"shipping-taxable","13":"product-type-simple"},"acf":[],"_links":{"self":[{"href":"https:\/\/www.comehealthgroup.com\/fr\/wp-json\/wp\/v2\/product\/229","targetHints":{"allow":["GET"]}}],"collection":[{"href":"https:\/\/www.comehealthgroup.com\/fr\/wp-json\/wp\/v2\/product"}],"about":[{"href":"https:\/\/www.comehealthgroup.com\/fr\/wp-json\/wp\/v2\/types\/product"}],"replies":[{"embeddable":true,"href":"https:\/\/www.comehealthgroup.com\/fr\/wp-json\/wp\/v2\/comments?post=229"}],"wp:featuredmedia":[{"embeddable":true,"href":"https:\/\/www.comehealthgroup.com\/fr\/wp-json\/wp\/v2\/media\/230"}],"wp:attachment":[{"href":"https:\/\/www.comehealthgroup.com\/fr\/wp-json\/wp\/v2\/media?parent=229"}],"wp:term":[{"taxonomy":"product_brand","embeddable":true,"href":"https:\/\/www.comehealthgroup.com\/fr\/wp-json\/wp\/v2\/product_brand?post=229"},{"taxonomy":"product_cat","embeddable":true,"href":"https:\/\/www.comehealthgroup.com\/fr\/wp-json\/wp\/v2\/product_cat?post=229"},{"taxonomy":"product_tag","embeddable":true,"href":"https:\/\/www.comehealthgroup.com\/fr\/wp-json\/wp\/v2\/product_tag?post=229"}],"curies":[{"name":"wp","href":"https:\/\/api.w.org\/{rel}","templated":true}]}}