{"id":234,"date":"2024-12-06T08:11:10","date_gmt":"2024-12-06T08:11:10","guid":{"rendered":"https:\/\/www.comehealthgroup.com\/?post_type=product&#038;p=234"},"modified":"2024-12-06T08:20:43","modified_gmt":"2024-12-06T08:20:43","slug":"private-label-sports-supplements","status":"publish","type":"product","link":"https:\/\/www.comehealthgroup.com\/fr\/product\/private-label-sports-supplements\/","title":{"rendered":"Private Label Sports Supplements, Bulk Supplements Biotin Capsule"},"content":{"rendered":"<div class=\"wp-block-columns is-layout-flex wp-container-core-columns-is-layout-9d6595d7 wp-block-columns-is-layout-flex\">\n<div class=\"wp-block-column is-layout-flow wp-block-column-is-layout-flow\">\n<h2 class=\"wp-block-heading\">Caract\u00e9ristiques des compl\u00e9ments sportifs sous marque de distributeur<\/h2>\n\n\n\n<ul class=\"wp-block-list\">\n<li><strong>Favorise la croissance musculaire et am\u00e9liore les performances physiques : <\/strong>Ces suppl\u00e9ments sportifs de marque priv\u00e9e aident les utilisateurs \u00e0 augmenter rapidement la masse musculaire et \u00e0 am\u00e9liorer les performances athl\u00e9tiques globales en favorisant la synth\u00e8se musculaire.<\/li>\n\n\n\n<li><strong>Acc\u00e9l\u00e8re la combustion des graisses et favorise une perte de graisse saine : <\/strong>Cette capsule de biotine de bulk supplements est con\u00e7ue pour favoriser le m\u00e9tabolisme des graisses, aidant les utilisateurs \u00e0 atteindre leurs objectifs de perte de graisse tout en maintenant des niveaux d'\u00e9nergie \u00e9lev\u00e9s pendant la remise en forme.<\/li>\n\n\n\n<li><strong>Am\u00e9liorer la r\u00e9cup\u00e9ration et r\u00e9duire la fatigue :<\/strong> Nos suppl\u00e9ments sportifs sous marque de distributeur aident les muscles \u00e0 r\u00e9cup\u00e9rer rapidement et r\u00e9duisent la fatigue caus\u00e9e par les exercices de haute intensit\u00e9, permettant aux utilisateurs d'effectuer des exercices quotidiens de mani\u00e8re plus efficace.<\/li>\n\n\n\n<li><strong>Soutenir la concentration et l'\u00e9nergie pour am\u00e9liorer le potentiel d'entra\u00eenement :<\/strong> En am\u00e9liorant l'\u00e9nergie physique et la clart\u00e9 mentale, nos suppl\u00e9ments en vrac biotine en g\u00e9lule permettent aux utilisateurs de rester dans la meilleure condition possible dans le sport et la vie quotidienne et de maximiser leur potentiel d'entra\u00eenement.<\/li>\n<\/ul>\n<\/div>\n\n\n\n<div class=\"wp-block-column is-layout-flow wp-block-column-is-layout-flow\">\n<figure class=\"wp-block-image size-full\"><img decoding=\"async\" width=\"800\" height=\"800\" src=\"https:\/\/www.comehealthgroup.com\/wp-content\/uploads\/2024\/12\/Private-Label-Sports-Supplements-Bulk-Supplements-Biotin-Capsule-3.webp\" alt=\"Private Label Sports Supplements, Bulk Supplements Biotin Capsule-3\" class=\"wp-image-237\" srcset=\"https:\/\/www.comehealthgroup.com\/wp-content\/uploads\/2024\/12\/Private-Label-Sports-Supplements-Bulk-Supplements-Biotin-Capsule-3.webp 800w, https:\/\/www.comehealthgroup.com\/wp-content\/uploads\/2024\/12\/Private-Label-Sports-Supplements-Bulk-Supplements-Biotin-Capsule-3-300x300.webp 300w, https:\/\/www.comehealthgroup.com\/wp-content\/uploads\/2024\/12\/Private-Label-Sports-Supplements-Bulk-Supplements-Biotin-Capsule-3-100x100.webp 100w, https:\/\/www.comehealthgroup.com\/wp-content\/uploads\/2024\/12\/Private-Label-Sports-Supplements-Bulk-Supplements-Biotin-Capsule-3-600x600.webp 600w, https:\/\/www.comehealthgroup.com\/wp-content\/uploads\/2024\/12\/Private-Label-Sports-Supplements-Bulk-Supplements-Biotin-Capsule-3-150x150.webp 150w, https:\/\/www.comehealthgroup.com\/wp-content\/uploads\/2024\/12\/Private-Label-Sports-Supplements-Bulk-Supplements-Biotin-Capsule-3-768x768.webp 768w, https:\/\/www.comehealthgroup.com\/wp-content\/uploads\/2024\/12\/Private-Label-Sports-Supplements-Bulk-Supplements-Biotin-Capsule-3-12x12.webp 12w\" sizes=\"(max-width: 800px) 100vw, 800px\" \/><\/figure>\n<\/div>\n<\/div>\n\n\n\n<p><\/p>","protected":false},"excerpt":{"rendered":"<p>Cette capsule de biotine de marque priv\u00e9e pour suppl\u00e9ments sportifs se concentre sur le soutien de la croissance musculaire, la promotion de la combustion des graisses, l'acc\u00e9l\u00e9ration de la r\u00e9cup\u00e9ration de l'exercice et l'am\u00e9lioration de la concentration mentale. Il s'agit d'un compl\u00e9ment id\u00e9al pour optimiser les performances d'entra\u00eenement. Soutenant les marques de distributeurs, il s'agit d'un choix de haute qualit\u00e9 pour la cr\u00e9ation d'une marque de nutrition sportive.<\/p>\n<table style=\"border-collapse: collapse; width: 328.02pt;\" border=\"0\" width=\"328\" cellspacing=\"0\" cellpadding=\"0\">\n<tbody>\n<tr style=\"height: 15.20pt;\">\n<td class=\"et2\" style=\"height: 15.20pt; width: 101.70pt;\" width=\"101\" height=\"15\">Nom de la marque<\/td>\n<td class=\"et2\" style=\"width: 226.65pt;\" width=\"226\">Come Health\/ White Label<\/td>\n<\/tr>\n<tr style=\"height: 107.00pt;\">\n<td class=\"et2\" style=\"height: 107.00pt;\" height=\"107\">Avantages du produit<\/td>\n<td class=\"et3\" style=\"width: 226.65pt;\" width=\"226\">*Augmentation de la masse musculaire<br \/>*Acc\u00e9l\u00e8re la perte de graisse<br \/>*Am\u00e9liore la r\u00e9cup\u00e9ration et r\u00e9duit la fatigue<br \/>*Pr\u00e9vient la d\u00e9gradation des muscles<br \/>*Favorise la clart\u00e9 mentale et la concentration<br \/>*Augmente les niveaux d'\u00e9nergie et maximise le potentiel d'entra\u00eenement<\/td>\n<\/tr>\n<tr style=\"height: 15.20pt;\">\n<td class=\"et2\" style=\"height: 15.20pt;\" height=\"15\">Forme posologique<\/td>\n<td class=\"et2\">Capsule<\/td>\n<\/tr>\n<tr style=\"height: 15.20pt;\">\n<td class=\"et2\" style=\"height: 15.20pt;\" height=\"15\">Apparence<\/td>\n<td class=\"et2\">Coquille de g\u00e9latine blanche laiteuse<\/td>\n<\/tr>\n<tr style=\"height: 15.20pt;\">\n<td class=\"et2\" style=\"height: 15.20pt;\" height=\"15\">Sp\u00e9cification du produit<\/td>\n<td class=\"et2\">60 g\u00e9lules\/bouteille<\/td>\n<\/tr>\n<tr style=\"height: 15.20pt;\">\n<td class=\"et2\" style=\"height: 15.20pt;\" height=\"15\">Dur\u00e9e de vie en rayon<\/td>\n<td class=\"et2\">24 mois<\/td>\n<\/tr>\n<tr style=\"height: 15.20pt;\">\n<td class=\"et2\" style=\"height: 15.20pt;\" height=\"15\">Dimensions (cm)<\/td>\n<td class=\"et2\">7X7X12<\/td>\n<\/tr>\n<tr style=\"height: 15.20pt;\">\n<td class=\"et2\" style=\"height: 15.20pt;\" height=\"15\">Poids net (kg)<\/td>\n<td class=\"et2\">0,08 kg<\/td>\n<\/tr>\n<tr style=\"height: 15.20pt;\">\n<td class=\"et2\" style=\"height: 15.20pt;\" height=\"15\">Personnalisation<\/td>\n<td class=\"et2\">Graphique, Logo, Paquet<\/td>\n<\/tr>\n<tr style=\"height: 15.20pt;\">\n<td class=\"et2\" style=\"height: 15.20pt;\" height=\"15\">Inventaire<\/td>\n<td class=\"et2\">En stock<\/td>\n<\/tr>\n<\/tbody>\n<\/table>","protected":false},"featured_media":236,"comment_status":"closed","ping_status":"closed","template":"","meta":{"_acf_changed":false},"product_brand":[],"product_cat":[29,39],"product_tag":[],"class_list":{"0":"post-234","1":"product","2":"type-product","3":"status-publish","4":"has-post-thumbnail","6":"product_cat-sports-supplements-wholesale","7":"product_cat-bulk-supplements-capsules","9":"first","10":"instock","11":"shipping-taxable","12":"product-type-simple"},"acf":[],"_links":{"self":[{"href":"https:\/\/www.comehealthgroup.com\/fr\/wp-json\/wp\/v2\/product\/234","targetHints":{"allow":["GET"]}}],"collection":[{"href":"https:\/\/www.comehealthgroup.com\/fr\/wp-json\/wp\/v2\/product"}],"about":[{"href":"https:\/\/www.comehealthgroup.com\/fr\/wp-json\/wp\/v2\/types\/product"}],"replies":[{"embeddable":true,"href":"https:\/\/www.comehealthgroup.com\/fr\/wp-json\/wp\/v2\/comments?post=234"}],"wp:featuredmedia":[{"embeddable":true,"href":"https:\/\/www.comehealthgroup.com\/fr\/wp-json\/wp\/v2\/media\/236"}],"wp:attachment":[{"href":"https:\/\/www.comehealthgroup.com\/fr\/wp-json\/wp\/v2\/media?parent=234"}],"wp:term":[{"taxonomy":"product_brand","embeddable":true,"href":"https:\/\/www.comehealthgroup.com\/fr\/wp-json\/wp\/v2\/product_brand?post=234"},{"taxonomy":"product_cat","embeddable":true,"href":"https:\/\/www.comehealthgroup.com\/fr\/wp-json\/wp\/v2\/product_cat?post=234"},{"taxonomy":"product_tag","embeddable":true,"href":"https:\/\/www.comehealthgroup.com\/fr\/wp-json\/wp\/v2\/product_tag?post=234"}],"curies":[{"name":"wp","href":"https:\/\/api.w.org\/{rel}","templated":true}]}}