{"id":248,"date":"2024-12-07T01:41:23","date_gmt":"2024-12-07T01:41:23","guid":{"rendered":"https:\/\/www.comehealthgroup.com\/?post_type=product&#038;p=248"},"modified":"2024-12-14T06:30:26","modified_gmt":"2024-12-14T06:30:26","slug":"bulk-supplements-nmn-capsules","status":"publish","type":"product","link":"https:\/\/www.comehealthgroup.com\/fr\/product\/bulk-supplements-nmn-capsules\/","title":{"rendered":"Bulk Supplements NMN Capsules, Anti-aging Supplements Wholesale"},"content":{"rendered":"<div class=\"wp-block-columns is-layout-flex wp-container-core-columns-is-layout-9d6595d7 wp-block-columns-is-layout-flex\">\n<div class=\"wp-block-column is-layout-flow wp-block-column-is-layout-flow\">\n<h2 class=\"wp-block-heading\">Caract\u00e9ristiques de Bulk Supplements NMN Capsules<\/h2>\n\n\n\n<ul class=\"wp-block-list\">\n<li><strong>Soutien anti-\u00e2ge, rajeunit la jeunesse :<\/strong> Ce suppl\u00e9ment en vrac nmn capsules aide \u00e0 ralentir le processus de vieillissement en favorisant la r\u00e9paration cellulaire et les effets antioxydants, ce qui permet de maintenir un \u00e9tat de jeunesse et une apparence saine.<\/li>\n\n\n\n<li><strong>Biodisponibilit\u00e9 \u00e9lev\u00e9e, effet d'absorption optimis\u00e9 : <\/strong>La formule professionnelle de ce suppl\u00e9ment anti-\u00e2ge am\u00e9liore la biodisponibilit\u00e9 des ingr\u00e9dients NMN, garantissant une absorption rapide des ingr\u00e9dients actifs et maximisant l'effet de soutien \u00e0 la sant\u00e9.<\/li>\n\n\n\n<li><strong>Am\u00e9liorer la force physique et l'endurance, am\u00e9liorer les performances athl\u00e9tiques :<\/strong> En optimisant le m\u00e9tabolisme \u00e9nerg\u00e9tique, ce bulk supplements nmn capsules soutient l'am\u00e9lioration de la force et de l'endurance, permettant aux utilisateurs de maintenir des performances efficaces dans la vie quotidienne et dans le sport.<\/li>\n\n\n\n<li><strong>R\u00e9paration de l'ADN et protection des t\u00e9lom\u00e8res, maintien de la sant\u00e9 cellulaire :<\/strong> Ce suppl\u00e9ment anti-\u00e2ge en gros soutient la r\u00e9paration de l'ADN et prot\u00e8ge l'int\u00e9grit\u00e9 des t\u00e9lom\u00e8res, ce qui contribue \u00e0 la sant\u00e9 \u00e0 long terme et fournit une protection de base pour la sant\u00e9 et la vie en g\u00e9n\u00e9ral.<\/li>\n<\/ul>\n<\/div>\n\n\n\n<div class=\"wp-block-column is-layout-flow wp-block-column-is-layout-flow\">\n<figure class=\"wp-block-image size-full\"><img decoding=\"async\" width=\"750\" height=\"750\" src=\"https:\/\/www.comehealthgroup.com\/wp-content\/uploads\/2024\/12\/Bulk-Supplements-NMN-Capsules-Anti-aging-Supplements-Wholesale-2.webp\" alt=\"Bulk Supplements NMN Capsules, Anti-aging Supplements Wholesale-2\" class=\"wp-image-250\" srcset=\"https:\/\/www.comehealthgroup.com\/wp-content\/uploads\/2024\/12\/Bulk-Supplements-NMN-Capsules-Anti-aging-Supplements-Wholesale-2.webp 750w, https:\/\/www.comehealthgroup.com\/wp-content\/uploads\/2024\/12\/Bulk-Supplements-NMN-Capsules-Anti-aging-Supplements-Wholesale-2-300x300.webp 300w, https:\/\/www.comehealthgroup.com\/wp-content\/uploads\/2024\/12\/Bulk-Supplements-NMN-Capsules-Anti-aging-Supplements-Wholesale-2-100x100.webp 100w, https:\/\/www.comehealthgroup.com\/wp-content\/uploads\/2024\/12\/Bulk-Supplements-NMN-Capsules-Anti-aging-Supplements-Wholesale-2-600x600.webp 600w, https:\/\/www.comehealthgroup.com\/wp-content\/uploads\/2024\/12\/Bulk-Supplements-NMN-Capsules-Anti-aging-Supplements-Wholesale-2-150x150.webp 150w, https:\/\/www.comehealthgroup.com\/wp-content\/uploads\/2024\/12\/Bulk-Supplements-NMN-Capsules-Anti-aging-Supplements-Wholesale-2-12x12.webp 12w\" sizes=\"(max-width: 750px) 100vw, 750px\" \/><\/figure>\n<\/div>\n<\/div>\n\n\n\n<p><\/p>","protected":false},"excerpt":{"rendered":"<p>Nos suppl\u00e9ments en vrac sous forme de g\u00e9lules sont ax\u00e9s sur la lutte contre le vieillissement, l'am\u00e9lioration de l'\u00e9nergie et le soutien de la sant\u00e9 cellulaire, avec une biodisponibilit\u00e9 \u00e9lev\u00e9e, des fonctions d'am\u00e9lioration de la force et de l'endurance, ce qui constitue un choix id\u00e9al pour l'am\u00e9lioration globale de l'\u00e9tat de sant\u00e9. Nous soutenons le commerce de gros en vrac et les marques priv\u00e9es, en aidant les marques \u00e0 \u00e9largir leurs gammes de produits anti-\u00e2ge.<\/p>\n<table style=\"border-collapse: collapse; width: 328.02pt;\" border=\"0\" width=\"328\" cellspacing=\"0\" cellpadding=\"0\">\n<tbody>\n<tr style=\"height: 15.20pt;\">\n<td class=\"et2\" style=\"height: 15.20pt; width: 101.70pt;\" width=\"101\" height=\"15\">Nom de la marque<\/td>\n<td class=\"et2\" style=\"width: 226.65pt;\" width=\"226\">Come Health\/ White Label<\/td>\n<\/tr>\n<tr style=\"height: 76.00pt;\">\n<td class=\"et2\" style=\"height: 76.00pt;\" height=\"76\">Avantages du produit<\/td>\n<td class=\"et3\" style=\"width: 226.65pt;\" width=\"226\">*Anti-\u00e2ge<br \/>*Biodisponibilit\u00e9 am\u00e9lior\u00e9e<br \/>*Am\u00e9lioration de la force et de l'endurance<br \/>*Soutien \u00e0 l'ADN et aux t\u00e9lom\u00e8res<br \/>*Am\u00e9lioration de l'\u00e9nergie et de la sant\u00e9 en g\u00e9n\u00e9ral<\/td>\n<\/tr>\n<tr style=\"height: 15.20pt;\">\n<td class=\"et2\" style=\"height: 15.20pt;\" height=\"15\">Forme posologique<\/td>\n<td class=\"et2\">Capsule<\/td>\n<\/tr>\n<tr style=\"height: 15.20pt;\">\n<td class=\"et2\" style=\"height: 15.20pt;\" height=\"15\">Apparence<\/td>\n<td class=\"et2\">Coquille de g\u00e9latine blanche laiteuse<\/td>\n<\/tr>\n<tr style=\"height: 15.20pt;\">\n<td class=\"et2\" style=\"height: 15.20pt;\" height=\"15\">Sp\u00e9cification du produit<\/td>\n<td class=\"et2\">60 g\u00e9lules\/bouteille<\/td>\n<\/tr>\n<tr style=\"height: 15.20pt;\">\n<td class=\"et2\" style=\"height: 15.20pt;\" height=\"15\">Dur\u00e9e de vie en rayon<\/td>\n<td class=\"et2\">24 mois<\/td>\n<\/tr>\n<tr style=\"height: 15.20pt;\">\n<td class=\"et2\" style=\"height: 15.20pt;\" height=\"15\">Dimensions (cm)<\/td>\n<td class=\"et2\">7X7X12<\/td>\n<\/tr>\n<tr style=\"height: 15.20pt;\">\n<td class=\"et2\" style=\"height: 15.20pt;\" height=\"15\">Poids net (kg)<\/td>\n<td class=\"et2\">0,08 kg<\/td>\n<\/tr>\n<tr style=\"height: 15.20pt;\">\n<td class=\"et2\" style=\"height: 15.20pt;\" height=\"15\">Personnalisation<\/td>\n<td class=\"et2\">Graphique, Logo, Paquet<\/td>\n<\/tr>\n<tr style=\"height: 15.20pt;\">\n<td class=\"et2\" style=\"height: 15.20pt;\" height=\"15\">Inventaire<\/td>\n<td class=\"et2\">En stock<\/td>\n<\/tr>\n<\/tbody>\n<\/table>","protected":false},"featured_media":253,"comment_status":"closed","ping_status":"closed","template":"","meta":{"_acf_changed":false},"product_brand":[],"product_cat":[36,39,34,49],"product_tag":[],"class_list":{"0":"post-248","1":"product","2":"type-product","3":"status-publish","4":"has-post-thumbnail","6":"product_cat-private-label-beauty-supplements","7":"product_cat-bulk-supplements-capsules","8":"product_cat-private-label-health-supplements","9":"product_cat-nutritional-supplement-wholesale","11":"first","12":"instock","13":"shipping-taxable","14":"product-type-simple"},"acf":[],"_links":{"self":[{"href":"https:\/\/www.comehealthgroup.com\/fr\/wp-json\/wp\/v2\/product\/248","targetHints":{"allow":["GET"]}}],"collection":[{"href":"https:\/\/www.comehealthgroup.com\/fr\/wp-json\/wp\/v2\/product"}],"about":[{"href":"https:\/\/www.comehealthgroup.com\/fr\/wp-json\/wp\/v2\/types\/product"}],"replies":[{"embeddable":true,"href":"https:\/\/www.comehealthgroup.com\/fr\/wp-json\/wp\/v2\/comments?post=248"}],"wp:featuredmedia":[{"embeddable":true,"href":"https:\/\/www.comehealthgroup.com\/fr\/wp-json\/wp\/v2\/media\/253"}],"wp:attachment":[{"href":"https:\/\/www.comehealthgroup.com\/fr\/wp-json\/wp\/v2\/media?parent=248"}],"wp:term":[{"taxonomy":"product_brand","embeddable":true,"href":"https:\/\/www.comehealthgroup.com\/fr\/wp-json\/wp\/v2\/product_brand?post=248"},{"taxonomy":"product_cat","embeddable":true,"href":"https:\/\/www.comehealthgroup.com\/fr\/wp-json\/wp\/v2\/product_cat?post=248"},{"taxonomy":"product_tag","embeddable":true,"href":"https:\/\/www.comehealthgroup.com\/fr\/wp-json\/wp\/v2\/product_tag?post=248"}],"curies":[{"name":"wp","href":"https:\/\/api.w.org\/{rel}","templated":true}]}}