{"id":257,"date":"2024-12-07T03:53:25","date_gmt":"2024-12-07T03:53:25","guid":{"rendered":"https:\/\/www.comehealthgroup.com\/?post_type=product&#038;p=257"},"modified":"2024-12-07T04:11:01","modified_gmt":"2024-12-07T04:11:01","slug":"bulk-supplements-coq10","status":"publish","type":"product","link":"https:\/\/www.comehealthgroup.com\/fr\/product\/bulk-supplements-coq10\/","title":{"rendered":"Bulk Supplements CoQ10 Capsules, Private Label Health Supplements"},"content":{"rendered":"<div class=\"wp-block-columns is-layout-flex wp-container-core-columns-is-layout-9d6595d7 wp-block-columns-is-layout-flex\">\n<div class=\"wp-block-column is-layout-flow wp-block-column-is-layout-flow\">\n<h2 class=\"wp-block-heading\">Caract\u00e9ristiques de Bulk Supplements CoQ10 Capsules<\/h2>\n\n\n\n<ul class=\"wp-block-list\">\n<li><strong>Favorise la sant\u00e9 cardiaque et maintient le fonctionnement normal du syst\u00e8me cardiovasculaire : <\/strong>Nos g\u00e9lules de CoQ10 en vrac peuvent prot\u00e9ger les cellules cardiaques des dommages oxydatifs, am\u00e9liorer la fonction du myocarde, am\u00e9liorer la circulation sanguine et r\u00e9duire efficacement l'apparition de probl\u00e8mes cardiovasculaires, avec une protection puissante pour la sant\u00e9 en g\u00e9n\u00e9ral.<\/li>\n\n\n\n<li><strong>Favorise la production d'\u00e9nergie cellulaire et am\u00e9liore la vitalit\u00e9 et l'\u00e9nergie au quotidien : <\/strong>Nos compl\u00e9ments alimentaires sous marque de distributeur augmentent efficacement le niveau d'\u00e9nergie, aident les utilisateurs \u00e0 faire face \u00e0 la fatigue quotidienne, am\u00e9liorent la concentration et les performances physiques, et rendent la vie plus vivante.<\/li>\n\n\n\n<li><strong>Adopter une technologie de formulation efficace pour optimiser l'absorption et l'utilisation des ingr\u00e9dients : <\/strong>Ce suppl\u00e9ment en vrac de g\u00e9lules de CoQ10 adopte une formule avanc\u00e9e qui rend la CoQ10 plus biodisponible, garantissant que les ingr\u00e9dients actifs sont plus rapidement absorb\u00e9s et utilis\u00e9s par l'organisme pour exercer leurs effets b\u00e9n\u00e9fiques sur la sant\u00e9, ce qui convient aux besoins de sant\u00e9 de tous les types de personnes.<\/li>\n\n\n\n<li><strong>Extraction naturelle, s\u00fbre et fiable pour une utilisation \u00e0 long terme : <\/strong>Nos compl\u00e9ments de sant\u00e9 sous marque de distributeur utilisent des ingr\u00e9dients naturels ultra-purs, ne contiennent pas d'additifs artificiels ou d'irritants, sont doux et faciles \u00e0 absorber, conviennent \u00e0 une utilisation \u00e0 long terme et fournissent aux utilisateurs des soins de sant\u00e9 s\u00fbrs et durables.<\/li>\n<\/ul>\n<\/div>\n\n\n\n<div class=\"wp-block-column is-layout-flow wp-block-column-is-layout-flow\">\n<figure class=\"wp-block-image size-full\"><img decoding=\"async\" width=\"1920\" height=\"1920\" src=\"https:\/\/www.comehealthgroup.com\/wp-content\/uploads\/2024\/12\/Bulk-Supplements-CoQ10-Capsules-Private-Label-Health-Supplements-2.webp\" alt=\"Bulk Supplements CoQ10 Capsules, Private Label Health Supplements-2\" class=\"wp-image-259\" srcset=\"https:\/\/www.comehealthgroup.com\/wp-content\/uploads\/2024\/12\/Bulk-Supplements-CoQ10-Capsules-Private-Label-Health-Supplements-2.webp 1920w, https:\/\/www.comehealthgroup.com\/wp-content\/uploads\/2024\/12\/Bulk-Supplements-CoQ10-Capsules-Private-Label-Health-Supplements-2-300x300.webp 300w, https:\/\/www.comehealthgroup.com\/wp-content\/uploads\/2024\/12\/Bulk-Supplements-CoQ10-Capsules-Private-Label-Health-Supplements-2-100x100.webp 100w, https:\/\/www.comehealthgroup.com\/wp-content\/uploads\/2024\/12\/Bulk-Supplements-CoQ10-Capsules-Private-Label-Health-Supplements-2-600x600.webp 600w, https:\/\/www.comehealthgroup.com\/wp-content\/uploads\/2024\/12\/Bulk-Supplements-CoQ10-Capsules-Private-Label-Health-Supplements-2-150x150.webp 150w, https:\/\/www.comehealthgroup.com\/wp-content\/uploads\/2024\/12\/Bulk-Supplements-CoQ10-Capsules-Private-Label-Health-Supplements-2-768x768.webp 768w, https:\/\/www.comehealthgroup.com\/wp-content\/uploads\/2024\/12\/Bulk-Supplements-CoQ10-Capsules-Private-Label-Health-Supplements-2-12x12.webp 12w\" sizes=\"(max-width: 1920px) 100vw, 1920px\" \/><\/figure>\n<\/div>\n<\/div>\n\n\n\n<p><\/p>","protected":false},"excerpt":{"rendered":"<p>Ce suppl\u00e9ment en vrac de marque priv\u00e9e CoQ10 en capsules est destin\u00e9 \u00e0 la sant\u00e9 cardiaque et \u00e0 la production d'\u00e9nergie cellulaire. Elles contribuent \u00e0 am\u00e9liorer le fonctionnement du syst\u00e8me cardiovasculaire, \u00e0 renforcer la vitalit\u00e9 quotidienne et \u00e0 promouvoir la sant\u00e9 globale gr\u00e2ce \u00e0 leur formule hautement absorbable et \u00e0 leurs ingr\u00e9dients naturels. C'est un choix id\u00e9al pour atteindre des objectifs de sant\u00e9 complets. Il permet l'\u00e9tiquetage priv\u00e9 et donne un grand coup de pouce aux marques pour cr\u00e9er des compl\u00e9ments de sant\u00e9 de haute qualit\u00e9.<\/p>\n<table style=\"border-collapse: collapse; width: 328.02pt;\" border=\"0\" width=\"328\" cellspacing=\"0\" cellpadding=\"0\">\n<tbody>\n<tr style=\"height: 15.20pt;\">\n<td class=\"et2\" style=\"height: 15.20pt; width: 101.70pt;\" width=\"101\" height=\"15\">Nom de la marque<\/td>\n<td class=\"et2\" style=\"width: 226.65pt;\" width=\"226\">Come Health\/ White Label<\/td>\n<\/tr>\n<tr style=\"height: 31.00pt;\">\n<td class=\"et2\" style=\"height: 31.00pt;\" height=\"31\">Avantages du produit<\/td>\n<td class=\"et3\" style=\"width: 226.65pt;\" width=\"226\">*Aide \u00e0 soutenir la fonction cardiaque<br \/>*Aide \u00e0 soutenir la production d'\u00e9nergie cellulaire<\/td>\n<\/tr>\n<tr style=\"height: 15.20pt;\">\n<td class=\"et2\" style=\"height: 15.20pt;\" height=\"15\">Forme posologique<\/td>\n<td class=\"et2\">Capsule<\/td>\n<\/tr>\n<tr style=\"height: 15.20pt;\">\n<td class=\"et2\" style=\"height: 15.20pt;\" height=\"15\">Apparence<\/td>\n<td class=\"et2\">Coquille de g\u00e9latine blanche laiteuse<\/td>\n<\/tr>\n<tr style=\"height: 15.20pt;\">\n<td class=\"et2\" style=\"height: 15.20pt;\" height=\"15\">Sp\u00e9cification du produit<\/td>\n<td class=\"et2\">60 g\u00e9lules\/bouteille<\/td>\n<\/tr>\n<tr style=\"height: 15.20pt;\">\n<td class=\"et2\" style=\"height: 15.20pt;\" height=\"15\">Dur\u00e9e de vie en rayon<\/td>\n<td class=\"et2\">24 mois<\/td>\n<\/tr>\n<tr style=\"height: 15.20pt;\">\n<td class=\"et2\" style=\"height: 15.20pt;\" height=\"15\">Dimensions (cm)<\/td>\n<td class=\"et2\">7X7X12<\/td>\n<\/tr>\n<tr style=\"height: 15.20pt;\">\n<td class=\"et2\" style=\"height: 15.20pt;\" height=\"15\">Poids net (kg)<\/td>\n<td class=\"et2\">0,08 kg<\/td>\n<\/tr>\n<tr style=\"height: 15.20pt;\">\n<td class=\"et2\" style=\"height: 15.20pt;\" height=\"15\">Personnalisation<\/td>\n<td class=\"et2\">Graphique, Logo, Paquet<\/td>\n<\/tr>\n<tr style=\"height: 15.20pt;\">\n<td class=\"et2\" style=\"height: 15.20pt;\" height=\"15\">Inventaire<\/td>\n<td class=\"et2\">En stock<\/td>\n<\/tr>\n<\/tbody>\n<\/table>","protected":false},"featured_media":261,"comment_status":"closed","ping_status":"closed","template":"","meta":{"_acf_changed":false},"product_brand":[],"product_cat":[34,39],"product_tag":[],"class_list":{"0":"post-257","1":"product","2":"type-product","3":"status-publish","4":"has-post-thumbnail","6":"product_cat-private-label-health-supplements","7":"product_cat-bulk-supplements-capsules","9":"first","10":"instock","11":"shipping-taxable","12":"product-type-simple"},"acf":[],"_links":{"self":[{"href":"https:\/\/www.comehealthgroup.com\/fr\/wp-json\/wp\/v2\/product\/257","targetHints":{"allow":["GET"]}}],"collection":[{"href":"https:\/\/www.comehealthgroup.com\/fr\/wp-json\/wp\/v2\/product"}],"about":[{"href":"https:\/\/www.comehealthgroup.com\/fr\/wp-json\/wp\/v2\/types\/product"}],"replies":[{"embeddable":true,"href":"https:\/\/www.comehealthgroup.com\/fr\/wp-json\/wp\/v2\/comments?post=257"}],"wp:featuredmedia":[{"embeddable":true,"href":"https:\/\/www.comehealthgroup.com\/fr\/wp-json\/wp\/v2\/media\/261"}],"wp:attachment":[{"href":"https:\/\/www.comehealthgroup.com\/fr\/wp-json\/wp\/v2\/media?parent=257"}],"wp:term":[{"taxonomy":"product_brand","embeddable":true,"href":"https:\/\/www.comehealthgroup.com\/fr\/wp-json\/wp\/v2\/product_brand?post=257"},{"taxonomy":"product_cat","embeddable":true,"href":"https:\/\/www.comehealthgroup.com\/fr\/wp-json\/wp\/v2\/product_cat?post=257"},{"taxonomy":"product_tag","embeddable":true,"href":"https:\/\/www.comehealthgroup.com\/fr\/wp-json\/wp\/v2\/product_tag?post=257"}],"curies":[{"name":"wp","href":"https:\/\/api.w.org\/{rel}","templated":true}]}}