{"id":262,"date":"2024-12-07T05:17:22","date_gmt":"2024-12-07T05:17:22","guid":{"rendered":"https:\/\/www.comehealthgroup.com\/?post_type=product&#038;p=262"},"modified":"2024-12-07T05:36:45","modified_gmt":"2024-12-07T05:36:45","slug":"bulk-supplements-curcumin","status":"publish","type":"product","link":"https:\/\/www.comehealthgroup.com\/fr\/product\/bulk-supplements-curcumin\/","title":{"rendered":"Private Label Bulk Supplements Curcumin Capsules, Suppl\u00e9ments de sant\u00e9"},"content":{"rendered":"<div class=\"wp-block-columns is-layout-flex wp-container-core-columns-is-layout-9d6595d7 wp-block-columns-is-layout-flex\">\n<div class=\"wp-block-column is-layout-flow wp-block-column-is-layout-flow\">\n<h2 class=\"wp-block-heading\">Caract\u00e9ristiques des g\u00e9lules de curcumine de Bulk Supplements<\/h2>\n\n\n\n<ul class=\"wp-block-list\">\n<li><strong>Stimule le fonctionnement du syst\u00e8me immunitaire et favorise la sant\u00e9 globale :<\/strong> Les antioxydants contenus dans nos suppl\u00e9ments en vrac de g\u00e9lules de curcumine contribuent grandement \u00e0 renforcer l'immunit\u00e9, la protection contre les dommages caus\u00e9s par les radicaux libres et une garde \u00e9lev\u00e9e de l'organisme.<\/li>\n\n\n\n<li><strong>Formule hautement biodisponible pour une absorption optimis\u00e9e : <\/strong>Ce suppl\u00e9ment de sant\u00e9 de marque priv\u00e9e incorpore la derni\u00e8re technologie en mati\u00e8re d'absorption \u00e0 haute efficacit\u00e9 afin d'am\u00e9liorer la biodisponibilit\u00e9 de la curcumine et d'acc\u00e9l\u00e9rer son absorption par l'organisme, ce qui permet de profiter pleinement de ses bienfaits pour la sant\u00e9.<\/li>\n\n\n\n<li><strong>Favorise une r\u00e9ponse inflammatoire saine et r\u00e9duit l'inconfort :<\/strong> Nos g\u00e9lules de curcumine en vrac soutiennent le maintien des niveaux d'inflammation et, \u00e0 leur tour, soulagent l'inconfort inflammatoire dans le corps pour aider les utilisateurs \u00e0 avoir un mode de vie sain et \u00e9quilibr\u00e9.<\/li>\n\n\n\n<li><strong>Favorise la mobilit\u00e9 des articulations et la sant\u00e9 musculaire :<\/strong> Am\u00e9liorer la mobilit\u00e9 articulaire en favorisant les effets anti-inflammatoires et antioxydants de la curcumine. Ce suppl\u00e9ment de sant\u00e9 de marque priv\u00e9e soulage l'inconfort des articulations et des muscles, soutient la libert\u00e9 de mouvement et am\u00e9liore la qualit\u00e9 de vie.<\/li>\n<\/ul>\n<\/div>\n\n\n\n<div class=\"wp-block-column is-layout-flow wp-block-column-is-layout-flow\">\n<figure class=\"wp-block-image size-full\"><img decoding=\"async\" width=\"800\" height=\"800\" src=\"https:\/\/www.comehealthgroup.com\/wp-content\/uploads\/2024\/12\/Private-Label-Bulk-Supplements-Curcumin-Capsules-Health-Supplements-1.webp\" alt=\"Private Label Bulk Supplements Curcumin Capsules, Health Supplements-1\" class=\"wp-image-263\" srcset=\"https:\/\/www.comehealthgroup.com\/wp-content\/uploads\/2024\/12\/Private-Label-Bulk-Supplements-Curcumin-Capsules-Health-Supplements-1.webp 800w, https:\/\/www.comehealthgroup.com\/wp-content\/uploads\/2024\/12\/Private-Label-Bulk-Supplements-Curcumin-Capsules-Health-Supplements-1-300x300.webp 300w, https:\/\/www.comehealthgroup.com\/wp-content\/uploads\/2024\/12\/Private-Label-Bulk-Supplements-Curcumin-Capsules-Health-Supplements-1-100x100.webp 100w, https:\/\/www.comehealthgroup.com\/wp-content\/uploads\/2024\/12\/Private-Label-Bulk-Supplements-Curcumin-Capsules-Health-Supplements-1-600x600.webp 600w, https:\/\/www.comehealthgroup.com\/wp-content\/uploads\/2024\/12\/Private-Label-Bulk-Supplements-Curcumin-Capsules-Health-Supplements-1-150x150.webp 150w, https:\/\/www.comehealthgroup.com\/wp-content\/uploads\/2024\/12\/Private-Label-Bulk-Supplements-Curcumin-Capsules-Health-Supplements-1-768x768.webp 768w, https:\/\/www.comehealthgroup.com\/wp-content\/uploads\/2024\/12\/Private-Label-Bulk-Supplements-Curcumin-Capsules-Health-Supplements-1-12x12.webp 12w\" sizes=\"(max-width: 800px) 100vw, 800px\" \/><\/figure>\n<\/div>\n<\/div>\n\n\n\n<p><\/p>","protected":false},"excerpt":{"rendered":"<p>Nos suppl\u00e9ments en vrac de marque priv\u00e9e capsules de curcumine fournissent un soutien complet \u00e0 la sant\u00e9 par l'absorption de formules hautement disponibles, en se concentrant sur le soutien du syst\u00e8me immunitaire, la gestion saine de l'inflammation, et la sant\u00e9 globale des articulations et des muscles. En soutenant la marque priv\u00e9e, ce suppl\u00e9ment en vrac de curcumine en g\u00e9lules est un choix id\u00e9al pour cr\u00e9er une ligne de produits de compl\u00e9ments de sant\u00e9 de haute qualit\u00e9.<\/p>\n<table style=\"border-collapse: collapse; width: 328.02pt;\" border=\"0\" width=\"328\" cellspacing=\"0\" cellpadding=\"0\">\n<tbody>\n<tr style=\"height: 15.20pt;\">\n<td class=\"et2\" style=\"height: 15.20pt; width: 101.70pt;\" width=\"101\" height=\"15\">Nom de la marque<\/td>\n<td class=\"et2\" style=\"width: 226.65pt;\" width=\"226\">Come Health\/ White Label<\/td>\n<\/tr>\n<tr style=\"height: 76.00pt;\">\n<td class=\"et2\" style=\"height: 76.00pt;\" height=\"76\">Avantages du produit<\/td>\n<td class=\"et3\" style=\"width: 226.65pt;\" width=\"226\">*Soutien du syst\u00e8me immunitaire<br \/>*Biodisponibilit\u00e9 am\u00e9lior\u00e9e<br \/>*Favorise une r\u00e9ponse inflammatoire saine<br \/>*Favorise la souplesse des articulations et la sant\u00e9 des muscles<\/td>\n<\/tr>\n<tr style=\"height: 15.20pt;\">\n<td class=\"et2\" style=\"height: 15.20pt;\" height=\"15\">Forme posologique<\/td>\n<td class=\"et2\">Capsule<\/td>\n<\/tr>\n<tr style=\"height: 15.20pt;\">\n<td class=\"et2\" style=\"height: 15.20pt;\" height=\"15\">Apparence<\/td>\n<td class=\"et2\">Coquille de g\u00e9latine blanche laiteuse<\/td>\n<\/tr>\n<tr style=\"height: 15.20pt;\">\n<td class=\"et2\" style=\"height: 15.20pt;\" height=\"15\">Sp\u00e9cification du produit<\/td>\n<td class=\"et2\">60 g\u00e9lules\/bouteille<\/td>\n<\/tr>\n<tr style=\"height: 15.20pt;\">\n<td class=\"et2\" style=\"height: 15.20pt;\" height=\"15\">Dur\u00e9e de vie en rayon<\/td>\n<td class=\"et2\">24 mois<\/td>\n<\/tr>\n<tr style=\"height: 15.20pt;\">\n<td class=\"et2\" style=\"height: 15.20pt;\" height=\"15\">Dimensions (cm)<\/td>\n<td class=\"et2\">7X7X12<\/td>\n<\/tr>\n<tr style=\"height: 15.20pt;\">\n<td class=\"et2\" style=\"height: 15.20pt;\" height=\"15\">Poids net (kg)<\/td>\n<td class=\"et2\">0,08 kg<\/td>\n<\/tr>\n<tr style=\"height: 15.20pt;\">\n<td class=\"et2\" style=\"height: 15.20pt;\" height=\"15\">Personnalisation<\/td>\n<td class=\"et2\">Graphique, Logo, Paquet<\/td>\n<\/tr>\n<tr style=\"height: 15.20pt;\">\n<td class=\"et2\" style=\"height: 15.20pt;\" height=\"15\">Inventaire<\/td>\n<td class=\"et2\">En stock<\/td>\n<\/tr>\n<\/tbody>\n<\/table>","protected":false},"featured_media":267,"comment_status":"closed","ping_status":"closed","template":"","meta":{"_acf_changed":false},"product_brand":[],"product_cat":[34,39],"product_tag":[],"class_list":{"0":"post-262","1":"product","2":"type-product","3":"status-publish","4":"has-post-thumbnail","6":"product_cat-private-label-health-supplements","7":"product_cat-bulk-supplements-capsules","9":"first","10":"instock","11":"shipping-taxable","12":"product-type-simple"},"acf":[],"_links":{"self":[{"href":"https:\/\/www.comehealthgroup.com\/fr\/wp-json\/wp\/v2\/product\/262","targetHints":{"allow":["GET"]}}],"collection":[{"href":"https:\/\/www.comehealthgroup.com\/fr\/wp-json\/wp\/v2\/product"}],"about":[{"href":"https:\/\/www.comehealthgroup.com\/fr\/wp-json\/wp\/v2\/types\/product"}],"replies":[{"embeddable":true,"href":"https:\/\/www.comehealthgroup.com\/fr\/wp-json\/wp\/v2\/comments?post=262"}],"wp:featuredmedia":[{"embeddable":true,"href":"https:\/\/www.comehealthgroup.com\/fr\/wp-json\/wp\/v2\/media\/267"}],"wp:attachment":[{"href":"https:\/\/www.comehealthgroup.com\/fr\/wp-json\/wp\/v2\/media?parent=262"}],"wp:term":[{"taxonomy":"product_brand","embeddable":true,"href":"https:\/\/www.comehealthgroup.com\/fr\/wp-json\/wp\/v2\/product_brand?post=262"},{"taxonomy":"product_cat","embeddable":true,"href":"https:\/\/www.comehealthgroup.com\/fr\/wp-json\/wp\/v2\/product_cat?post=262"},{"taxonomy":"product_tag","embeddable":true,"href":"https:\/\/www.comehealthgroup.com\/fr\/wp-json\/wp\/v2\/product_tag?post=262"}],"curies":[{"name":"wp","href":"https:\/\/api.w.org\/{rel}","templated":true}]}}