{"id":284,"date":"2024-12-07T06:56:29","date_gmt":"2024-12-07T06:56:29","guid":{"rendered":"https:\/\/www.comehealthgroup.com\/?post_type=product&#038;p=284"},"modified":"2024-12-14T06:31:45","modified_gmt":"2024-12-14T06:31:45","slug":"bulk-dietary-supplements","status":"publish","type":"product","link":"https:\/\/www.comehealthgroup.com\/fr\/product\/bulk-dietary-supplements\/","title":{"rendered":"Suppl\u00e9ments di\u00e9t\u00e9tiques en vrac de marque priv\u00e9e, g\u00e9lules de fruits et l\u00e9gumes"},"content":{"rendered":"<div class=\"wp-block-columns is-layout-flex wp-container-core-columns-is-layout-9d6595d7 wp-block-columns-is-layout-flex\">\n<div class=\"wp-block-column is-layout-flow wp-block-column-is-layout-flow\">\n<h2 class=\"wp-block-heading\">Features of Bulk Dietary Supplements<\/h2>\n\n\n\n<ul class=\"wp-block-list\">\n<li><strong>Enhance immunity and provide comprehensive health protection: <\/strong>This fruits and vegetables capsule wholesale is rich in a variety of natural phytonutrients, are helpful for the strengthening of immune function and enabling resistance to all external influences, thus offering good support for users&#8217; health.<\/li>\n\n\n\n<li><strong>Improve digestion function and promote nutrient absorption: <\/strong>The dietary fiber and enzyme ingredients specially added in our bulk dietary supplements help optimize the digestive system, alleviate problems such as indigestion, and promote more efficient absorption and utilization of nutrients.<\/li>\n\n\n\n<li><strong>Convenient daily nutritional supplement solution: <\/strong>Each of the wholesale fruits and vegetables capsules contains the essence of various fruits and vegetables, furnishing essential nutrients that are probably missed in daily diets, which is suitable for people who have busy lifestyles.<\/li>\n\n\n\n<li><strong>Natural formula, suitable for long-term health management: <\/strong>Our bulk dietary supplements use high-quality natural fruit and vegetable ingredients, do not add artificial additives, and gentle and safe, which fits for long-run use in people of different ages.<\/li>\n<\/ul>\n<\/div>\n\n\n\n<div class=\"wp-block-column is-layout-flow wp-block-column-is-layout-flow\">\n<figure class=\"wp-block-image size-full\"><img decoding=\"async\" width=\"1920\" height=\"1920\" src=\"https:\/\/www.comehealthgroup.com\/wp-content\/uploads\/2024\/12\/Private-Label-Bulk-Dietary-Supplements-Fruits-And-Vegetables-Capsule-3.jpg\" alt=\"Suppl\u00e9ments di\u00e9t\u00e9tiques en vrac de marque priv\u00e9e, g\u00e9lules de fruits et l\u00e9gumes-3\" class=\"wp-image-287\" srcset=\"https:\/\/www.comehealthgroup.com\/wp-content\/uploads\/2024\/12\/Private-Label-Bulk-Dietary-Supplements-Fruits-And-Vegetables-Capsule-3.jpg 1920w, https:\/\/www.comehealthgroup.com\/wp-content\/uploads\/2024\/12\/Private-Label-Bulk-Dietary-Supplements-Fruits-And-Vegetables-Capsule-3-300x300.jpg 300w, https:\/\/www.comehealthgroup.com\/wp-content\/uploads\/2024\/12\/Private-Label-Bulk-Dietary-Supplements-Fruits-And-Vegetables-Capsule-3-100x100.jpg 100w, https:\/\/www.comehealthgroup.com\/wp-content\/uploads\/2024\/12\/Private-Label-Bulk-Dietary-Supplements-Fruits-And-Vegetables-Capsule-3-600x600.jpg 600w, https:\/\/www.comehealthgroup.com\/wp-content\/uploads\/2024\/12\/Private-Label-Bulk-Dietary-Supplements-Fruits-And-Vegetables-Capsule-3-150x150.jpg 150w, https:\/\/www.comehealthgroup.com\/wp-content\/uploads\/2024\/12\/Private-Label-Bulk-Dietary-Supplements-Fruits-And-Vegetables-Capsule-3-768x768.jpg 768w, https:\/\/www.comehealthgroup.com\/wp-content\/uploads\/2024\/12\/Private-Label-Bulk-Dietary-Supplements-Fruits-And-Vegetables-Capsule-3-12x12.jpg 12w\" sizes=\"(max-width: 1920px) 100vw, 1920px\" \/><\/figure>\n<\/div>\n<\/div>\n\n\n\n<p><\/p>","protected":false},"excerpt":{"rendered":"<p>Our fruit and vegetable capsule bulk dietary supplements provide the dual effects of enhancing immunity and improving digestion, helping users supplement the nutrients lacking in their daily diet. The natural formula is gentle and additive-free, making it an ideal choice for health management. It supports private labeling and helps brands create a high-quality dietary supplement series.<\/p>\n<table style=\"border-collapse: collapse; width: 328.02pt;\" border=\"0\" width=\"328\" cellspacing=\"0\" cellpadding=\"0\">\n<tbody>\n<tr style=\"height: 15.20pt;\">\n<td class=\"et2\" style=\"height: 15.20pt; width: 101.70pt;\" width=\"101\" height=\"15\">Nom de la marque<\/td>\n<td class=\"et2\" style=\"width: 226.65pt;\" width=\"226\">Come Health\/ White Label<\/td>\n<\/tr>\n<tr style=\"height: 31.00pt;\">\n<td class=\"et2\" style=\"height: 31.00pt;\" height=\"31\">Avantages du produit<\/td>\n<td class=\"et3\" style=\"width: 226.65pt;\" width=\"226\">*Provides strong immunity<br \/>*Enhances digestion<\/td>\n<\/tr>\n<tr style=\"height: 15.20pt;\">\n<td class=\"et2\" style=\"height: 15.20pt;\" height=\"15\">Forme posologique<\/td>\n<td class=\"et2\">Capsule<\/td>\n<\/tr>\n<tr style=\"height: 15.20pt;\">\n<td class=\"et2\" style=\"height: 15.20pt;\" height=\"15\">Apparence<\/td>\n<td class=\"et2\">Coquille de g\u00e9latine blanche laiteuse<\/td>\n<\/tr>\n<tr style=\"height: 15.20pt;\">\n<td class=\"et2\" style=\"height: 15.20pt;\" height=\"15\">Sp\u00e9cification du produit<\/td>\n<td class=\"et2\">90 g\u00e9lules\/bouteille<\/td>\n<\/tr>\n<tr style=\"height: 15.20pt;\">\n<td class=\"et2\" style=\"height: 15.20pt;\" height=\"15\">Dur\u00e9e de vie en rayon<\/td>\n<td class=\"et2\">24 mois<\/td>\n<\/tr>\n<tr style=\"height: 15.20pt;\">\n<td class=\"et2\" style=\"height: 15.20pt;\" height=\"15\">Dimensions (cm)<\/td>\n<td class=\"et2\">7X7X12<\/td>\n<\/tr>\n<tr style=\"height: 15.20pt;\">\n<td class=\"et2\" style=\"height: 15.20pt;\" height=\"15\">Poids net (kg)<\/td>\n<td class=\"et2\">0.11kg<\/td>\n<\/tr>\n<tr style=\"height: 15.20pt;\">\n<td class=\"et2\" style=\"height: 15.20pt;\" height=\"15\">Personnalisation<\/td>\n<td class=\"et2\">Graphique, Logo, Paquet<\/td>\n<\/tr>\n<tr style=\"height: 15.20pt;\">\n<td class=\"et2\" style=\"height: 15.20pt;\" height=\"15\">Inventaire<\/td>\n<td class=\"et2\">En stock<\/td>\n<\/tr>\n<\/tbody>\n<\/table>","protected":false},"featured_media":285,"comment_status":"closed","ping_status":"closed","template":"","meta":{"_acf_changed":false},"product_brand":[],"product_cat":[39,34,49,41],"product_tag":[],"class_list":{"0":"post-284","1":"product","2":"type-product","3":"status-publish","4":"has-post-thumbnail","6":"product_cat-bulk-supplements-capsules","7":"product_cat-private-label-health-supplements","8":"product_cat-nutritional-supplement-wholesale","9":"product_cat-bulk-vitamins-and-minerals-supplements","11":"first","12":"instock","13":"shipping-taxable","14":"product-type-simple"},"acf":[],"_links":{"self":[{"href":"https:\/\/www.comehealthgroup.com\/fr\/wp-json\/wp\/v2\/product\/284","targetHints":{"allow":["GET"]}}],"collection":[{"href":"https:\/\/www.comehealthgroup.com\/fr\/wp-json\/wp\/v2\/product"}],"about":[{"href":"https:\/\/www.comehealthgroup.com\/fr\/wp-json\/wp\/v2\/types\/product"}],"replies":[{"embeddable":true,"href":"https:\/\/www.comehealthgroup.com\/fr\/wp-json\/wp\/v2\/comments?post=284"}],"wp:featuredmedia":[{"embeddable":true,"href":"https:\/\/www.comehealthgroup.com\/fr\/wp-json\/wp\/v2\/media\/285"}],"wp:attachment":[{"href":"https:\/\/www.comehealthgroup.com\/fr\/wp-json\/wp\/v2\/media?parent=284"}],"wp:term":[{"taxonomy":"product_brand","embeddable":true,"href":"https:\/\/www.comehealthgroup.com\/fr\/wp-json\/wp\/v2\/product_brand?post=284"},{"taxonomy":"product_cat","embeddable":true,"href":"https:\/\/www.comehealthgroup.com\/fr\/wp-json\/wp\/v2\/product_cat?post=284"},{"taxonomy":"product_tag","embeddable":true,"href":"https:\/\/www.comehealthgroup.com\/fr\/wp-json\/wp\/v2\/product_tag?post=284"}],"curies":[{"name":"wp","href":"https:\/\/api.w.org\/{rel}","templated":true}]}}