{"id":965,"date":"2024-12-14T06:40:47","date_gmt":"2024-12-14T06:40:47","guid":{"rendered":"https:\/\/www.comehealthgroup.com\/?post_type=product&#038;p=965"},"modified":"2024-12-14T07:02:48","modified_gmt":"2024-12-14T07:02:48","slug":"private-label-gummy-supplements","status":"publish","type":"product","link":"https:\/\/www.comehealthgroup.com\/fr\/product\/private-label-gummy-supplements\/","title":{"rendered":"Suppl\u00e9ments gommeux de marque priv\u00e9e, Calcium Magn\u00e9sium Zinc"},"content":{"rendered":"<div class=\"wp-block-columns is-layout-flex wp-container-core-columns-is-layout-9d6595d7 wp-block-columns-is-layout-flex\">\n<div class=\"wp-block-column is-layout-flow wp-block-column-is-layout-flow\">\n<h2 class=\"wp-block-heading\">Caract\u00e9ristiques des suppl\u00e9ments g\u00e9latineux sous marque de distributeur<\/h2>\n\n\n\n<ul class=\"wp-block-list\">\n<li><strong>Alimentation saine des os : <\/strong>Notre suppl\u00e9ment gommeux de marque priv\u00e9e est riche en calcium, en magn\u00e9sium et en zinc. Tous ces \u00e9l\u00e9ments contribuent \u00e0 am\u00e9liorer la structure de la densit\u00e9 osseuse et \u00e0 renforcer les os afin d'\u00e9viter divers probl\u00e8mes de sant\u00e9 osseuse tels que l'ost\u00e9oporose. Il est fortement recommand\u00e9 pour garder des os solides.<\/li>\n\n\n\n<li><strong>Favorise la fonction nerveuse et immunitaire : <\/strong>Le calcium, le magn\u00e9sium et le zinc sont indispensables aux os, soutiennent la fonction conductrice des nerfs et le travail du syst\u00e8me immunitaire. Ce suppl\u00e9ment gommeux en gros aide \u00e0 soulager le stress, \u00e0 renforcer la r\u00e9sistance de l'organisme et \u00e0 maintenir la vitalit\u00e9 dans la vie de tous les jours.<\/li>\n\n\n\n<li><strong>Forme g\u00e9latineuse pratique et savoureuse : <\/strong>Ce suppl\u00e9ment gommeux de marque priv\u00e9e est savoureux et facile \u00e0 consommer. Il n'est pas n\u00e9cessaire d'avaler de grandes doses de comprim\u00e9s ou de g\u00e9lules. Il convient particuli\u00e8rement aux personnes qui n'aiment pas les compl\u00e9ments traditionnels. Convient \u00e0 tous les \u00e2ges.<\/li>\n\n\n\n<li><strong>Personnalisation de la marque priv\u00e9e \u00e0 des niveaux de qualit\u00e9 \u00e9lev\u00e9s :<\/strong> Les mati\u00e8res premi\u00e8res utilis\u00e9es pour nos gommes de calcium, de magn\u00e9sium et de zinc sont toutes de tr\u00e8s haute qualit\u00e9. Ainsi, chaque gomme garantit un dosage pr\u00e9cis de calcium, de magn\u00e9sium et de zinc dans le cadre d'une alimentation stable et efficace pour maintenir les consommateurs en bonne sant\u00e9.<\/li>\n<\/ul>\n<\/div>\n\n\n\n<div class=\"wp-block-column is-layout-flow wp-block-column-is-layout-flow\">\n<figure class=\"wp-block-image size-full\"><img decoding=\"async\" width=\"720\" height=\"720\" src=\"https:\/\/www.comehealthgroup.com\/wp-content\/uploads\/2024\/12\/Private-Label-Gummy-Supplements-Calcium-Magnesium-Zinc-3.webp\" alt=\"Suppl\u00e9ments gommeux de marque priv\u00e9e, Calcium Magn\u00e9sium Zinc-3\" class=\"wp-image-968\" srcset=\"https:\/\/www.comehealthgroup.com\/wp-content\/uploads\/2024\/12\/Private-Label-Gummy-Supplements-Calcium-Magnesium-Zinc-3.webp 720w, https:\/\/www.comehealthgroup.com\/wp-content\/uploads\/2024\/12\/Private-Label-Gummy-Supplements-Calcium-Magnesium-Zinc-3-300x300.webp 300w, https:\/\/www.comehealthgroup.com\/wp-content\/uploads\/2024\/12\/Private-Label-Gummy-Supplements-Calcium-Magnesium-Zinc-3-150x150.webp 150w, https:\/\/www.comehealthgroup.com\/wp-content\/uploads\/2024\/12\/Private-Label-Gummy-Supplements-Calcium-Magnesium-Zinc-3-600x600.webp 600w, https:\/\/www.comehealthgroup.com\/wp-content\/uploads\/2024\/12\/Private-Label-Gummy-Supplements-Calcium-Magnesium-Zinc-3-100x100.webp 100w\" sizes=\"(max-width: 720px) 100vw, 720px\" \/><\/figure>\n<\/div>\n<\/div>\n\n\n\n<p><\/p>","protected":false},"excerpt":{"rendered":"<p>Nous vous invitons \u00e0 personnaliser les suppl\u00e9ments gommeux de marque priv\u00e9e. Ce suppl\u00e9ment gommeux de calcium, magn\u00e9sium et zinc est utilis\u00e9 pour renforcer les os, soutenir le syst\u00e8me nerveux et am\u00e9liorer les fonctions immunitaires. Il combine les trois min\u00e9raux pour obtenir un effet unique, en maintenant la densit\u00e9 osseuse et en am\u00e9liorant la vitalit\u00e9 physique. Sa forme g\u00e9latineuse, d\u00e9licieuse et facile \u00e0 consommer, en fait un compl\u00e9ment nutritionnel quotidien tr\u00e8s agr\u00e9able qui convient \u00e0 tous ceux qui souhaitent maintenir la sant\u00e9 de leurs os et am\u00e9liorer leur immunit\u00e9.<\/p>\n<table style=\"border-collapse: collapse; width: 328.02pt;\" border=\"0\" width=\"328\" cellspacing=\"0\" cellpadding=\"0\">\n<tbody>\n<tr style=\"height: 15.20pt;\">\n<td class=\"et2\" style=\"height: 15.20pt; width: 101.70pt;\" width=\"101\" height=\"15\">Nom de la marque<\/td>\n<td class=\"et2\" style=\"width: 226.65pt;\" width=\"226\">Come Health\/ White Label<\/td>\n<\/tr>\n<tr style=\"height: 31.00pt;\">\n<td class=\"et2\" style=\"height: 31.00pt;\" height=\"31\">Avantages du produit<\/td>\n<td class=\"et3\" style=\"width: 226.65pt;\" width=\"226\">*Soutient la sant\u00e9 des os<br \/>*Soutient les fonctions nerveuses et immunitaires<\/td>\n<\/tr>\n<tr style=\"height: 15.20pt;\">\n<td class=\"et2\" style=\"height: 15.20pt;\" height=\"15\">Forme posologique<\/td>\n<td class=\"et2\">Gomme<\/td>\n<\/tr>\n<tr style=\"height: 15.20pt;\">\n<td class=\"et2\" style=\"height: 15.20pt;\" height=\"15\">Couleur<\/td>\n<td class=\"et2\">Rose, jaune, vert, violet<\/td>\n<\/tr>\n<tr style=\"height: 16.00pt;\">\n<td class=\"et2\" style=\"height: 16.00pt;\" height=\"16\">Saveur<\/td>\n<td class=\"et3\" style=\"width: 226.65pt;\" width=\"226\">Saveurs mixtes (ananas, pomme, myrtille)<\/td>\n<\/tr>\n<tr style=\"height: 15.20pt;\">\n<td class=\"et2\" style=\"height: 15.20pt;\" height=\"15\">Forme<\/td>\n<td class=\"et2\">Louveteau<\/td>\n<\/tr>\n<tr style=\"height: 15.20pt;\">\n<td class=\"et2\" style=\"height: 15.20pt;\" height=\"15\">Sp\u00e9cification du produit<\/td>\n<td class=\"et2\">60 unit\u00e9s\/bouteille<\/td>\n<\/tr>\n<tr style=\"height: 15.20pt;\">\n<td class=\"et2\" style=\"height: 15.20pt;\" height=\"15\">Dur\u00e9e de vie en rayon<\/td>\n<td class=\"et2\">24 mois<\/td>\n<\/tr>\n<tr style=\"height: 15.20pt;\">\n<td class=\"et2\" style=\"height: 15.20pt;\" height=\"15\">Dimensions (cm)<\/td>\n<td class=\"et2\">7X7X12<\/td>\n<\/tr>\n<tr style=\"height: 15.20pt;\">\n<td class=\"et2\" style=\"height: 15.20pt;\" height=\"15\">Poids net (kg)<\/td>\n<td class=\"et2\">0,22 kg<\/td>\n<\/tr>\n<tr style=\"height: 15.20pt;\">\n<td class=\"et2\" style=\"height: 15.20pt;\" height=\"15\">Personnalisation<\/td>\n<td class=\"et2\">Graphique, Logo, Paquet<\/td>\n<\/tr>\n<tr style=\"height: 15.20pt;\">\n<td class=\"et2\" style=\"height: 15.20pt;\" height=\"15\">Inventaire<\/td>\n<td class=\"et2\">En stock<\/td>\n<\/tr>\n<\/tbody>\n<\/table>","protected":false},"featured_media":967,"comment_status":"closed","ping_status":"closed","template":"","meta":{"_acf_changed":false},"product_brand":[],"product_cat":[40,34,32,49],"product_tag":[],"class_list":{"0":"post-965","1":"product","2":"type-product","3":"status-publish","4":"has-post-thumbnail","6":"product_cat-private-label-gummy-supplements","7":"product_cat-private-label-health-supplements","8":"product_cat-private-label-immune-supplements","9":"product_cat-nutritional-supplement-wholesale","11":"first","12":"instock","13":"shipping-taxable","14":"product-type-simple"},"acf":[],"_links":{"self":[{"href":"https:\/\/www.comehealthgroup.com\/fr\/wp-json\/wp\/v2\/product\/965","targetHints":{"allow":["GET"]}}],"collection":[{"href":"https:\/\/www.comehealthgroup.com\/fr\/wp-json\/wp\/v2\/product"}],"about":[{"href":"https:\/\/www.comehealthgroup.com\/fr\/wp-json\/wp\/v2\/types\/product"}],"replies":[{"embeddable":true,"href":"https:\/\/www.comehealthgroup.com\/fr\/wp-json\/wp\/v2\/comments?post=965"}],"wp:featuredmedia":[{"embeddable":true,"href":"https:\/\/www.comehealthgroup.com\/fr\/wp-json\/wp\/v2\/media\/967"}],"wp:attachment":[{"href":"https:\/\/www.comehealthgroup.com\/fr\/wp-json\/wp\/v2\/media?parent=965"}],"wp:term":[{"taxonomy":"product_brand","embeddable":true,"href":"https:\/\/www.comehealthgroup.com\/fr\/wp-json\/wp\/v2\/product_brand?post=965"},{"taxonomy":"product_cat","embeddable":true,"href":"https:\/\/www.comehealthgroup.com\/fr\/wp-json\/wp\/v2\/product_cat?post=965"},{"taxonomy":"product_tag","embeddable":true,"href":"https:\/\/www.comehealthgroup.com\/fr\/wp-json\/wp\/v2\/product_tag?post=965"}],"curies":[{"name":"wp","href":"https:\/\/api.w.org\/{rel}","templated":true}]}}