{"id":977,"date":"2024-12-16T09:04:26","date_gmt":"2024-12-16T09:04:26","guid":{"rendered":"https:\/\/www.comehealthgroup.com\/?post_type=product&#038;p=977"},"modified":"2024-12-16T09:21:43","modified_gmt":"2024-12-16T09:21:43","slug":"bulk-elderberry-gummies","status":"publish","type":"product","link":"https:\/\/www.comehealthgroup.com\/fr\/product\/bulk-elderberry-gummies\/","title":{"rendered":"Bulk Elderberry Gummies Supplements pour le soutien immunitaire"},"content":{"rendered":"<div class=\"wp-block-columns is-layout-flex wp-container-core-columns-is-layout-9d6595d7 wp-block-columns-is-layout-flex\">\n<div class=\"wp-block-column is-layout-flow wp-block-column-is-layout-flow\">\n<h2 class=\"wp-block-heading\">Caract\u00e9ristiques des gommes de sureau en vrac<\/h2>\n\n\n\n<ul class=\"wp-block-list\">\n<li><strong>Soutien puissant de la thyro\u00efde :<\/strong> Riches en algues et en sureau, nos gommes de sureau en vrac soutiennent la r\u00e9gulation et le fonctionnement de la thyro\u00efde, \u00e9quilibrant ainsi le m\u00e9tabolisme pour la vitalit\u00e9 et la sant\u00e9.<\/li>\n\n\n\n<li><strong>Soulager les sympt\u00f4mes de la grippe : <\/strong>Ces gommes de sureau de marque d\u00e9pos\u00e9e contiennent des antioxydants naturels provenant d'extraits de sureau qui aident \u00e0 stimuler le syst\u00e8me immunitaire, ce qui acc\u00e9l\u00e8re le soulagement des sympt\u00f4mes induits par la grippe tels que la toux, les maux de gorge et la fatigue.<\/li>\n\n\n\n<li><strong>Soutien immunitaire et digestif :<\/strong> Nos gommes de sureau en vrac renforceront l'immunit\u00e9, am\u00e9lioreront les fonctions digestives et la sant\u00e9 intestinale en g\u00e9n\u00e9ral gr\u00e2ce aux min\u00e9raux et aux fibres alimentaires pr\u00e9sents dans les algues, qui aident \u00e0 renforcer l'immunit\u00e9 du corps.<\/li>\n\n\n\n<li><strong>R\u00e9duire l'inflammation et les r\u00e9actions allergiques : <\/strong>La combinaison des deux ingr\u00e9dients principaux, les gommes de sureau de la marque de distributeur, vous permettra de rester \u00e0 l'aise lors des changements de saison ou des pics d'allergies, tout en apaisant les sympt\u00f4mes qui y sont li\u00e9s gr\u00e2ce \u00e0 ses propri\u00e9t\u00e9s anti-inflammatoires.<\/li>\n<\/ul>\n<\/div>\n\n\n\n<div class=\"wp-block-column is-layout-flow wp-block-column-is-layout-flow\">\n<figure class=\"wp-block-image size-full\"><img decoding=\"async\" width=\"1500\" height=\"1500\" src=\"https:\/\/www.comehealthgroup.com\/wp-content\/uploads\/2024\/12\/Bulk-Elderberry-Gummies-Supplements-For-Immune-Support-2.webp\" alt=\"Bulk Elderberry Gummies Supplements for Immune Support-2\" class=\"wp-image-979\" srcset=\"https:\/\/www.comehealthgroup.com\/wp-content\/uploads\/2024\/12\/Bulk-Elderberry-Gummies-Supplements-For-Immune-Support-2.webp 1500w, https:\/\/www.comehealthgroup.com\/wp-content\/uploads\/2024\/12\/Bulk-Elderberry-Gummies-Supplements-For-Immune-Support-2-300x300.webp 300w, https:\/\/www.comehealthgroup.com\/wp-content\/uploads\/2024\/12\/Bulk-Elderberry-Gummies-Supplements-For-Immune-Support-2-150x150.webp 150w, https:\/\/www.comehealthgroup.com\/wp-content\/uploads\/2024\/12\/Bulk-Elderberry-Gummies-Supplements-For-Immune-Support-2-768x768.webp 768w, https:\/\/www.comehealthgroup.com\/wp-content\/uploads\/2024\/12\/Bulk-Elderberry-Gummies-Supplements-For-Immune-Support-2-1200x1200.webp 1200w, https:\/\/www.comehealthgroup.com\/wp-content\/uploads\/2024\/12\/Bulk-Elderberry-Gummies-Supplements-For-Immune-Support-2-600x600.webp 600w, https:\/\/www.comehealthgroup.com\/wp-content\/uploads\/2024\/12\/Bulk-Elderberry-Gummies-Supplements-For-Immune-Support-2-100x100.webp 100w\" sizes=\"(max-width: 1500px) 100vw, 1500px\" \/><\/figure>\n<\/div>\n<\/div>\n\n\n\n<p><\/p>","protected":false},"excerpt":{"rendered":"<p>Bienvenue aux gommes de sureau de marque priv\u00e9e personnalis\u00e9e. Ce suppl\u00e9ment de gommes de sureau en vrac fournit un soutien \u00e0 la sant\u00e9 \u00e0 plusieurs voies qui renforce l'immunit\u00e9, normalise le fonctionnement de la thyro\u00efde, aide \u00e0 la digestion, soulage les conditions allergiques et diminue les conditions inflammatoires.<\/p>\n<table style=\"border-collapse: collapse; width: 328.02pt;\" border=\"0\" width=\"328\" cellspacing=\"0\" cellpadding=\"0\">\n<tbody>\n<tr style=\"height: 15.20pt;\">\n<td class=\"et2\" style=\"height: 15.20pt; width: 101.70pt;\" width=\"101\" height=\"15\">Nom de la marque<\/td>\n<td class=\"et2\" style=\"width: 226.65pt;\" width=\"226\">Come Health\/ White Label<\/td>\n<\/tr>\n<tr style=\"height: 61.00pt;\">\n<td class=\"et2\" style=\"height: 61.00pt;\" height=\"61\">Avantages du produit<\/td>\n<td class=\"et3\" style=\"width: 226.65pt;\" width=\"226\">*Soutien \u00e0 la thyro\u00efde<br \/>*Soulagement des sympt\u00f4mes de la grippe<br \/>*Soutien immunitaire et digestif<br \/>*Soutien \u00e0 l'inflammation et \u00e0 l'allergie<\/td>\n<\/tr>\n<tr style=\"height: 15.20pt;\">\n<td class=\"et2\" style=\"height: 15.20pt;\" height=\"15\">Forme posologique<\/td>\n<td class=\"et2\">Gomme<\/td>\n<\/tr>\n<tr style=\"height: 15.20pt;\">\n<td class=\"et2\" style=\"height: 15.20pt;\" height=\"15\">Couleur<\/td>\n<td class=\"et2\">Pourpre<\/td>\n<\/tr>\n<tr style=\"height: 16.00pt;\">\n<td class=\"et2\" style=\"height: 16.00pt;\" height=\"16\">Saveur<\/td>\n<td class=\"et3\" style=\"width: 226.65pt;\" width=\"226\">Myrtille<\/td>\n<\/tr>\n<tr style=\"height: 15.20pt;\">\n<td class=\"et2\" style=\"height: 15.20pt;\" height=\"15\">Forme<\/td>\n<td class=\"et2\">Louveteau<\/td>\n<\/tr>\n<tr style=\"height: 15.20pt;\">\n<td class=\"et2\" style=\"height: 15.20pt;\" height=\"15\">Sp\u00e9cification du produit<\/td>\n<td class=\"et2\">60 unit\u00e9s\/bouteille<\/td>\n<\/tr>\n<tr style=\"height: 15.20pt;\">\n<td class=\"et2\" style=\"height: 15.20pt;\" height=\"15\">Dur\u00e9e de vie en rayon<\/td>\n<td class=\"et2\">24 mois<\/td>\n<\/tr>\n<tr style=\"height: 15.20pt;\">\n<td class=\"et2\" style=\"height: 15.20pt;\" height=\"15\">Dimensions (cm)<\/td>\n<td class=\"et2\">7X7X12<\/td>\n<\/tr>\n<tr style=\"height: 15.20pt;\">\n<td class=\"et2\" style=\"height: 15.20pt;\" height=\"15\">Poids net (kg)<\/td>\n<td class=\"et2\">0,22 kg<\/td>\n<\/tr>\n<tr style=\"height: 15.20pt;\">\n<td class=\"et2\" style=\"height: 15.20pt;\" height=\"15\">Personnalisation<\/td>\n<td class=\"et2\">Graphique, Logo, Paquet<\/td>\n<\/tr>\n<tr style=\"height: 15.20pt;\">\n<td class=\"et2\" style=\"height: 15.20pt;\" height=\"15\">Inventaire<\/td>\n<td class=\"et2\">En stock<\/td>\n<\/tr>\n<\/tbody>\n<\/table>","protected":false},"featured_media":981,"comment_status":"closed","ping_status":"closed","template":"","meta":{"_acf_changed":false},"product_brand":[],"product_cat":[40,36,34,32,29],"product_tag":[],"class_list":{"0":"post-977","1":"product","2":"type-product","3":"status-publish","4":"has-post-thumbnail","6":"product_cat-private-label-gummy-supplements","7":"product_cat-private-label-beauty-supplements","8":"product_cat-private-label-health-supplements","9":"product_cat-private-label-immune-supplements","10":"product_cat-sports-supplements-wholesale","12":"first","13":"instock","14":"shipping-taxable","15":"product-type-simple"},"acf":[],"_links":{"self":[{"href":"https:\/\/www.comehealthgroup.com\/fr\/wp-json\/wp\/v2\/product\/977","targetHints":{"allow":["GET"]}}],"collection":[{"href":"https:\/\/www.comehealthgroup.com\/fr\/wp-json\/wp\/v2\/product"}],"about":[{"href":"https:\/\/www.comehealthgroup.com\/fr\/wp-json\/wp\/v2\/types\/product"}],"replies":[{"embeddable":true,"href":"https:\/\/www.comehealthgroup.com\/fr\/wp-json\/wp\/v2\/comments?post=977"}],"wp:featuredmedia":[{"embeddable":true,"href":"https:\/\/www.comehealthgroup.com\/fr\/wp-json\/wp\/v2\/media\/981"}],"wp:attachment":[{"href":"https:\/\/www.comehealthgroup.com\/fr\/wp-json\/wp\/v2\/media?parent=977"}],"wp:term":[{"taxonomy":"product_brand","embeddable":true,"href":"https:\/\/www.comehealthgroup.com\/fr\/wp-json\/wp\/v2\/product_brand?post=977"},{"taxonomy":"product_cat","embeddable":true,"href":"https:\/\/www.comehealthgroup.com\/fr\/wp-json\/wp\/v2\/product_cat?post=977"},{"taxonomy":"product_tag","embeddable":true,"href":"https:\/\/www.comehealthgroup.com\/fr\/wp-json\/wp\/v2\/product_tag?post=977"}],"curies":[{"name":"wp","href":"https:\/\/api.w.org\/{rel}","templated":true}]}}