{"id":992,"date":"2024-12-16T10:08:55","date_gmt":"2024-12-16T10:08:55","guid":{"rendered":"https:\/\/www.comehealthgroup.com\/?post_type=product&#038;p=992"},"modified":"2024-12-16T10:20:59","modified_gmt":"2024-12-16T10:20:59","slug":"bulk-glucosamine-chondroitin","status":"publish","type":"product","link":"https:\/\/www.comehealthgroup.com\/fr\/product\/bulk-glucosamine-chondroitin\/","title":{"rendered":"Glucosamine Chondro\u00eftine en vrac gomme pour la fonction articulaire"},"content":{"rendered":"<div class=\"wp-block-columns is-layout-flex wp-container-core-columns-is-layout-9d6595d7 wp-block-columns-is-layout-flex\">\n<div class=\"wp-block-column is-layout-flow wp-block-column-is-layout-flow\">\n<h2 class=\"wp-block-heading\">Caract\u00e9ristiques de la gomme de glucosamine et de chondro\u00eftine en vrac<\/h2>\n\n\n\n<ul class=\"wp-block-list\">\n<li><strong>Am\u00e9liorer la souplesse et la mobilit\u00e9 des articulations : <\/strong>Nos gommes de glucosamine et de chondro\u00eftine en vrac sont riches en glucosamine et en chondro\u00eftine, ce qui contribuera certainement \u00e0 am\u00e9liorer la flexibilit\u00e9 et la mobilit\u00e9 des articulations, en aidant \u00e0 maintenir des niveaux \u00e9lev\u00e9s de mobilit\u00e9 tout en r\u00e9duisant la raideur et l'inconfort de l'articulation.<\/li>\n\n\n\n<li><strong>Soutenir la fonction articulaire :<\/strong> Ce suppl\u00e9ment de gommes de glucosamine en vrac additionn\u00e9 de MSM et de sureau r\u00e9pare et prot\u00e8ge les tissus mous des articulations, assure la sant\u00e9 des articulations et la r\u00e9cup\u00e9ration fonctionnelle, et aide \u00e0 soulager l'inconfort caus\u00e9 soit par un usage excessif, soit simplement par le vieillissement.<\/li>\n\n\n\n<li><strong>Renforcer le syst\u00e8me immunitaire :<\/strong> Les gommes de glucosamine et de chondro\u00eftine en vrac m\u00e9langent les actions antioxydantes et immunitaires naturelles du sureau qui peuvent vous permettre de renforcer la d\u00e9fense de votre immunit\u00e9 et de renforcer le m\u00e9canisme de r\u00e9sistance de l'organisme pour garantir une bonne sant\u00e9.<\/li>\n\n\n\n<li><strong>D\u00e9licieux et facile \u00e0 consommer, il n'est pas n\u00e9cessaire de prendre des compl\u00e9ments alimentaires tous les jours : <\/strong>Ce suppl\u00e9ment de glucosamine en vrac sous forme de gommes rend le soin des articulations plus facile et plus d\u00e9licieux. Il n'est pas n\u00e9cessaire d'avaler des g\u00e9lules ou des comprim\u00e9s. Il est facile \u00e0 consommer tous les jours et convient \u00e0 tous les styles de vie.<\/li>\n<\/ul>\n<\/div>\n\n\n\n<div class=\"wp-block-column is-layout-flow wp-block-column-is-layout-flow\">\n<figure class=\"wp-block-image size-full\"><img decoding=\"async\" width=\"679\" height=\"679\" src=\"https:\/\/www.comehealthgroup.com\/wp-content\/uploads\/2024\/12\/Bulk-Glucosamine-Chondroitin-Gummy-For-Joint-Function-2.webp\" alt=\"Glucosamine Chondro\u00eftine en vrac gomme pour la fonction articulaire-2\" class=\"wp-image-994\" srcset=\"https:\/\/www.comehealthgroup.com\/wp-content\/uploads\/2024\/12\/Bulk-Glucosamine-Chondroitin-Gummy-For-Joint-Function-2.webp 679w, https:\/\/www.comehealthgroup.com\/wp-content\/uploads\/2024\/12\/Bulk-Glucosamine-Chondroitin-Gummy-For-Joint-Function-2-300x300.webp 300w, https:\/\/www.comehealthgroup.com\/wp-content\/uploads\/2024\/12\/Bulk-Glucosamine-Chondroitin-Gummy-For-Joint-Function-2-150x150.webp 150w, https:\/\/www.comehealthgroup.com\/wp-content\/uploads\/2024\/12\/Bulk-Glucosamine-Chondroitin-Gummy-For-Joint-Function-2-600x600.webp 600w, https:\/\/www.comehealthgroup.com\/wp-content\/uploads\/2024\/12\/Bulk-Glucosamine-Chondroitin-Gummy-For-Joint-Function-2-100x100.webp 100w\" sizes=\"(max-width: 679px) 100vw, 679px\" \/><\/figure>\n<\/div>\n<\/div>\n\n\n\n<p><\/p>","protected":false},"excerpt":{"rendered":"<p>Formul\u00e9es pour la sant\u00e9 des articulations, nos gommes de glucosamine et de chondro\u00eftine en vrac ajoutent des ingr\u00e9dients naturels \u00e0 votre r\u00e9gime de sant\u00e9, notamment de la glucosamine, de la chondro\u00eftine, du MSM et des baies de sureau pour am\u00e9liorer la souplesse des articulations, favoriser un meilleur fonctionnement des articulations et renforcer l'immunit\u00e9.<\/p>\n<table style=\"border-collapse: collapse; width: 328.02pt;\" border=\"0\" width=\"328\" cellspacing=\"0\" cellpadding=\"0\">\n<tbody>\n<tr style=\"height: 15.20pt;\">\n<td class=\"et2\" style=\"height: 15.20pt; width: 101.70pt;\" width=\"101\" height=\"15\">Nom de la marque<\/td>\n<td class=\"et2\" style=\"width: 226.65pt;\" width=\"226\">Come Health\/ White Label<\/td>\n<\/tr>\n<tr style=\"height: 46.00pt;\">\n<td class=\"et2\" style=\"height: 46.00pt;\" height=\"46\">Avantages du produit<\/td>\n<td class=\"et3\" style=\"width: 226.65pt;\" width=\"226\">*Mobilit\u00e9 et flexibilit\u00e9<br \/>*Soutien de la fonction articulaire<br \/>*Soutien du syst\u00e8me immunitaire<\/td>\n<\/tr>\n<tr style=\"height: 15.20pt;\">\n<td class=\"et2\" style=\"height: 15.20pt;\" height=\"15\">Forme posologique<\/td>\n<td class=\"et2\">Gomme<\/td>\n<\/tr>\n<tr style=\"height: 15.20pt;\">\n<td class=\"et2\" style=\"height: 15.20pt;\" height=\"15\">Couleur<\/td>\n<td class=\"et2\">Pourpre<\/td>\n<\/tr>\n<tr style=\"height: 16.00pt;\">\n<td class=\"et2\" style=\"height: 16.00pt;\" height=\"16\">Saveur<\/td>\n<td class=\"et3\" style=\"width: 226.65pt;\" width=\"226\">Myrtille<\/td>\n<\/tr>\n<tr style=\"height: 15.20pt;\">\n<td class=\"et2\" style=\"height: 15.20pt;\" height=\"15\">Forme<\/td>\n<td class=\"et2\">Louveteau<\/td>\n<\/tr>\n<tr style=\"height: 15.20pt;\">\n<td class=\"et2\" style=\"height: 15.20pt;\" height=\"15\">Sp\u00e9cification du produit<\/td>\n<td class=\"et2\">60 unit\u00e9s\/bouteille<\/td>\n<\/tr>\n<tr style=\"height: 15.20pt;\">\n<td class=\"et2\" style=\"height: 15.20pt;\" height=\"15\">Dur\u00e9e de vie en rayon<\/td>\n<td class=\"et2\">24 mois<\/td>\n<\/tr>\n<tr style=\"height: 15.20pt;\">\n<td class=\"et2\" style=\"height: 15.20pt;\" height=\"15\">Dimensions (cm)<\/td>\n<td class=\"et2\">7X7X12<\/td>\n<\/tr>\n<tr style=\"height: 15.20pt;\">\n<td class=\"et2\" style=\"height: 15.20pt;\" height=\"15\">Poids net (kg)<\/td>\n<td class=\"et2\">0,22 kg<\/td>\n<\/tr>\n<tr style=\"height: 15.20pt;\">\n<td class=\"et2\" style=\"height: 15.20pt;\" height=\"15\">Personnalisation<\/td>\n<td class=\"et2\">Graphique, Logo, Paquet<\/td>\n<\/tr>\n<tr style=\"height: 15.20pt;\">\n<td class=\"et2\" style=\"height: 15.20pt;\" height=\"15\">Inventaire<\/td>\n<td class=\"et2\">En stock<\/td>\n<\/tr>\n<\/tbody>\n<\/table>","protected":false},"featured_media":996,"comment_status":"closed","ping_status":"closed","template":"","meta":{"_acf_changed":false},"product_brand":[],"product_cat":[40,34,32,49],"product_tag":[],"class_list":{"0":"post-992","1":"product","2":"type-product","3":"status-publish","4":"has-post-thumbnail","6":"product_cat-private-label-gummy-supplements","7":"product_cat-private-label-health-supplements","8":"product_cat-private-label-immune-supplements","9":"product_cat-nutritional-supplement-wholesale","11":"first","12":"instock","13":"shipping-taxable","14":"product-type-simple"},"acf":[],"_links":{"self":[{"href":"https:\/\/www.comehealthgroup.com\/fr\/wp-json\/wp\/v2\/product\/992","targetHints":{"allow":["GET"]}}],"collection":[{"href":"https:\/\/www.comehealthgroup.com\/fr\/wp-json\/wp\/v2\/product"}],"about":[{"href":"https:\/\/www.comehealthgroup.com\/fr\/wp-json\/wp\/v2\/types\/product"}],"replies":[{"embeddable":true,"href":"https:\/\/www.comehealthgroup.com\/fr\/wp-json\/wp\/v2\/comments?post=992"}],"wp:featuredmedia":[{"embeddable":true,"href":"https:\/\/www.comehealthgroup.com\/fr\/wp-json\/wp\/v2\/media\/996"}],"wp:attachment":[{"href":"https:\/\/www.comehealthgroup.com\/fr\/wp-json\/wp\/v2\/media?parent=992"}],"wp:term":[{"taxonomy":"product_brand","embeddable":true,"href":"https:\/\/www.comehealthgroup.com\/fr\/wp-json\/wp\/v2\/product_brand?post=992"},{"taxonomy":"product_cat","embeddable":true,"href":"https:\/\/www.comehealthgroup.com\/fr\/wp-json\/wp\/v2\/product_cat?post=992"},{"taxonomy":"product_tag","embeddable":true,"href":"https:\/\/www.comehealthgroup.com\/fr\/wp-json\/wp\/v2\/product_tag?post=992"}],"curies":[{"name":"wp","href":"https:\/\/api.w.org\/{rel}","templated":true}]}}